{"id":15596,"date":"2025-08-20T08:07:12","date_gmt":"2025-08-20T08:07:12","guid":{"rendered":"https:\/\/bestseozone.com\/projects\/kviktrafikskole\/?page_id=15596"},"modified":"2025-08-20T08:07:50","modified_gmt":"2025-08-20T08:07:50","slug":"koreskole-osterbro","status":"publish","type":"page","link":"https:\/\/bestseozone.com\/projects\/kviktrafikskole\/koreskole-osterbro\/","title":{"rendered":"K\u00f8reskole \u00d8sterbro"},"content":{"rendered":"\t\t<div data-elementor-type=\"wp-page\" data-elementor-id=\"15596\" class=\"elementor elementor-15596\">\n\t\t\t\t<div data-ekitparallax=\"{&quot;ekit_section_parallax_bg&quot;:&quot;yes&quot;,&quot;ekit_section_parallax_bg_speed&quot;:0.5,&quot;elementor_lazy_load&quot;:&quot;1&quot;}\" class=\"elementor-element elementor-element-9022493 page-hero-section e-flex e-con-boxed e-con e-parent\" data-id=\"9022493\" data-element_type=\"container\" data-settings=\"{&quot;background_background&quot;:&quot;classic&quot;}\">\n\t\t\t\t\t<div class=\"e-con-inner\">\n\t\t<div class=\"elementor-element elementor-element-cbc65e2 e-con-full e-flex e-con e-child\" data-id=\"cbc65e2\" data-element_type=\"container\">\n\t\t\t\t<div class=\"elementor-element elementor-element-67d0387 at-heading-animation at-animation-heading-style-2 elementor-widget elementor-widget-heading\" data-id=\"67d0387\" data-element_type=\"widget\" data-settings=\"{&quot;ekit_we_effect_on&quot;:&quot;none&quot;}\" data-widget_type=\"heading.default\">\n\t\t\t\t\t<h1 class=\"elementor-heading-title elementor-size-default\"><span> K\u00f8reskole <\/span>\u00d8sterbro<\/h1>\t\t\t\t<\/div>\n\t\t\t\t<div class=\"elementor-element elementor-element-18c9076 elementor-invisible elementor-widget elementor-widget-elementskit-breadcrumb\" data-id=\"18c9076\" data-element_type=\"widget\" data-settings=\"{&quot;_animation&quot;:&quot;fadeInUp&quot;,&quot;ekit_we_effect_on&quot;:&quot;none&quot;}\" data-widget_type=\"elementskit-breadcrumb.default\">\n\t\t\t\t<div class=\"elementor-widget-container\">\n\t\t\t\t\t<div class=\"ekit-wid-con\" ><ol class=\"ekit-breadcrumb\"><li class=\"ekit_breadcrumbs_start\"><a href=\"https:\/\/bestseozone.com\/projects\/kviktrafikskole\">Home<\/a><\/li><\/ol><\/div>\t\t\t\t<\/div>\n\t\t\t\t<\/div>\n\t\t\t\t<\/div>\n\t\t\t\t\t<\/div>\n\t\t\t\t<\/div>\n\t\t<div class=\"elementor-element elementor-element-890eb4b e-flex e-con-boxed e-con e-parent\" data-id=\"890eb4b\" data-element_type=\"container\">\n\t\t\t\t\t<div class=\"e-con-inner\">\n\t\t<div class=\"elementor-element elementor-element-0f95027 e-con-full e-flex e-con e-child\" data-id=\"0f95027\" data-element_type=\"container\">\n\t\t\t\t<div class=\"elementor-element elementor-element-e1108ea my_css_h2 elementor-widget elementor-widget-text-editor\" data-id=\"e1108ea\" data-element_type=\"widget\" data-settings=\"{&quot;ekit_we_effect_on&quot;:&quot;none&quot;}\" data-widget_type=\"text-editor.default\">\n\t\t\t\t\t\t\t\t\t<div class=\"flex_column av-4vz41n-bc31c4f7286b86996dbdb8665b214109 av_one_half avia-builder-el-9 el_before_av_one_half avia-builder-el-first first av-break-at-tablet flex_column_table_cell av-equal-height-column av-align-top av-zero-column-padding \"><div class=\"template-page content av-content-full alpha units\"><div class=\"\"><div class=\"entry-content-wrapper clearfix\"><div class=\"flex_column_table av-3pkmcd-eca2bc92d746baeb6a550371ca4a67ec sc-av_one_half av-break-at-tablet-flextable av-equal-height-column-flextable\"><div class=\"flex_column av-3pkmcd-eca2bc92d746baeb6a550371ca4a67ec av_one_half avia-builder-el-9 el_before_av_one_half avia-builder-el-first first av-break-at-tablet flex_column_table_cell av-equal-height-column av-align-top av-zero-column-padding \"><div class=\"flex_column av-3pkmcd-eca2bc92d746baeb6a550371ca4a67ec av_one_half avia-builder-el-9 el_before_av_one_half avia-builder-el-first first av-break-at-tablet flex_column_table_cell av-equal-height-column av-align-top av-zero-column-padding \"><div class=\"flex_column av-lp73jn-56c1c9bf19b84073df3f9c4aa517a290 av_one_half avia-builder-el-9 el_before_av_one_half avia-builder-el-first first av-break-at-tablet flex_column_table_cell av-equal-height-column av-align-top av-zero-column-padding \"><div class=\"av-special-heading av-kpnwm5wu-7c979db46b5944ccf2fb2f10fba33392 av-special-heading-h2 blockquote modern-quote  avia-builder-el-10  el_before_av_textblock  avia-builder-el-first  margin-top-0\"><h2 class=\"av-special-heading-tag\">K\u00f8reskole \u2013 \u00d8sterbro<\/h2><\/div><section class=\"av_textblock_section av-kpnwmfrf-97351b41d63e5547e2ddb92b7d11f95f \"><div class=\"avia_textblock\"><p>Hos Kviktrafikskole har vi stor erfaring med at uddanne dygtige og sikre bilister. Vores k\u00f8reskole n\u00e6r \u00d8sterbro kan bryste sig af at have en af de bedste best\u00e5elsesprocenter i Stork\u00f8benhavn.<\/p><\/div><\/section><div class=\"av-special-heading av-kpnwmkyn-e27d6c1a1f6375f6f26138c96f4290f0 av-special-heading-h2 blockquote modern-quote  avia-builder-el-12  el_after_av_textblock  el_before_av_textblock \"><h2 class=\"av-special-heading-tag\">Fokus p\u00e5 kompetent undervisning<\/h2><\/div><section class=\"av_textblock_section av-kpnwmsbx-e5a14d3b9de76eb0085dfbfce12b08df \"><div class=\"avia_textblock\"><p>Vi g\u00e5r op i god kvalitet i undervisningen p\u00e5 vores k\u00f8reskole. Derfor bliver vores undervisere l\u00f8bende sendt p\u00e5 kurser og efteruddannelser. Vi vil nemlig gerne v\u00e6re med til at fremme f\u00e6rdselssikkerheden gennem vores dygtige elever. Der er ogs\u00e5 en god blanding af store og sm\u00e5 biler samt kvindelige og mandlige undervisere p\u00e5 vores k\u00f8reskole. S\u00e5 vi vil altid kunne finde en der passer til dine l\u00e6ringsbehov.<\/p><p>Vi s\u00e6tter ogs\u00e5 stor pris p\u00e5 komfort i undervisningen. Derfor har vi udstyret lokalet til teoriundervisning med l\u00e6kre og bl\u00f8de biografs\u00e6der. Vores k\u00f8reskole ligger ogs\u00e5 n\u00e6r forskelligt offentligt transport.<\/p><\/div><\/section><div class=\"av-special-heading av-kpnwn0t2-0878ee95ac68a265e8939cc8f8a73739 av-special-heading-h2 blockquote modern-quote  avia-builder-el-14  el_after_av_textblock  el_before_av_textblock \"><h2 class=\"av-special-heading-tag\">Konkurrencedygtige priser p\u00e5 k\u00f8reskole n\u00e6r \u00d8sterbro<\/h2><\/div><section class=\"av_textblock_section av-kpnwnmxv-6b3eb396b00c4443b5f256fc9cf70ed9 \"><div class=\"avia_textblock\"><p>Vi ved at det kan v\u00e6re en stor udgift at skulle erhverve sig et k\u00f8rekort. Derfor har vi altid attraktive og konkurrencedygtige priser, uden at vi g\u00e5r p\u00e5 kompromis med kvaliteten og vores service.<\/p><p>Kontakt din nye k\u00f8reskole n\u00e6r \u00d8sterbro for at h\u00f8re mere om hvordan vi kan hj\u00e6lpe dig. Vi kan kontaktes p\u00e5 e-mail <a href=\"mailto:mail@kviktrafikskole.dk\">mail@kviktrafikskole.dk<\/a> eller telefon <a href=\"tel:+4535355455\">35 35 54 55<\/a>. Vi ser frem til at l\u00e6re dig til at k\u00f8re bil.<\/p><\/div><\/section><\/div><\/div><\/div><\/div><\/div><\/div><\/div><\/div>\t\t\t\t\t\t\t\t<\/div>\n\t\t\t\t<div class=\"elementor-element elementor-element-b8869db elementor-align-center elementor-widget__width-initial elementor-widget elementor-widget-button\" data-id=\"b8869db\" data-element_type=\"widget\" data-settings=\"{&quot;ekit_we_effect_on&quot;:&quot;none&quot;}\" data-widget_type=\"button.default\">\n\t\t\t\t\t\t\t\t\t\t<a class=\"elementor-button elementor-button-link elementor-size-sm\" href=\"https:\/\/bestseozone.com\/projects\/kviktrafikskole\/tilmelding\/\">\n\t\t\t\t\t\t<span class=\"elementor-button-content-wrapper\">\n\t\t\t\t\t\t<span class=\"elementor-button-icon\">\n\t\t\t\t<i aria-hidden=\"true\" class=\"far fa-calendar-check\"><\/i>\t\t\t<\/span>\n\t\t\t\t\t\t\t\t\t<span class=\"elementor-button-text\">Tilmeld dig her<\/span>\n\t\t\t\t\t<\/span>\n\t\t\t\t\t<\/a>\n\t\t\t\t\t\t\t\t<\/div>\n\t\t\t\t<\/div>\n\t\t<div class=\"elementor-element elementor-element-4d8f73e e-con-full e-flex e-con e-child\" data-id=\"4d8f73e\" data-element_type=\"container\">\n\t\t\t\t<div class=\"elementor-element elementor-element-1244fb5 at-image-animation at-animation-image-none at-none elementor-widget elementor-widget-image\" data-id=\"1244fb5\" data-element_type=\"widget\" data-settings=\"{&quot;ekit_we_effect_on&quot;:&quot;none&quot;}\" data-widget_type=\"image.default\">\n\t\t\t\t\t\t\t\t\t\t\t\t\t\t\t<img fetchpriority=\"high\" decoding=\"async\" width=\"800\" height=\"534\" src=\"https:\/\/bestseozone.com\/projects\/kviktrafikskole\/wp-content\/uploads\/2025\/08\/ww-1024x683.jpg\" class=\"attachment-large size-large wp-image-14934\" alt=\"\" srcset=\"https:\/\/bestseozone.com\/projects\/kviktrafikskole\/wp-content\/uploads\/2025\/08\/ww-1024x683.jpg 1024w, https:\/\/bestseozone.com\/projects\/kviktrafikskole\/wp-content\/uploads\/2025\/08\/ww-300x200.jpg 300w, https:\/\/bestseozone.com\/projects\/kviktrafikskole\/wp-content\/uploads\/2025\/08\/ww-768x512.jpg 768w, https:\/\/bestseozone.com\/projects\/kviktrafikskole\/wp-content\/uploads\/2025\/08\/ww-1536x1024.jpg 1536w, https:\/\/bestseozone.com\/projects\/kviktrafikskole\/wp-content\/uploads\/2025\/08\/ww-2048x1366.jpg 2048w\" sizes=\"(max-width: 800px) 100vw, 800px\" \/>\t\t\t\t\t\t\t\t\t\t\t\t\t\t\t<\/div>\n\t\t\t\t<div class=\"elementor-element elementor-element-bf27490 at-image-animation at-animation-image-none at-none elementor-widget elementor-widget-image\" data-id=\"bf27490\" data-element_type=\"widget\" data-settings=\"{&quot;ekit_we_effect_on&quot;:&quot;none&quot;}\" data-widget_type=\"image.default\">\n\t\t\t\t\t\t\t\t\t\t\t\t\t\t\t<img decoding=\"async\" width=\"800\" height=\"534\" src=\"https:\/\/bestseozone.com\/projects\/kviktrafikskole\/wp-content\/uploads\/2025\/08\/B81I0075-scaled-1-1024x683.jpg\" class=\"attachment-large size-large wp-image-15025\" alt=\"\" srcset=\"https:\/\/bestseozone.com\/projects\/kviktrafikskole\/wp-content\/uploads\/2025\/08\/B81I0075-scaled-1-1024x683.jpg 1024w, https:\/\/bestseozone.com\/projects\/kviktrafikskole\/wp-content\/uploads\/2025\/08\/B81I0075-scaled-1-300x200.jpg 300w, https:\/\/bestseozone.com\/projects\/kviktrafikskole\/wp-content\/uploads\/2025\/08\/B81I0075-scaled-1-768x512.jpg 768w, https:\/\/bestseozone.com\/projects\/kviktrafikskole\/wp-content\/uploads\/2025\/08\/B81I0075-scaled-1-1536x1024.jpg 1536w, https:\/\/bestseozone.com\/projects\/kviktrafikskole\/wp-content\/uploads\/2025\/08\/B81I0075-scaled-1-2048x1366.jpg 2048w\" sizes=\"(max-width: 800px) 100vw, 800px\" \/>\t\t\t\t\t\t\t\t\t\t\t\t\t\t\t<\/div>\n\t\t\t\t<\/div>\n\t\t\t\t\t<\/div>\n\t\t\t\t<\/div>\n\t\t\t\t<\/div>\n\t\t","protected":false},"excerpt":{"rendered":"<p>K\u00f8reskole \u00d8sterbro Home K\u00f8reskole \u2013 \u00d8sterbro Hos Kviktrafikskole har [&hellip;]<\/p>\n","protected":false},"author":1,"featured_media":0,"parent":0,"menu_order":0,"comment_status":"closed","ping_status":"closed","template":"elementor_header_footer","meta":{"give_campaign_id":0,"footnotes":""},"class_list":["post-15596","page","type-page","status-publish","hentry"],"campaignId":"","_links":{"self":[{"href":"https:\/\/bestseozone.com\/projects\/kviktrafikskole\/wp-json\/wp\/v2\/pages\/15596","targetHints":{"allow":["GET"]}}],"collection":[{"href":"https:\/\/bestseozone.com\/projects\/kviktrafikskole\/wp-json\/wp\/v2\/pages"}],"about":[{"href":"https:\/\/bestseozone.com\/projects\/kviktrafikskole\/wp-json\/wp\/v2\/types\/page"}],"author":[{"embeddable":true,"href":"https:\/\/bestseozone.com\/projects\/kviktrafikskole\/wp-json\/wp\/v2\/users\/1"}],"replies":[{"embeddable":true,"href":"https:\/\/bestseozone.com\/projects\/kviktrafikskole\/wp-json\/wp\/v2\/comments?post=15596"}],"version-history":[{"count":4,"href":"https:\/\/bestseozone.com\/projects\/kviktrafikskole\/wp-json\/wp\/v2\/pages\/15596\/revisions"}],"predecessor-version":[{"id":15600,"href":"https:\/\/bestseozone.com\/projects\/kviktrafikskole\/wp-json\/wp\/v2\/pages\/15596\/revisions\/15600"}],"wp:attachment":[{"href":"https:\/\/bestseozone.com\/projects\/kviktrafikskole\/wp-json\/wp\/v2\/media?parent=15596"}],"curies":[{"name":"wp","href":"https:\/\/api.w.org\/{rel}","templated":true}]}}