{"id":15583,"date":"2025-08-20T07:57:33","date_gmt":"2025-08-20T07:57:33","guid":{"rendered":"https:\/\/bestseozone.com\/projects\/kviktrafikskole\/?page_id=15583"},"modified":"2025-08-20T07:58:26","modified_gmt":"2025-08-20T07:58:26","slug":"koreskole-gentofte","status":"publish","type":"page","link":"https:\/\/bestseozone.com\/projects\/kviktrafikskole\/koreskole-gentofte\/","title":{"rendered":"K\u00f8reskole Gentofte"},"content":{"rendered":"\t\t<div data-elementor-type=\"wp-page\" data-elementor-id=\"15583\" class=\"elementor elementor-15583\">\n\t\t\t\t<div data-ekitparallax=\"{&quot;ekit_section_parallax_bg&quot;:&quot;yes&quot;,&quot;ekit_section_parallax_bg_speed&quot;:0.5,&quot;elementor_lazy_load&quot;:&quot;1&quot;}\" class=\"elementor-element elementor-element-9022493 page-hero-section e-flex e-con-boxed e-con e-parent\" data-id=\"9022493\" data-element_type=\"container\" data-settings=\"{&quot;background_background&quot;:&quot;classic&quot;}\">\n\t\t\t\t\t<div class=\"e-con-inner\">\n\t\t<div class=\"elementor-element elementor-element-cbc65e2 e-con-full e-flex e-con e-child\" data-id=\"cbc65e2\" data-element_type=\"container\">\n\t\t\t\t<div class=\"elementor-element elementor-element-67d0387 at-heading-animation at-animation-heading-style-2 elementor-widget elementor-widget-heading\" data-id=\"67d0387\" data-element_type=\"widget\" data-settings=\"{&quot;ekit_we_effect_on&quot;:&quot;none&quot;}\" data-widget_type=\"heading.default\">\n\t\t\t\t\t<h1 class=\"elementor-heading-title elementor-size-default\"><span> K\u00f8reskole <\/span>Gentofte<\/h1>\t\t\t\t<\/div>\n\t\t\t\t<div class=\"elementor-element elementor-element-18c9076 elementor-invisible elementor-widget elementor-widget-elementskit-breadcrumb\" data-id=\"18c9076\" data-element_type=\"widget\" data-settings=\"{&quot;_animation&quot;:&quot;fadeInUp&quot;,&quot;ekit_we_effect_on&quot;:&quot;none&quot;}\" data-widget_type=\"elementskit-breadcrumb.default\">\n\t\t\t\t<div class=\"elementor-widget-container\">\n\t\t\t\t\t<div class=\"ekit-wid-con\" ><ol class=\"ekit-breadcrumb\"><li class=\"ekit_breadcrumbs_start\"><a href=\"https:\/\/bestseozone.com\/projects\/kviktrafikskole\">Home<\/a><\/li><\/ol><\/div>\t\t\t\t<\/div>\n\t\t\t\t<\/div>\n\t\t\t\t<\/div>\n\t\t\t\t\t<\/div>\n\t\t\t\t<\/div>\n\t\t<div class=\"elementor-element elementor-element-890eb4b e-flex e-con-boxed e-con e-parent\" data-id=\"890eb4b\" data-element_type=\"container\">\n\t\t\t\t\t<div class=\"e-con-inner\">\n\t\t<div class=\"elementor-element elementor-element-0f95027 e-con-full e-flex e-con e-child\" data-id=\"0f95027\" data-element_type=\"container\">\n\t\t\t\t<div class=\"elementor-element elementor-element-e1108ea my_css_h2 elementor-widget elementor-widget-text-editor\" data-id=\"e1108ea\" data-element_type=\"widget\" data-settings=\"{&quot;ekit_we_effect_on&quot;:&quot;none&quot;}\" data-widget_type=\"text-editor.default\">\n\t\t\t\t\t\t\t\t\t<div class=\"flex_column av-4vz41n-bc31c4f7286b86996dbdb8665b214109 av_one_half avia-builder-el-9 el_before_av_one_half avia-builder-el-first first av-break-at-tablet flex_column_table_cell av-equal-height-column av-align-top av-zero-column-padding \"><div class=\"template-page content av-content-full alpha units\"><div class=\"\"><div class=\"entry-content-wrapper clearfix\"><div class=\"flex_column_table av-3pkmcd-eca2bc92d746baeb6a550371ca4a67ec sc-av_one_half av-break-at-tablet-flextable av-equal-height-column-flextable\"><div class=\"flex_column av-3pkmcd-eca2bc92d746baeb6a550371ca4a67ec av_one_half avia-builder-el-9 el_before_av_one_half avia-builder-el-first first av-break-at-tablet flex_column_table_cell av-equal-height-column av-align-top av-zero-column-padding \"><div class=\"flex_column av-3pkmcd-eca2bc92d746baeb6a550371ca4a67ec av_one_half avia-builder-el-9 el_before_av_one_half avia-builder-el-first first av-break-at-tablet flex_column_table_cell av-equal-height-column av-align-top av-zero-column-padding \"><div class=\"av-special-heading av-kpnwhco8-ec3f935aaf8662dfb6a39e8038f0a52f av-special-heading-h2 blockquote modern-quote  avia-builder-el-10  el_before_av_textblock  avia-builder-el-first  margin-top-0\"><h2 class=\"av-special-heading-tag\">K\u00f8reskole \u2013 Gentofte<\/h2><\/div><section class=\"av_textblock_section av-kpnwhj8b-350727f6149d32bf1129f634a83936f7 \"><div class=\"avia_textblock\"><p>Hos vores k\u00f8reskole n\u00e6r Gentofte l\u00e6gger vi stor v\u00e6gt p\u00e5 at uddanne sikre og dygtige bilister.<\/p><p>Vi har b\u00e5de dygtige kvindelige og mandlige k\u00f8rel\u00e6rer som k\u00f8rer i en blanding af store og sm\u00e5 biler. S\u00e5 vi kan altid finde en l\u00f8sning der passer til dine l\u00e6ringsbehov. Der er ogs\u00e5 mulighed for at skifte l\u00e6re undervejs i forl\u00f8bet hvis kemien ikke lige passer.<\/p><\/div><\/section><div class=\"av-special-heading av-kpnwhnzj-76f87e03d9885d7a501c623e36edf6f7 av-special-heading-h2 blockquote modern-quote  avia-builder-el-12  el_after_av_textblock  el_before_av_textblock \"><h2 class=\"av-special-heading-tag\">Undervisning p\u00e5 vores k\u00f8reskole er meget grundig<\/h2><\/div><section class=\"av_textblock_section av-kpnwhvfu-5501d40a8651744847fe60c0198ee321 \"><div class=\"avia_textblock\"><p>Vores k\u00f8reundervisning s\u00e5vel som teoriundervisning er altid grundig, hvilket ogs\u00e5 kan se i vores best\u00e5elsesprocent som er en af Stork\u00f8benhavns h\u00f8jeste. Vi sender l\u00f8bende underviserne p\u00e5 vores k\u00f8reskole n\u00e6r Gentofte til kurser og efteruddannelse. S\u00e5 du f\u00e5r den bedst mulige undervisning.<\/p><p>Vi g\u00e5r ogs\u00e5 op i komfort og har derfor udstyret vores undervisningslokale med biografs\u00e6der.<\/p><\/div><\/section><div class=\"av-special-heading av-kpnwi0sn-4532d483ffd3ed6cabc94c27300a6451 av-special-heading-h2 blockquote modern-quote  avia-builder-el-14  el_after_av_textblock  el_before_av_textblock \"><h2 class=\"av-special-heading-tag\">Attraktive og konkurrencedygtige priser<\/h2><\/div><section class=\"av_textblock_section av-kpnwii72-71c1f12930085d11ef07f99361909e33 \"><div class=\"avia_textblock\"><p>Vi ved at det kan v\u00e6re dyrt at anskaffe sig et k\u00f8rekort. Derfor v\u00e6gter vi attraktive og konkurrencedygtige priser h\u00f8jt.<\/p><p>Kontakt os p\u00e5 telefon <a href=\"tel:+4535355455\">35 35 54 55<\/a> eller mail <a href=\"mailto:mail@kviktrafikskole.dk\">mail@kviktrafikskole.dk<\/a> og h\u00f8r mere om hvordan vi kan hj\u00e6lpe dig til at blive en god bilist. Vores k\u00f8reskole n\u00e6r Gentofte ligger t\u00e6t p\u00e5 offentlig transport.<\/p><\/div><\/section><\/div><\/div><\/div><\/div><\/div><\/div><\/div>\t\t\t\t\t\t\t\t<\/div>\n\t\t\t\t<div class=\"elementor-element elementor-element-b8869db elementor-align-center elementor-widget__width-initial elementor-widget elementor-widget-button\" data-id=\"b8869db\" data-element_type=\"widget\" data-settings=\"{&quot;ekit_we_effect_on&quot;:&quot;none&quot;}\" data-widget_type=\"button.default\">\n\t\t\t\t\t\t\t\t\t\t<a class=\"elementor-button elementor-button-link elementor-size-sm\" href=\"https:\/\/bestseozone.com\/projects\/kviktrafikskole\/tilmelding\/\">\n\t\t\t\t\t\t<span class=\"elementor-button-content-wrapper\">\n\t\t\t\t\t\t<span class=\"elementor-button-icon\">\n\t\t\t\t<i aria-hidden=\"true\" class=\"far fa-calendar-check\"><\/i>\t\t\t<\/span>\n\t\t\t\t\t\t\t\t\t<span class=\"elementor-button-text\">Tilmeld dig her<\/span>\n\t\t\t\t\t<\/span>\n\t\t\t\t\t<\/a>\n\t\t\t\t\t\t\t\t<\/div>\n\t\t\t\t<\/div>\n\t\t<div class=\"elementor-element elementor-element-4d8f73e e-con-full e-flex e-con e-child\" data-id=\"4d8f73e\" data-element_type=\"container\">\n\t\t\t\t<div class=\"elementor-element elementor-element-1244fb5 at-image-animation at-animation-image-none at-none elementor-widget elementor-widget-image\" data-id=\"1244fb5\" data-element_type=\"widget\" data-settings=\"{&quot;ekit_we_effect_on&quot;:&quot;none&quot;}\" data-widget_type=\"image.default\">\n\t\t\t\t\t\t\t\t\t\t\t\t\t\t\t<img fetchpriority=\"high\" decoding=\"async\" width=\"800\" height=\"534\" src=\"https:\/\/bestseozone.com\/projects\/kviktrafikskole\/wp-content\/uploads\/2025\/08\/ww-1024x683.jpg\" class=\"attachment-large size-large wp-image-14934\" alt=\"\" srcset=\"https:\/\/bestseozone.com\/projects\/kviktrafikskole\/wp-content\/uploads\/2025\/08\/ww-1024x683.jpg 1024w, https:\/\/bestseozone.com\/projects\/kviktrafikskole\/wp-content\/uploads\/2025\/08\/ww-300x200.jpg 300w, https:\/\/bestseozone.com\/projects\/kviktrafikskole\/wp-content\/uploads\/2025\/08\/ww-768x512.jpg 768w, https:\/\/bestseozone.com\/projects\/kviktrafikskole\/wp-content\/uploads\/2025\/08\/ww-1536x1024.jpg 1536w, https:\/\/bestseozone.com\/projects\/kviktrafikskole\/wp-content\/uploads\/2025\/08\/ww-2048x1366.jpg 2048w\" sizes=\"(max-width: 800px) 100vw, 800px\" \/>\t\t\t\t\t\t\t\t\t\t\t\t\t\t\t<\/div>\n\t\t\t\t<div class=\"elementor-element elementor-element-bf27490 at-image-animation at-animation-image-none at-none elementor-widget elementor-widget-image\" data-id=\"bf27490\" data-element_type=\"widget\" data-settings=\"{&quot;ekit_we_effect_on&quot;:&quot;none&quot;}\" data-widget_type=\"image.default\">\n\t\t\t\t\t\t\t\t\t\t\t\t\t\t\t<img decoding=\"async\" width=\"800\" height=\"534\" src=\"https:\/\/bestseozone.com\/projects\/kviktrafikskole\/wp-content\/uploads\/2025\/08\/B81I0075-scaled-1-1024x683.jpg\" class=\"attachment-large size-large wp-image-15025\" alt=\"\" srcset=\"https:\/\/bestseozone.com\/projects\/kviktrafikskole\/wp-content\/uploads\/2025\/08\/B81I0075-scaled-1-1024x683.jpg 1024w, https:\/\/bestseozone.com\/projects\/kviktrafikskole\/wp-content\/uploads\/2025\/08\/B81I0075-scaled-1-300x200.jpg 300w, https:\/\/bestseozone.com\/projects\/kviktrafikskole\/wp-content\/uploads\/2025\/08\/B81I0075-scaled-1-768x512.jpg 768w, https:\/\/bestseozone.com\/projects\/kviktrafikskole\/wp-content\/uploads\/2025\/08\/B81I0075-scaled-1-1536x1024.jpg 1536w, https:\/\/bestseozone.com\/projects\/kviktrafikskole\/wp-content\/uploads\/2025\/08\/B81I0075-scaled-1-2048x1366.jpg 2048w\" sizes=\"(max-width: 800px) 100vw, 800px\" \/>\t\t\t\t\t\t\t\t\t\t\t\t\t\t\t<\/div>\n\t\t\t\t<\/div>\n\t\t\t\t\t<\/div>\n\t\t\t\t<\/div>\n\t\t\t\t<\/div>\n\t\t","protected":false},"excerpt":{"rendered":"<p>K\u00f8reskole Gentofte Home K\u00f8reskole \u2013 Gentofte Hos vores k\u00f8reskole [&hellip;]<\/p>\n","protected":false},"author":1,"featured_media":0,"parent":0,"menu_order":0,"comment_status":"closed","ping_status":"closed","template":"elementor_header_footer","meta":{"give_campaign_id":0,"footnotes":""},"class_list":["post-15583","page","type-page","status-publish","hentry"],"campaignId":"","_links":{"self":[{"href":"https:\/\/bestseozone.com\/projects\/kviktrafikskole\/wp-json\/wp\/v2\/pages\/15583","targetHints":{"allow":["GET"]}}],"collection":[{"href":"https:\/\/bestseozone.com\/projects\/kviktrafikskole\/wp-json\/wp\/v2\/pages"}],"about":[{"href":"https:\/\/bestseozone.com\/projects\/kviktrafikskole\/wp-json\/wp\/v2\/types\/page"}],"author":[{"embeddable":true,"href":"https:\/\/bestseozone.com\/projects\/kviktrafikskole\/wp-json\/wp\/v2\/users\/1"}],"replies":[{"embeddable":true,"href":"https:\/\/bestseozone.com\/projects\/kviktrafikskole\/wp-json\/wp\/v2\/comments?post=15583"}],"version-history":[{"count":4,"href":"https:\/\/bestseozone.com\/projects\/kviktrafikskole\/wp-json\/wp\/v2\/pages\/15583\/revisions"}],"predecessor-version":[{"id":15587,"href":"https:\/\/bestseozone.com\/projects\/kviktrafikskole\/wp-json\/wp\/v2\/pages\/15583\/revisions\/15587"}],"wp:attachment":[{"href":"https:\/\/bestseozone.com\/projects\/kviktrafikskole\/wp-json\/wp\/v2\/media?parent=15583"}],"curies":[{"name":"wp","href":"https:\/\/api.w.org\/{rel}","templated":true}]}}