{"id":15561,"date":"2025-08-20T07:49:49","date_gmt":"2025-08-20T07:49:49","guid":{"rendered":"https:\/\/bestseozone.com\/projects\/kviktrafikskole\/?page_id=15561"},"modified":"2025-08-20T07:56:40","modified_gmt":"2025-08-20T07:56:40","slug":"korekort-hvidovre","status":"publish","type":"page","link":"https:\/\/bestseozone.com\/projects\/kviktrafikskole\/korekort-hvidovre\/","title":{"rendered":"K\u00f8rekort Hvidovre"},"content":{"rendered":"\t\t<div data-elementor-type=\"wp-page\" data-elementor-id=\"15561\" class=\"elementor elementor-15561\">\n\t\t\t\t<div data-ekitparallax=\"{&quot;ekit_section_parallax_bg&quot;:&quot;yes&quot;,&quot;ekit_section_parallax_bg_speed&quot;:0.5,&quot;elementor_lazy_load&quot;:&quot;1&quot;}\" class=\"elementor-element elementor-element-9022493 page-hero-section e-flex e-con-boxed e-con e-parent\" data-id=\"9022493\" data-element_type=\"container\" data-settings=\"{&quot;background_background&quot;:&quot;classic&quot;}\">\n\t\t\t\t\t<div class=\"e-con-inner\">\n\t\t<div class=\"elementor-element elementor-element-cbc65e2 e-con-full e-flex e-con e-child\" data-id=\"cbc65e2\" data-element_type=\"container\">\n\t\t\t\t<div class=\"elementor-element elementor-element-67d0387 at-heading-animation at-animation-heading-style-2 elementor-widget elementor-widget-heading\" data-id=\"67d0387\" data-element_type=\"widget\" data-settings=\"{&quot;ekit_we_effect_on&quot;:&quot;none&quot;}\" data-widget_type=\"heading.default\">\n\t\t\t\t\t<h1 class=\"elementor-heading-title elementor-size-default\"><span> K\u00f8rekort <\/span>Hvidovre <\/h1>\t\t\t\t<\/div>\n\t\t\t\t<div class=\"elementor-element elementor-element-18c9076 elementor-invisible elementor-widget elementor-widget-elementskit-breadcrumb\" data-id=\"18c9076\" data-element_type=\"widget\" data-settings=\"{&quot;_animation&quot;:&quot;fadeInUp&quot;,&quot;ekit_we_effect_on&quot;:&quot;none&quot;}\" data-widget_type=\"elementskit-breadcrumb.default\">\n\t\t\t\t<div class=\"elementor-widget-container\">\n\t\t\t\t\t<div class=\"ekit-wid-con\" ><ol class=\"ekit-breadcrumb\"><li class=\"ekit_breadcrumbs_start\"><a href=\"https:\/\/bestseozone.com\/projects\/kviktrafikskole\">Home<\/a><\/li><\/ol><\/div>\t\t\t\t<\/div>\n\t\t\t\t<\/div>\n\t\t\t\t<\/div>\n\t\t\t\t\t<\/div>\n\t\t\t\t<\/div>\n\t\t<div class=\"elementor-element elementor-element-890eb4b e-flex e-con-boxed e-con e-parent\" data-id=\"890eb4b\" data-element_type=\"container\">\n\t\t\t\t\t<div class=\"e-con-inner\">\n\t\t<div class=\"elementor-element elementor-element-0f95027 e-con-full e-flex e-con e-child\" data-id=\"0f95027\" data-element_type=\"container\">\n\t\t\t\t<div class=\"elementor-element elementor-element-e1108ea my_css_h2 elementor-widget elementor-widget-text-editor\" data-id=\"e1108ea\" data-element_type=\"widget\" data-settings=\"{&quot;ekit_we_effect_on&quot;:&quot;none&quot;}\" data-widget_type=\"text-editor.default\">\n\t\t\t\t\t\t\t\t\t<div class=\"flex_column av-4vz41n-bc31c4f7286b86996dbdb8665b214109 av_one_half avia-builder-el-9 el_before_av_one_half avia-builder-el-first first av-break-at-tablet flex_column_table_cell av-equal-height-column av-align-top av-zero-column-padding \"><div class=\"template-page content av-content-full alpha units\"><div class=\"\"><div class=\"entry-content-wrapper clearfix\"><div class=\"flex_column_table av-3pkmcd-eca2bc92d746baeb6a550371ca4a67ec sc-av_one_half av-break-at-tablet-flextable av-equal-height-column-flextable\"><div class=\"flex_column av-3pkmcd-eca2bc92d746baeb6a550371ca4a67ec av_one_half avia-builder-el-9 el_before_av_one_half avia-builder-el-first first av-break-at-tablet flex_column_table_cell av-equal-height-column av-align-top av-zero-column-padding \"><div class=\"flex_column av-3pkmcd-eca2bc92d746baeb6a550371ca4a67ec av_one_half avia-builder-el-9 el_before_av_one_half avia-builder-el-first first av-break-at-tablet flex_column_table_cell av-equal-height-column av-align-top av-zero-column-padding \"><div class=\"av-special-heading av-kpnx44fu-4e96e8035f7b3e86479f6eda0d2b8cd6 av-special-heading-h2 blockquote modern-quote  avia-builder-el-10  el_before_av_textblock  avia-builder-el-first  margin-top-0\"><h2 class=\"av-special-heading-tag\">K\u00f8rekort i Hvidovre<\/h2><\/div><section class=\"av_textblock_section av-kpnx48vw-a0d71115f000afab6ace3778da6bcda0 \"><div class=\"avia_textblock\"><p>Hos Kviktrafikskole g\u00e5r vi op i at tilbyde effektiv og grundig undervisning, n\u00e5r du skal tage k\u00f8rekort hos os. Vores skole n\u00e6r Hvidovre er indrettet, s\u00e5 du har de bedste foruds\u00e6tninger for hurtigt at tage dit nye k\u00f8rekort.<\/p><p>Vi hj\u00e6lper dig med hurtigt at erhverve, eller generhverve, dit k\u00f8rekort hos os. I vores undervisning v\u00e6gter vi kvalitet og tryghed h\u00f8jt. B\u00e5de i teori- og praktisk undervisning. Vi vil nemlig gerne sikre os, at du bliver en f\u00e6rdselssikker bilist, n\u00e5r du tager dit k\u00f8rekort hos os.<\/p><\/div><\/section><div class=\"av-special-heading av-kpnx4ibs-863a2566b7c1c7b8885400b651dfa240 av-special-heading-h2 blockquote modern-quote  avia-builder-el-12  el_after_av_textblock  el_before_av_textblock \"><h2 class=\"av-special-heading-tag\">Optimal indl\u00e6ring<\/h2><\/div><section class=\"av_textblock_section av-kpnx4xd5-42d911722b11e18894dd8660eddea31b \"><div class=\"avia_textblock\"><p>Vi ved, at alle har forskellige m\u00e5der at l\u00e6re p\u00e5. Derfor har vi fokus p\u00e5 den enkelte elevs indl\u00e6ring, n\u00e5r man tager k\u00f8rekort hos os. Vi har et udvalg af store og sm\u00e5 biler, samt flere mandlige og kvindelige l\u00e6rere. S\u00e5dan kan vi finde frem til den kombination, der fremmer din indl\u00e6ring bedst, n\u00e5r du skal igang med den praktiske undervisning.<\/p><p>Alle vores undervisere, teori som praktisk, er veluddannede og bliver l\u00f8bende sendt p\u00e5 kurser og videreuddannelse. Det g\u00f8r vi for at sikre, at vi kan opretholde vores h\u00f8je undervisningsniveau. P\u00e5 den m\u00e5de kan vi ogs\u00e5 blive ved med at have best\u00e5elsesprocenter, der er helt i top.<\/p><\/div><\/section><div class=\"av-special-heading av-kpnx5k09-86c670290d57a478f913f8de836f22c6 av-special-heading-h2 blockquote modern-quote  avia-builder-el-14  el_after_av_textblock  el_before_av_textblock \"><h2 class=\"av-special-heading-tag\">Tag dit k\u00f8rekort til en attraktiv pris<\/h2><\/div><section class=\"av_textblock_section av-kpnx6255-e1c587dfa0c81b540390f20f20f15af4 \"><div class=\"avia_textblock\"><p>N\u00e5r du skal tage dit k\u00f8rekort hos os, er du sikker p\u00e5, at det er til konkurrencedygtige priser. Vi holder altid lave priser p\u00e5 vores lovpakke, men g\u00e5r aldrig p\u00e5 kompromis med kvaliteten af vores undervisning.<\/p><p>Kontakt os p\u00e5 telefon <a href=\"tel:4535355455\">35 35 54 55<\/a> eller p\u00e5 mail <a href=\"mailto:mail@kviktrafikskole.dk\">mail@kviktrafikskole.dk<\/a> hvis du vil h\u00f8re mere om, hvordan det er at tage k\u00f8rekort hos os. Du kan ogs\u00e5 nemt tilmelde dig et af vores kommende hold online.<\/p><\/div><\/section><\/div><\/div><\/div><\/div><\/div><\/div><\/div>\t\t\t\t\t\t\t\t<\/div>\n\t\t\t\t<div class=\"elementor-element elementor-element-31c3adf elementor-align-center elementor-widget__width-initial elementor-widget elementor-widget-button\" data-id=\"31c3adf\" data-element_type=\"widget\" data-settings=\"{&quot;ekit_we_effect_on&quot;:&quot;none&quot;}\" data-widget_type=\"button.default\">\n\t\t\t\t\t\t\t\t\t\t<a class=\"elementor-button elementor-button-link elementor-size-sm\" href=\"https:\/\/bestseozone.com\/projects\/kviktrafikskole\/tilmelding\/\">\n\t\t\t\t\t\t<span class=\"elementor-button-content-wrapper\">\n\t\t\t\t\t\t<span class=\"elementor-button-icon\">\n\t\t\t\t<i aria-hidden=\"true\" class=\"far fa-calendar-check\"><\/i>\t\t\t<\/span>\n\t\t\t\t\t\t\t\t\t<span class=\"elementor-button-text\">Tilmeld dig her<\/span>\n\t\t\t\t\t<\/span>\n\t\t\t\t\t<\/a>\n\t\t\t\t\t\t\t\t<\/div>\n\t\t\t\t<\/div>\n\t\t<div class=\"elementor-element elementor-element-4d8f73e e-con-full e-flex e-con e-child\" data-id=\"4d8f73e\" data-element_type=\"container\">\n\t\t\t\t<div class=\"elementor-element elementor-element-1244fb5 at-image-animation at-animation-image-none at-none elementor-widget elementor-widget-image\" data-id=\"1244fb5\" data-element_type=\"widget\" data-settings=\"{&quot;ekit_we_effect_on&quot;:&quot;none&quot;}\" data-widget_type=\"image.default\">\n\t\t\t\t\t\t\t\t\t\t\t\t\t\t\t<img fetchpriority=\"high\" decoding=\"async\" width=\"800\" height=\"534\" src=\"https:\/\/bestseozone.com\/projects\/kviktrafikskole\/wp-content\/uploads\/2025\/08\/ww-1024x683.jpg\" class=\"attachment-large size-large wp-image-14934\" alt=\"\" srcset=\"https:\/\/bestseozone.com\/projects\/kviktrafikskole\/wp-content\/uploads\/2025\/08\/ww-1024x683.jpg 1024w, https:\/\/bestseozone.com\/projects\/kviktrafikskole\/wp-content\/uploads\/2025\/08\/ww-300x200.jpg 300w, https:\/\/bestseozone.com\/projects\/kviktrafikskole\/wp-content\/uploads\/2025\/08\/ww-768x512.jpg 768w, https:\/\/bestseozone.com\/projects\/kviktrafikskole\/wp-content\/uploads\/2025\/08\/ww-1536x1024.jpg 1536w, https:\/\/bestseozone.com\/projects\/kviktrafikskole\/wp-content\/uploads\/2025\/08\/ww-2048x1366.jpg 2048w\" sizes=\"(max-width: 800px) 100vw, 800px\" \/>\t\t\t\t\t\t\t\t\t\t\t\t\t\t\t<\/div>\n\t\t\t\t<div class=\"elementor-element elementor-element-bf27490 at-image-animation at-animation-image-none at-none elementor-widget elementor-widget-image\" data-id=\"bf27490\" data-element_type=\"widget\" data-settings=\"{&quot;ekit_we_effect_on&quot;:&quot;none&quot;}\" data-widget_type=\"image.default\">\n\t\t\t\t\t\t\t\t\t\t\t\t\t\t\t<img decoding=\"async\" width=\"800\" height=\"534\" src=\"https:\/\/bestseozone.com\/projects\/kviktrafikskole\/wp-content\/uploads\/2025\/08\/B81I0075-scaled-1-1024x683.jpg\" class=\"attachment-large size-large wp-image-15025\" alt=\"\" srcset=\"https:\/\/bestseozone.com\/projects\/kviktrafikskole\/wp-content\/uploads\/2025\/08\/B81I0075-scaled-1-1024x683.jpg 1024w, https:\/\/bestseozone.com\/projects\/kviktrafikskole\/wp-content\/uploads\/2025\/08\/B81I0075-scaled-1-300x200.jpg 300w, https:\/\/bestseozone.com\/projects\/kviktrafikskole\/wp-content\/uploads\/2025\/08\/B81I0075-scaled-1-768x512.jpg 768w, https:\/\/bestseozone.com\/projects\/kviktrafikskole\/wp-content\/uploads\/2025\/08\/B81I0075-scaled-1-1536x1024.jpg 1536w, https:\/\/bestseozone.com\/projects\/kviktrafikskole\/wp-content\/uploads\/2025\/08\/B81I0075-scaled-1-2048x1366.jpg 2048w\" sizes=\"(max-width: 800px) 100vw, 800px\" \/>\t\t\t\t\t\t\t\t\t\t\t\t\t\t\t<\/div>\n\t\t\t\t<\/div>\n\t\t\t\t\t<\/div>\n\t\t\t\t<\/div>\n\t\t\t\t<\/div>\n\t\t","protected":false},"excerpt":{"rendered":"<p>K\u00f8rekort Hvidovre Home K\u00f8rekort i Hvidovre Hos Kviktrafikskole g\u00e5r [&hellip;]<\/p>\n","protected":false},"author":1,"featured_media":0,"parent":0,"menu_order":0,"comment_status":"closed","ping_status":"closed","template":"elementor_header_footer","meta":{"give_campaign_id":0,"footnotes":""},"class_list":["post-15561","page","type-page","status-publish","hentry"],"campaignId":"","_links":{"self":[{"href":"https:\/\/bestseozone.com\/projects\/kviktrafikskole\/wp-json\/wp\/v2\/pages\/15561","targetHints":{"allow":["GET"]}}],"collection":[{"href":"https:\/\/bestseozone.com\/projects\/kviktrafikskole\/wp-json\/wp\/v2\/pages"}],"about":[{"href":"https:\/\/bestseozone.com\/projects\/kviktrafikskole\/wp-json\/wp\/v2\/types\/page"}],"author":[{"embeddable":true,"href":"https:\/\/bestseozone.com\/projects\/kviktrafikskole\/wp-json\/wp\/v2\/users\/1"}],"replies":[{"embeddable":true,"href":"https:\/\/bestseozone.com\/projects\/kviktrafikskole\/wp-json\/wp\/v2\/comments?post=15561"}],"version-history":[{"count":10,"href":"https:\/\/bestseozone.com\/projects\/kviktrafikskole\/wp-json\/wp\/v2\/pages\/15561\/revisions"}],"predecessor-version":[{"id":15579,"href":"https:\/\/bestseozone.com\/projects\/kviktrafikskole\/wp-json\/wp\/v2\/pages\/15561\/revisions\/15579"}],"wp:attachment":[{"href":"https:\/\/bestseozone.com\/projects\/kviktrafikskole\/wp-json\/wp\/v2\/media?parent=15561"}],"curies":[{"name":"wp","href":"https:\/\/api.w.org\/{rel}","templated":true}]}}