{"id":15299,"date":"2025-08-19T19:05:45","date_gmt":"2025-08-19T19:05:45","guid":{"rendered":"https:\/\/bestseozone.com\/projects\/kviktrafikskole\/?page_id=15299"},"modified":"2025-08-19T21:20:41","modified_gmt":"2025-08-19T21:20:41","slug":"aflysning","status":"publish","type":"page","link":"https:\/\/bestseozone.com\/projects\/kviktrafikskole\/aflysning\/","title":{"rendered":"Aflysning"},"content":{"rendered":"\t\t<div data-elementor-type=\"wp-page\" data-elementor-id=\"15299\" class=\"elementor elementor-15299\">\n\t\t\t\t<div data-ekitparallax=\"{&quot;ekit_section_parallax_bg&quot;:&quot;yes&quot;,&quot;ekit_section_parallax_bg_speed&quot;:0.5,&quot;elementor_lazy_load&quot;:&quot;1&quot;}\" class=\"elementor-element elementor-element-9022493 page-hero-section e-flex e-con-boxed e-con e-parent\" data-id=\"9022493\" data-element_type=\"container\" data-settings=\"{&quot;background_background&quot;:&quot;classic&quot;}\">\n\t\t\t\t\t<div class=\"e-con-inner\">\n\t\t<div class=\"elementor-element elementor-element-cbc65e2 e-con-full e-flex e-con e-child\" data-id=\"cbc65e2\" data-element_type=\"container\">\n\t\t\t\t<div class=\"elementor-element elementor-element-67d0387 at-heading-animation at-animation-heading-style-2 elementor-widget elementor-widget-heading\" data-id=\"67d0387\" data-element_type=\"widget\" data-settings=\"{&quot;ekit_we_effect_on&quot;:&quot;none&quot;}\" data-widget_type=\"heading.default\">\n\t\t\t\t\t<h1 class=\"elementor-heading-title elementor-size-default\"><span> Aflysning<\/span><\/h1>\t\t\t\t<\/div>\n\t\t\t\t<div class=\"elementor-element elementor-element-18c9076 elementor-invisible elementor-widget elementor-widget-elementskit-breadcrumb\" data-id=\"18c9076\" data-element_type=\"widget\" data-settings=\"{&quot;_animation&quot;:&quot;fadeInUp&quot;,&quot;ekit_we_effect_on&quot;:&quot;none&quot;}\" data-widget_type=\"elementskit-breadcrumb.default\">\n\t\t\t\t<div class=\"elementor-widget-container\">\n\t\t\t\t\t<div class=\"ekit-wid-con\" ><ol class=\"ekit-breadcrumb\"><li class=\"ekit_breadcrumbs_start\"><a href=\"https:\/\/bestseozone.com\/projects\/kviktrafikskole\">Home<\/a><\/li><\/ol><\/div>\t\t\t\t<\/div>\n\t\t\t\t<\/div>\n\t\t\t\t<\/div>\n\t\t\t\t\t<\/div>\n\t\t\t\t<\/div>\n\t\t<div class=\"elementor-element elementor-element-890eb4b e-flex e-con-boxed e-con e-parent\" data-id=\"890eb4b\" data-element_type=\"container\">\n\t\t\t\t\t<div class=\"e-con-inner\">\n\t\t<div class=\"elementor-element elementor-element-0f95027 e-con-full e-flex e-con e-child\" data-id=\"0f95027\" data-element_type=\"container\">\n\t\t\t\t<div class=\"elementor-element elementor-element-e1108ea my_css_h2 elementor-widget elementor-widget-text-editor\" data-id=\"e1108ea\" data-element_type=\"widget\" data-settings=\"{&quot;ekit_we_effect_on&quot;:&quot;none&quot;}\" data-widget_type=\"text-editor.default\">\n\t\t\t\t\t\t\t\t\t<div class=\"flex_column av-4vz41n-bc31c4f7286b86996dbdb8665b214109 av_one_half avia-builder-el-9 el_before_av_one_half avia-builder-el-first first av-break-at-tablet flex_column_table_cell av-equal-height-column av-align-top av-zero-column-padding \">\n<div class=\"template-page content av-content-full alpha units\">\n<div class=\"\">\n<div class=\"entry-content-wrapper clearfix\">\n<div class=\"flex_column_table av-3pkmcd-eca2bc92d746baeb6a550371ca4a67ec sc-av_one_half av-break-at-tablet-flextable av-equal-height-column-flextable\">\n<div class=\"flex_column av-3pkmcd-eca2bc92d746baeb6a550371ca4a67ec av_one_half avia-builder-el-9 el_before_av_one_half avia-builder-el-first first av-break-at-tablet flex_column_table_cell av-equal-height-column av-align-top av-zero-column-padding \">\n<div class=\"flex_column av-3pkmcd-eca2bc92d746baeb6a550371ca4a67ec av_one_half  avia-builder-el-9  el_before_av_one_half  avia-builder-el-first  first av-break-at-tablet flex_column_table_cell av-equal-height-column av-align-top av-zero-column-padding  \">\n<div class=\"av-special-heading av-kpnr0l3c-58faaa36e7b917767ac01fac2eb25926 av-special-heading-h2 blockquote modern-quote  avia-builder-el-10  el_before_av_textblock  avia-builder-el-first  margin-top-0\">\n<h2 class=\"av-special-heading-tag\">Aflysning<\/h2>\n<\/div>\n<section class=\"av_textblock_section av-kpnr13bm-c3c831c930172207bced52048e86b31f \">\n<div class=\"avia_textblock\">\n\n<span style=\"color:#000000;\">S\u00e5fremt du er forhindret i at deltage i undervisning som involverer k\u00f8rsel eller i en pr\u00f8ve, er det vigtigt b\u00e5de for din k\u00f8rerl\u00e6rer og dig, at undervisningen aflyses i god tid.<br\/><br\/>\n\nVed at aflyse i god tid, kan vi hurtigere finde en anden tid som passer dig, og du undg\u00e5r at komme bagud med din undervisning.<br\/><br\/>\n\nDerfor har skolen f\u00f8lgende regler ang\u00e5ende aflysning af undervisning:<\/span><br\/><br\/>\n<ul>\n \t<li>Aflysning af k\u00f8retider skal ske dagen f\u00f8r inden kl. 12.00.<\/li>\n \t<li>Man\u00f8vrebane skal aflyses senest 5 Hverdage f\u00f8r. Husk Hverdage, weekend og helligdage t\u00e6ller ikke med.<\/li>\n \t<li>K\u00f8reteknisk anl\u00e6g skal aflyses senest 7 Hverdage f\u00f8r.<\/li>\n \t<li>F\u00f8rstehj\u00e6lpskursus skal aflyses senest 3 Hverdage f\u00f8r.<\/li>\n \t<li>Pr\u00f8ver hos politiet skal aflyses senest 7 Hverdage f\u00f8r.<\/li>\n \t<li>Hvis man aflyser for sent uanset \u00e5rsag skal der betales alligevel.<\/li>\n<\/ul>\n\n<span style=\"color:#000000;\">P\u00e5 grund af flere elever har aflyst deres k\u00f8retime for sent eller slet ikke dukker op, er skolen n\u00f8d til at indsk\u00e6rpe overfor alle elever: Der skal betales for den tid eller kursus man aflyser for sent, uanset \u00e5rsag til aflysning! Aflysning til man\u00f8vrebane, glatbane samt f\u00f8rstehj\u00e6lp kan ikke ske over telefonen<\/span>\n\n<\/div>\n<\/section>\n<div class=\"av-special-heading av-kpnr1f4c-41877a442b07bd9fd5a00c543b4ce512 av-special-heading-h2 blockquote modern-quote  avia-builder-el-12  el_after_av_textblock  el_before_av_textblock \"><br\/>\n<h2 class=\"av-special-heading-tag\">Skift af k\u00f8rel\u00e6rer<\/h2>\n<\/div>\n<section class=\"av_textblock_section av-kpnr1j02-ed4added4056d0e1227de9a65ee77ed2 \">\n<div class=\"avia_textblock\">\n\n<span style=\"color:#000000;\">Det er gratis at skifte k\u00f8rel\u00e6rer. Inden skift skal alle aftalte k\u00f8relektioner v\u00e6re aflyst rettidig, ligeledes evt. mellemv\u00e6rende skal v\u00e6re afregnet til dine k\u00f8rel\u00e6rer. f\u00f8r du skifter til den Nye.<\/span>\n\n<\/div>\n<\/section><\/div>\n<\/div>\n<\/div>\n<\/div>\n<\/div>\n<\/div>\n<\/div>\t\t\t\t\t\t\t\t<\/div>\n\t\t\t\t<\/div>\n\t\t<div class=\"elementor-element elementor-element-4d8f73e e-con-full e-flex e-con e-child\" data-id=\"4d8f73e\" data-element_type=\"container\">\n\t\t\t\t<div class=\"elementor-element elementor-element-1244fb5 at-image-animation at-animation-image-none at-none elementor-widget elementor-widget-image\" data-id=\"1244fb5\" data-element_type=\"widget\" data-settings=\"{&quot;ekit_we_effect_on&quot;:&quot;none&quot;}\" data-widget_type=\"image.default\">\n\t\t\t\t\t\t\t\t\t\t\t\t\t\t\t<img fetchpriority=\"high\" decoding=\"async\" width=\"800\" height=\"534\" src=\"https:\/\/bestseozone.com\/projects\/kviktrafikskole\/wp-content\/uploads\/2025\/08\/ww-1024x683.jpg\" class=\"attachment-large size-large wp-image-14934\" alt=\"\" srcset=\"https:\/\/bestseozone.com\/projects\/kviktrafikskole\/wp-content\/uploads\/2025\/08\/ww-1024x683.jpg 1024w, https:\/\/bestseozone.com\/projects\/kviktrafikskole\/wp-content\/uploads\/2025\/08\/ww-300x200.jpg 300w, https:\/\/bestseozone.com\/projects\/kviktrafikskole\/wp-content\/uploads\/2025\/08\/ww-768x512.jpg 768w, https:\/\/bestseozone.com\/projects\/kviktrafikskole\/wp-content\/uploads\/2025\/08\/ww-1536x1024.jpg 1536w, https:\/\/bestseozone.com\/projects\/kviktrafikskole\/wp-content\/uploads\/2025\/08\/ww-2048x1366.jpg 2048w\" sizes=\"(max-width: 800px) 100vw, 800px\" \/>\t\t\t\t\t\t\t\t\t\t\t\t\t\t\t<\/div>\n\t\t\t\t<div class=\"elementor-element elementor-element-bf27490 at-image-animation at-animation-image-none at-none elementor-widget elementor-widget-image\" data-id=\"bf27490\" data-element_type=\"widget\" data-settings=\"{&quot;ekit_we_effect_on&quot;:&quot;none&quot;}\" data-widget_type=\"image.default\">\n\t\t\t\t\t\t\t\t\t\t\t\t\t\t\t<img decoding=\"async\" width=\"800\" height=\"534\" src=\"https:\/\/bestseozone.com\/projects\/kviktrafikskole\/wp-content\/uploads\/2025\/08\/B81I0075-scaled-1-1024x683.jpg\" class=\"attachment-large size-large wp-image-15025\" alt=\"\" srcset=\"https:\/\/bestseozone.com\/projects\/kviktrafikskole\/wp-content\/uploads\/2025\/08\/B81I0075-scaled-1-1024x683.jpg 1024w, https:\/\/bestseozone.com\/projects\/kviktrafikskole\/wp-content\/uploads\/2025\/08\/B81I0075-scaled-1-300x200.jpg 300w, https:\/\/bestseozone.com\/projects\/kviktrafikskole\/wp-content\/uploads\/2025\/08\/B81I0075-scaled-1-768x512.jpg 768w, https:\/\/bestseozone.com\/projects\/kviktrafikskole\/wp-content\/uploads\/2025\/08\/B81I0075-scaled-1-1536x1024.jpg 1536w, https:\/\/bestseozone.com\/projects\/kviktrafikskole\/wp-content\/uploads\/2025\/08\/B81I0075-scaled-1-2048x1366.jpg 2048w\" sizes=\"(max-width: 800px) 100vw, 800px\" \/>\t\t\t\t\t\t\t\t\t\t\t\t\t\t\t<\/div>\n\t\t\t\t<\/div>\n\t\t\t\t\t<\/div>\n\t\t\t\t<\/div>\n\t\t\t\t<\/div>\n\t\t","protected":false},"excerpt":{"rendered":"<p>Aflysning Home Aflysning S\u00e5fremt du er forhindret i at [&hellip;]<\/p>\n","protected":false},"author":1,"featured_media":0,"parent":0,"menu_order":0,"comment_status":"closed","ping_status":"closed","template":"elementor_header_footer","meta":{"give_campaign_id":0,"footnotes":""},"class_list":["post-15299","page","type-page","status-publish","hentry"],"campaignId":"","_links":{"self":[{"href":"https:\/\/bestseozone.com\/projects\/kviktrafikskole\/wp-json\/wp\/v2\/pages\/15299","targetHints":{"allow":["GET"]}}],"collection":[{"href":"https:\/\/bestseozone.com\/projects\/kviktrafikskole\/wp-json\/wp\/v2\/pages"}],"about":[{"href":"https:\/\/bestseozone.com\/projects\/kviktrafikskole\/wp-json\/wp\/v2\/types\/page"}],"author":[{"embeddable":true,"href":"https:\/\/bestseozone.com\/projects\/kviktrafikskole\/wp-json\/wp\/v2\/users\/1"}],"replies":[{"embeddable":true,"href":"https:\/\/bestseozone.com\/projects\/kviktrafikskole\/wp-json\/wp\/v2\/comments?post=15299"}],"version-history":[{"count":25,"href":"https:\/\/bestseozone.com\/projects\/kviktrafikskole\/wp-json\/wp\/v2\/pages\/15299\/revisions"}],"predecessor-version":[{"id":15523,"href":"https:\/\/bestseozone.com\/projects\/kviktrafikskole\/wp-json\/wp\/v2\/pages\/15299\/revisions\/15523"}],"wp:attachment":[{"href":"https:\/\/bestseozone.com\/projects\/kviktrafikskole\/wp-json\/wp\/v2\/media?parent=15299"}],"curies":[{"name":"wp","href":"https:\/\/api.w.org\/{rel}","templated":true}]}}