{"id":15293,"date":"2025-08-19T19:01:16","date_gmt":"2025-08-19T19:01:16","guid":{"rendered":"https:\/\/bestseozone.com\/projects\/kviktrafikskole\/?page_id=15293"},"modified":"2025-08-26T09:31:01","modified_gmt":"2025-08-26T09:31:01","slug":"proever","status":"publish","type":"page","link":"https:\/\/bestseozone.com\/projects\/kviktrafikskole\/proever\/","title":{"rendered":"Pr\u00f8ver"},"content":{"rendered":"\t\t<div data-elementor-type=\"wp-page\" data-elementor-id=\"15293\" class=\"elementor elementor-15293\">\n\t\t\t\t<div data-ekitparallax=\"{&quot;ekit_section_parallax_bg&quot;:&quot;yes&quot;,&quot;ekit_section_parallax_bg_speed&quot;:0.5,&quot;elementor_lazy_load&quot;:&quot;1&quot;}\" class=\"elementor-element elementor-element-9022493 page-hero-section e-flex e-con-boxed e-con e-parent\" data-id=\"9022493\" data-element_type=\"container\" data-settings=\"{&quot;background_background&quot;:&quot;classic&quot;}\">\n\t\t\t\t\t<div class=\"e-con-inner\">\n\t\t<div class=\"elementor-element elementor-element-cbc65e2 e-con-full e-flex e-con e-child\" data-id=\"cbc65e2\" data-element_type=\"container\">\n\t\t\t\t<div class=\"elementor-element elementor-element-67d0387 at-heading-animation at-animation-heading-style-2 elementor-widget elementor-widget-heading\" data-id=\"67d0387\" data-element_type=\"widget\" data-settings=\"{&quot;ekit_we_effect_on&quot;:&quot;none&quot;}\" data-widget_type=\"heading.default\">\n\t\t\t\t\t<h1 class=\"elementor-heading-title elementor-size-default\"><span> Pr\u00f8ver<\/span><\/h1>\t\t\t\t<\/div>\n\t\t\t\t<div class=\"elementor-element elementor-element-18c9076 elementor-invisible elementor-widget elementor-widget-elementskit-breadcrumb\" data-id=\"18c9076\" data-element_type=\"widget\" data-settings=\"{&quot;_animation&quot;:&quot;fadeInUp&quot;,&quot;ekit_we_effect_on&quot;:&quot;none&quot;}\" data-widget_type=\"elementskit-breadcrumb.default\">\n\t\t\t\t<div class=\"elementor-widget-container\">\n\t\t\t\t\t<div class=\"ekit-wid-con\" ><ol class=\"ekit-breadcrumb\"><li class=\"ekit_breadcrumbs_start\"><a href=\"https:\/\/bestseozone.com\/projects\/kviktrafikskole\">Home<\/a><\/li><\/ol><\/div>\t\t\t\t<\/div>\n\t\t\t\t<\/div>\n\t\t\t\t<\/div>\n\t\t\t\t\t<\/div>\n\t\t\t\t<\/div>\n\t\t<div class=\"elementor-element elementor-element-890eb4b e-flex e-con-boxed e-con e-parent\" data-id=\"890eb4b\" data-element_type=\"container\">\n\t\t\t\t\t<div class=\"e-con-inner\">\n\t\t<div class=\"elementor-element elementor-element-0f95027 e-con-full e-flex e-con e-child\" data-id=\"0f95027\" data-element_type=\"container\">\n\t\t\t\t<div class=\"elementor-element elementor-element-e1108ea my_css_h2 elementor-widget elementor-widget-text-editor\" data-id=\"e1108ea\" data-element_type=\"widget\" data-settings=\"{&quot;ekit_we_effect_on&quot;:&quot;none&quot;}\" data-widget_type=\"text-editor.default\">\n\t\t\t\t\t\t\t\t\t<div class=\"flex_column av-4vz41n-bc31c4f7286b86996dbdb8665b214109 av_one_half avia-builder-el-9 el_before_av_one_half avia-builder-el-first first av-break-at-tablet flex_column_table_cell av-equal-height-column av-align-top av-zero-column-padding \"><div class=\"av-special-heading av-kpnqxuf8-d68f69869e30167c17d98aa65f7e10c8 av-special-heading-h2 blockquote modern-quote avia-builder-el-10 el_before_av_textblock avia-builder-el-first margin-top-0\"><h2 class=\"av-special-heading-tag\">Teoripr\u00f8ve<\/h2><\/div><section class=\"av_textblock_section av-kpnqynef-44364fa4b212475667f2a2b09f75ba0a \"><div class=\"avia_textblock\"><p>For at erhverve k\u00f8rekort til almindelig bil, skal man best\u00e5 en teoretisk samt en praktisk pr\u00f8ve.<br \/>Den teoretiske pr\u00f8ve varer ca. 30 minutter og er en skriftlig pr\u00f8ve hvor man skal svare p\u00e5 25 sp\u00f8rgsm\u00e5l, hvoraf 20 skal besvares rigtigt.<\/p><p>Til teoripr\u00f8ven skal man huske at medbringe:<\/p><ul><li>Ans\u00f8gning om k\u00f8rekort i udfyldt tilstand fra k\u00f8reskolen<\/li><li>Lektionsplan i udfyldt tilstand<\/li><li>Pas og evt. tidligere udstedt k\u00f8rekort. Hvis du ikke er dansk statsborger skal du huske at medbringe din opholdstilladelse<\/li><\/ul><p>Teori pr\u00f8ven kan kun bestilles ved personligt fremm\u00f8de, du skal huske at medbringe din lektionsplan til bestilling. S\u00e5 er det MEGET vigtigt at du husker og afhente dine dokumenter fra k\u00f8reskolen. K\u00f8reskolen st\u00e5r ikke til ansvar for hvis du bliver afvist pga. manglende dokumenter hos politiet.<\/p><\/div><\/section><\/div>\t\t\t\t\t\t\t\t<\/div>\n\t\t\t\t<\/div>\n\t\t<div class=\"elementor-element elementor-element-4d8f73e e-con-full e-flex e-con e-child\" data-id=\"4d8f73e\" data-element_type=\"container\">\n\t\t\t\t<div class=\"elementor-element elementor-element-1244fb5 at-image-animation at-animation-image-none at-none elementor-widget elementor-widget-image\" data-id=\"1244fb5\" data-element_type=\"widget\" data-settings=\"{&quot;ekit_we_effect_on&quot;:&quot;none&quot;}\" data-widget_type=\"image.default\">\n\t\t\t\t\t\t\t\t\t\t\t\t\t\t\t<img decoding=\"async\" src=\"https:\/\/bestseozone.com\/projects\/kviktrafikskole\/wp-content\/uploads\/2025\/08\/B81I9875-scaled.jpg\" title=\"B81I9875\" alt=\"B81I9875\" loading=\"lazy\" \/>\t\t\t\t\t\t\t\t\t\t\t\t\t\t\t<\/div>\n\t\t\t\t<\/div>\n\t\t\t\t\t<\/div>\n\t\t\t\t<\/div>\n\t\t<div class=\"elementor-element elementor-element-2ced8e5 35 35 54 55 e-flex e-con-boxed e-con e-parent\" data-id=\"2ced8e5\" data-element_type=\"container\">\n\t\t\t\t\t<div class=\"e-con-inner\">\n\t\t\t\t<div class=\"elementor-element elementor-element-2df8721 my_css_h2 elementor-widget elementor-widget-text-editor\" data-id=\"2df8721\" data-element_type=\"widget\" data-settings=\"{&quot;ekit_we_effect_on&quot;:&quot;none&quot;}\" data-widget_type=\"text-editor.default\">\n\t\t\t\t\t\t\t\t\t<div class=\"av-special-heading av-kpnqyuiw-fdd6902b8738d1e3ac16adcacd68ded1 av-special-heading-h2 blockquote modern-quote avia-builder-el-12 el_after_av_textblock el_before_av_textblock \"><h2 class=\"av-special-heading-tag\">Praktisk pr\u00f8ve<\/h2><\/div><section class=\"av_textblock_section av-kpnqyyui-c3b03a21f7694a9b5cbf1fc08440de61 \"><div class=\"avia_textblock\"><p>Den praktiske pr\u00f8ve varer ca. 45 minutter og starter med, at den sagkyndige stiller nogle sp\u00f8rgsm\u00e5l til bilens teknik ( bremser\/ d\u00e6k\/ lygter osv..). Derefter skal man k\u00f8re med den sagkyndige, som undervejs vil give anvisninger som man skal f\u00f8lge.<\/p><p>Til den praktiske pr\u00f8ve skal man huske at medbringe:<\/p><ul><li>Ans\u00f8gning om k\u00f8rekort<\/li><li>Pas og evt. tidligere udstedt k\u00f8rekort. Hvis du ikke er dansk statsborger skal du huske at medbringe din opholdstilladelse<\/li><li>Lektionsplan<\/li><\/ul><\/div><\/section>\t\t\t\t\t\t\t\t<\/div>\n\t\t\t\t\t<\/div>\n\t\t\t\t<\/div>\n\t\t\t\t<\/div>\n\t\t","protected":false},"excerpt":{"rendered":"<p>Pr\u00f8ver Home Teoripr\u00f8ve For at erhverve k\u00f8rekort til almindelig [&hellip;]<\/p>\n","protected":false},"author":1,"featured_media":0,"parent":0,"menu_order":0,"comment_status":"closed","ping_status":"closed","template":"elementor_header_footer","meta":{"give_campaign_id":0,"footnotes":""},"class_list":["post-15293","page","type-page","status-publish","hentry"],"campaignId":"","_links":{"self":[{"href":"https:\/\/bestseozone.com\/projects\/kviktrafikskole\/wp-json\/wp\/v2\/pages\/15293","targetHints":{"allow":["GET"]}}],"collection":[{"href":"https:\/\/bestseozone.com\/projects\/kviktrafikskole\/wp-json\/wp\/v2\/pages"}],"about":[{"href":"https:\/\/bestseozone.com\/projects\/kviktrafikskole\/wp-json\/wp\/v2\/types\/page"}],"author":[{"embeddable":true,"href":"https:\/\/bestseozone.com\/projects\/kviktrafikskole\/wp-json\/wp\/v2\/users\/1"}],"replies":[{"embeddable":true,"href":"https:\/\/bestseozone.com\/projects\/kviktrafikskole\/wp-json\/wp\/v2\/comments?post=15293"}],"version-history":[{"count":13,"href":"https:\/\/bestseozone.com\/projects\/kviktrafikskole\/wp-json\/wp\/v2\/pages\/15293\/revisions"}],"predecessor-version":[{"id":15505,"href":"https:\/\/bestseozone.com\/projects\/kviktrafikskole\/wp-json\/wp\/v2\/pages\/15293\/revisions\/15505"}],"wp:attachment":[{"href":"https:\/\/bestseozone.com\/projects\/kviktrafikskole\/wp-json\/wp\/v2\/media?parent=15293"}],"curies":[{"name":"wp","href":"https:\/\/api.w.org\/{rel}","templated":true}]}}