{"id":15267,"date":"2025-08-19T18:44:13","date_gmt":"2025-08-19T18:44:13","guid":{"rendered":"https:\/\/bestseozone.com\/projects\/kviktrafikskole\/?page_id=15267"},"modified":"2025-08-26T09:41:36","modified_gmt":"2025-08-26T09:41:36","slug":"forloebet","status":"publish","type":"page","link":"https:\/\/bestseozone.com\/projects\/kviktrafikskole\/forloebet\/","title":{"rendered":"Forl\u00f8bet"},"content":{"rendered":"\t\t<div data-elementor-type=\"wp-page\" data-elementor-id=\"15267\" class=\"elementor elementor-15267\">\n\t\t\t\t<div data-ekitparallax=\"{&quot;ekit_section_parallax_bg&quot;:&quot;yes&quot;,&quot;ekit_section_parallax_bg_speed&quot;:0.5,&quot;elementor_lazy_load&quot;:&quot;1&quot;}\" class=\"elementor-element elementor-element-9022493 page-hero-section e-flex e-con-boxed e-con e-parent\" data-id=\"9022493\" data-element_type=\"container\" data-settings=\"{&quot;background_background&quot;:&quot;classic&quot;}\">\n\t\t\t\t\t<div class=\"e-con-inner\">\n\t\t<div class=\"elementor-element elementor-element-cbc65e2 e-con-full e-flex e-con e-child\" data-id=\"cbc65e2\" data-element_type=\"container\">\n\t\t\t\t<div class=\"elementor-element elementor-element-67d0387 at-heading-animation at-animation-heading-style-2 elementor-widget elementor-widget-heading\" data-id=\"67d0387\" data-element_type=\"widget\" data-settings=\"{&quot;ekit_we_effect_on&quot;:&quot;none&quot;}\" data-widget_type=\"heading.default\">\n\t\t\t\t\t<h1 class=\"elementor-heading-title elementor-size-default\"><span> Forl\u00f8bet<\/span><\/h1>\t\t\t\t<\/div>\n\t\t\t\t<div class=\"elementor-element elementor-element-18c9076 elementor-invisible elementor-widget elementor-widget-elementskit-breadcrumb\" data-id=\"18c9076\" data-element_type=\"widget\" data-settings=\"{&quot;_animation&quot;:&quot;fadeInUp&quot;,&quot;ekit_we_effect_on&quot;:&quot;none&quot;}\" data-widget_type=\"elementskit-breadcrumb.default\">\n\t\t\t\t<div class=\"elementor-widget-container\">\n\t\t\t\t\t<div class=\"ekit-wid-con\" ><ol class=\"ekit-breadcrumb\"><li class=\"ekit_breadcrumbs_start\"><a href=\"https:\/\/bestseozone.com\/projects\/kviktrafikskole\">Home<\/a><\/li><\/ol><\/div>\t\t\t\t<\/div>\n\t\t\t\t<\/div>\n\t\t\t\t<\/div>\n\t\t\t\t\t<\/div>\n\t\t\t\t<\/div>\n\t\t<div class=\"elementor-element elementor-element-890eb4b my_css_h2 e-flex e-con-boxed e-con e-parent\" data-id=\"890eb4b\" data-element_type=\"container\">\n\t\t\t\t\t<div class=\"e-con-inner\">\n\t\t<div class=\"elementor-element elementor-element-0f95027 e-con-full e-flex e-con e-child\" data-id=\"0f95027\" data-element_type=\"container\">\n\t\t\t\t<div class=\"elementor-element elementor-element-e1108ea my_css_h2 elementor-widget elementor-widget-text-editor\" data-id=\"e1108ea\" data-element_type=\"widget\" data-settings=\"{&quot;ekit_we_effect_on&quot;:&quot;none&quot;}\" data-widget_type=\"text-editor.default\">\n\t\t\t\t\t\t\t\t\t<div class=\"flex_column av-8iv2f-c17cdcd38c46392d98acd948d5c53012 av_one_half  avia-builder-el-9  el_before_av_one_half  avia-builder-el-first  first av-break-at-tablet flex_column_table_cell av-equal-height-column av-align-top av-zero-column-padding  \"><div class=\"av-special-heading av-kpnqrbj5-0242a10d82f987b39b81edd807cc5e33 av-special-heading-h2 blockquote modern-quote  avia-builder-el-10  el_before_av_textblock  avia-builder-el-first  margin-top-0\"><h2 class=\"av-special-heading-tag\">K\u00f8reundervisningsforlob, k\u00f8rekort, erhvervelse og gyldighed<\/h2><\/div><section class=\"av_textblock_section av-kpnqrjzq-6e9825eb2aa225c210d201cc17a122b7 \"><div class=\"avia_textblock\"><p>If\u00f8lge f\u00e6rdselslovens \u00a7 56 skal man have k\u00f8rekort for at k\u00f8re bil. En af betingelserne for at f\u00e5 k\u00f8rekort er at man skal modtage undervisning i henhold til den obligatoriske undervisningsplan hos en godkendt k\u00f8rel\u00e6rer og derefter best\u00e5 en k\u00f8repr\u00f8ve. Forl\u00f8bet opdeles i en teoretisk og en praktisk pr\u00f8ve.<\/p><p>Lovens mindstekrav er 29 lektioner af mindst 45 minutter i teoretiske emner + 24 lektioner af mindst 45 minutter i praktisk k\u00f8rsel (Bil). Heraf 4 lektioner p\u00e5 man\u00f8vrebane og 4 lektioner p\u00e5 glatbane. Undervisningen skal str\u00e6kke sig over mindst 14 undervisningsdage.<\/p><p>Du m\u00e5 erhverve dig et k\u00f8rekort til kategori B (alm. bil) n\u00e5r du er fyldt 18 \u00e5r. K\u00f8rekortet er normalt gyldigt i 15 \u00e5r og giver ret til at f\u00f8re f\u00f8lgende:<br \/>\u2013 person-\/varebil p\u00e5 h\u00f8jst 3,5 tons<br \/>\u2013 bil med h\u00f8jst 8 siddepladser foruden f\u00f8rerpladsen<br \/>\u2013 tilkoblet p\u00e5h\u00e6ngsvogn p\u00e5 h\u00f8jst 750 kg<br \/>\u2013 3-hjulet motorcykel (men ikke 2-hjulet motorcykel)<br \/>\u2013 traktor\/motorredskab<br \/>\u2013 registreringspligtig knallert<\/p><p>Det er tilladt at starte undervisningen til kategori B (alm. bil) 3 m\u00e5neder f\u00f8r du fylder 17 \u00e5r.<\/p><p>Du kan g\u00e5 op til teoripr\u00f8ven en m\u00e5ned f\u00f8r du fylder 17 \u00e5r. Men den praktiske pr\u00f8ve kan tidligst afl\u00e6gges den dag du fylder 17 \u00e5r.<\/p><p>Fra 1. januar 2017 er det ogs\u00e5 muligt for 17 \u00e5rige at tage k\u00f8rekortet. Du kan starte dit k\u00f8rekortforl\u00f8b tre m\u00e5neder f\u00f8r du fylder 17. Hvis du \u00f8nsker at starte dit k\u00f8rekortforl\u00f8b kan du begynde dit k\u00f8rekortforl\u00f8b tre m\u00e5neder f\u00f8r du fylder 17 \u00e5r. Dine for\u00e6ldre skal dog udfylde en samtykkelseserkl\u00e6ring inden du har mulighed for at starte p\u00e5 kviktrafikskole.<\/p><\/div><\/section><\/div>\t\t\t\t\t\t\t\t<\/div>\n\t\t\t\t<\/div>\n\t\t<div class=\"elementor-element elementor-element-4d8f73e e-con-full e-flex e-con e-child\" data-id=\"4d8f73e\" data-element_type=\"container\">\n\t\t\t\t<div class=\"elementor-element elementor-element-1244fb5 at-image-animation at-animation-image-none at-none elementor-widget elementor-widget-image\" data-id=\"1244fb5\" data-element_type=\"widget\" data-settings=\"{&quot;ekit_we_effect_on&quot;:&quot;none&quot;}\" data-widget_type=\"image.default\">\n\t\t\t\t\t\t\t\t\t\t\t\t\t\t\t<img fetchpriority=\"high\" decoding=\"async\" width=\"800\" height=\"1000\" src=\"https:\/\/bestseozone.com\/projects\/kviktrafikskole\/wp-content\/uploads\/2025\/08\/4335354534535-819x1024.jpg\" class=\"attachment-large size-large wp-image-15074\" alt=\"\" srcset=\"https:\/\/bestseozone.com\/projects\/kviktrafikskole\/wp-content\/uploads\/2025\/08\/4335354534535-819x1024.jpg 819w, https:\/\/bestseozone.com\/projects\/kviktrafikskole\/wp-content\/uploads\/2025\/08\/4335354534535-240x300.jpg 240w, https:\/\/bestseozone.com\/projects\/kviktrafikskole\/wp-content\/uploads\/2025\/08\/4335354534535-768x960.jpg 768w, https:\/\/bestseozone.com\/projects\/kviktrafikskole\/wp-content\/uploads\/2025\/08\/4335354534535.jpg 824w\" sizes=\"(max-width: 800px) 100vw, 800px\" \/>\t\t\t\t\t\t\t\t\t\t\t\t\t\t\t<\/div>\n\t\t\t\t<\/div>\n\t\t\t\t\t<\/div>\n\t\t\t\t<\/div>\n\t\t<div class=\"elementor-element elementor-element-8fa8469 my_css_h2 e-flex e-con-boxed e-con e-parent\" data-id=\"8fa8469\" data-element_type=\"container\">\n\t\t\t\t\t<div class=\"e-con-inner\">\n\t\t\t\t<div class=\"elementor-element elementor-element-11a4349 at-image-animation at-animation-image-none at-none elementor-widget elementor-widget-image\" data-id=\"11a4349\" data-element_type=\"widget\" data-settings=\"{&quot;ekit_we_effect_on&quot;:&quot;none&quot;}\" data-widget_type=\"image.default\">\n\t\t\t\t\t\t\t\t\t\t\t\t\t\t\t<img decoding=\"async\" width=\"2289\" height=\"1956\" src=\"https:\/\/bestseozone.com\/projects\/kviktrafikskole\/wp-content\/uploads\/2025\/08\/1122.png\" class=\"attachment-full size-full wp-image-15732\" alt=\"\" srcset=\"https:\/\/bestseozone.com\/projects\/kviktrafikskole\/wp-content\/uploads\/2025\/08\/1122.png 2289w, https:\/\/bestseozone.com\/projects\/kviktrafikskole\/wp-content\/uploads\/2025\/08\/1122-300x256.png 300w, https:\/\/bestseozone.com\/projects\/kviktrafikskole\/wp-content\/uploads\/2025\/08\/1122-1024x875.png 1024w, https:\/\/bestseozone.com\/projects\/kviktrafikskole\/wp-content\/uploads\/2025\/08\/1122-768x656.png 768w, https:\/\/bestseozone.com\/projects\/kviktrafikskole\/wp-content\/uploads\/2025\/08\/1122-1536x1313.png 1536w, https:\/\/bestseozone.com\/projects\/kviktrafikskole\/wp-content\/uploads\/2025\/08\/1122-2048x1750.png 2048w\" sizes=\"(max-width: 2289px) 100vw, 2289px\" \/>\t\t\t\t\t\t\t\t\t\t\t\t\t\t\t<\/div>\n\t\t\t\t\t<\/div>\n\t\t\t\t<\/div>\n\t\t<div class=\"elementor-element elementor-element-77652f7 my_css_h2 e-flex e-con-boxed e-con e-parent\" data-id=\"77652f7\" data-element_type=\"container\">\n\t\t\t\t\t<div class=\"e-con-inner\">\n\t\t<div class=\"elementor-element elementor-element-90c8e50 e-con-full e-flex e-con e-child\" data-id=\"90c8e50\" data-element_type=\"container\">\n\t\t\t\t<div class=\"elementor-element elementor-element-25280b1 at-image-animation at-animation-image-none at-none elementor-widget elementor-widget-image\" data-id=\"25280b1\" data-element_type=\"widget\" data-settings=\"{&quot;ekit_we_effect_on&quot;:&quot;none&quot;}\" data-widget_type=\"image.default\">\n\t\t\t\t\t\t\t\t\t\t\t\t\t\t\t<img decoding=\"async\" width=\"800\" height=\"534\" src=\"https:\/\/bestseozone.com\/projects\/kviktrafikskole\/wp-content\/uploads\/2025\/08\/B81I9937-1030x687-1-1024x683.jpg\" class=\"attachment-large size-large wp-image-15283\" alt=\"\" srcset=\"https:\/\/bestseozone.com\/projects\/kviktrafikskole\/wp-content\/uploads\/2025\/08\/B81I9937-1030x687-1-1024x683.jpg 1024w, https:\/\/bestseozone.com\/projects\/kviktrafikskole\/wp-content\/uploads\/2025\/08\/B81I9937-1030x687-1-300x200.jpg 300w, https:\/\/bestseozone.com\/projects\/kviktrafikskole\/wp-content\/uploads\/2025\/08\/B81I9937-1030x687-1-768x512.jpg 768w, https:\/\/bestseozone.com\/projects\/kviktrafikskole\/wp-content\/uploads\/2025\/08\/B81I9937-1030x687-1.jpg 1030w\" sizes=\"(max-width: 800px) 100vw, 800px\" \/>\t\t\t\t\t\t\t\t\t\t\t\t\t\t\t<\/div>\n\t\t\t\t<\/div>\n\t\t<div class=\"elementor-element elementor-element-d80ccf1 e-con-full my_css_h2 e-flex e-con e-child\" data-id=\"d80ccf1\" data-element_type=\"container\">\n\t\t\t\t<div class=\"elementor-element elementor-element-a04e15d my_css_h2 elementor-widget elementor-widget-text-editor\" data-id=\"a04e15d\" data-element_type=\"widget\" data-settings=\"{&quot;ekit_we_effect_on&quot;:&quot;none&quot;}\" data-widget_type=\"text-editor.default\">\n\t\t\t\t\t\t\t\t\t<div class=\"av-special-heading av-kpnqrv7c-e6c614b4f9fcc4e14ab8d69e38b6ff72 av-special-heading-h2 blockquote modern-quote avia-builder-el-24 el_before_av_textblock avia-builder-el-first margin-top-0\"><h2 class=\"av-special-heading-tag\">Teoripr\u00f8ve<\/h2><\/div><section class=\"av_textblock_section av-kpnqscma-fa816b27a9a075b20a3911d0215213fb \"><div class=\"avia_textblock\"><p>Pr\u00f8ven er skriftlig og har en varighed p\u00e5 ca. 30 minutter. Pr\u00f8ven best\u00e5r af en serie af justitsministeriets godkendte lysbilleds\u00e6t med indtalte sp\u00f8rgsm\u00e5l, der gengives p\u00e5 lydb\u00e5nd med tilh\u00f8rende 2-4 svarmuligheder. Eleverne skal v\u00e6lge mellem svarene ved afkrydsning (ja\/nej) p\u00e5 et udleveret skema. F\u00f8r pr\u00f8ven bliver deltagerne vejledt om pr\u00f8vens gennemf\u00f8relse og vilk\u00e5r.<\/p><p>Du har best\u00e5et pr\u00f8ven til almindelig bil, hvis du har besvaret 20 rigtige ud af 25 lysbilleder (til Taxa-pr\u00f8ve mindst 22 rigtige). Der er 12 elever til pr\u00f8ve ad gangen.<\/p><p>Pr\u00f8ven afholdes af politiet og foreg\u00e5r p\u00e5 GL. K\u00d8GELANDEVEJ 1, 2500 VALBY.<br \/>Umiddelbart efter teoripr\u00f8ven vil den pr\u00f8vesagkyndige meddele resultatet og aflevere et bed\u00f8mmelsesskema.<\/p><\/div><\/section>\t\t\t\t\t\t\t\t<\/div>\n\t\t\t\t<\/div>\n\t\t\t\t\t<\/div>\n\t\t\t\t<\/div>\n\t\t<div class=\"elementor-element elementor-element-4ccfea6 my_css_h2 e-flex e-con-boxed e-con e-parent\" data-id=\"4ccfea6\" data-element_type=\"container\">\n\t\t\t\t\t<div class=\"e-con-inner\">\n\t\t\t\t<div class=\"elementor-element elementor-element-e5a9323 elementor-widget elementor-widget-text-editor\" data-id=\"e5a9323\" data-element_type=\"widget\" data-settings=\"{&quot;ekit_we_effect_on&quot;:&quot;none&quot;}\" data-widget_type=\"text-editor.default\">\n\t\t\t\t\t\t\t\t\t<section class=\"av_textblock_section av-kpnqscma-fa816b27a9a075b20a3911d0215213fb \"><div class=\"avia_textblock\"><p>HUSK! Pr\u00f8velokalet lukkes ved aftalte m\u00f8detid. Elever der m\u00f8der for sent, kan ikke f\u00e5 adgang og skal have berammet en ny pr\u00f8ve mod gebyr.<\/p><p>Til teoripr\u00f8ven skal du medbringe f\u00f8lgende:<\/p><ol><li>Godkendt ans\u00f8gning om k\u00f8rekort.<\/li><li>Dit pas og evt. tidligere udstedt k\u00f8rekort (sygesikringsbevis\/dankort godkendes ikke som legitimation)<\/li><li>Din lektionsplan (logbog) \u2013 udleveret til dig ved f\u00f8rste teorilektion.<\/li><\/ol><\/div><\/section><div class=\"av-special-heading av-kpnqt7a9-7e9d3389ead3525712dc8e5d40dd9d38 av-special-heading-h2 blockquote modern-quote avia-builder-el-26 el_after_av_textblock el_before_av_textblock \"><h2 class=\"av-special-heading-tag\">Man\u00f8vrebane<\/h2><\/div><section class=\"av_textblock_section av-kpnqtbs8-45a7a7bbb348793e471b3e5b7e1c261e \"><div class=\"avia_textblock\"><p>Varighed: 4 x 45 minutter og der m\u00e5 v\u00e6re op til 3 elever ad gangen.<\/p><p>N\u00e5r man skal l\u00e6rer noget nyt skal man begynde med den lette del af opgaven og derefter gradvist \u00f8ge sv\u00e6rheden. Den bedste start p\u00e5 k\u00f8reuddannelsen f\u00e5r man ved at tr\u00e6ne p\u00e5 en lukket \u00f8velsesplads, en s\u00e5kaldt man\u00f8vrebane, som er godkendt af politiet. En kyndig instrukt\u00f8r fra Dansk Trafikskole s\u00f8rger for at du l\u00e6rer at betjene bilen korrekt og bliver fortrolig med teknikken uden at skulle t\u00e6nke p\u00e5 f\u00e6rdselsregler, signaler, tavler, striber, andre trafikanter osv. Du l\u00e6rer bl.a. f\u00f8lgende:<\/p><p>\u2013 Forberedelse til k\u00f8rsel, igangs\u00e6tning og standsning, k\u00f8rsel i 8-tal, vending samt bagl\u00e6ns k\u00f8rsel mm.<br \/>\u2013 Parkering i b\u00e5se og ved vejkant, forl\u00e6ns og bagl\u00e6ns slalom og m\u00e5lebremsning.<\/p><\/div><div class=\"flex_column av-vjztz-b79051d116f7bad31efb2c5d5c13399c av_one_half  avia-builder-el-30  el_before_av_one_half  avia-builder-el-first  first av-break-at-tablet flex_column_table_cell av-equal-height-column av-align-top av-zero-column-padding  \"><div class=\"av-special-heading av-kpnqucpw-b583e2eba096a01351b42cf3fb2b6169 av-special-heading-h2 blockquote modern-quote  avia-builder-el-31  el_before_av_textblock  avia-builder-el-first  margin-top-0\"><h2 class=\"av-special-heading-tag\">Glatbane (K\u00f8reteknisk anl\u00e6g)<\/h2><\/div><section class=\"av_textblock_section av-kpnqujal-9be5eed1e184a094cc7d3f179ff0091d \"><div class=\"avia_textblock\"><p>Man kan v\u00e6re heldig og slippe godt fra at overtr\u00e6de f\u00e6rdselsloven. Men hvis man overtr\u00e6der de fysiske naturlove for bilk\u00f8rsel, f\u00f8lger straffen \u00f8jeblikkeligt i form af en ulykke, fordi man mister magten over bilen. Glatbanekursus handler om at forst\u00e5 hvor vigtigt det er at tilpasse fart, styring og bremsning til forholdene. Her skal du erfare, hvordan det er at k\u00f8re p\u00e5 v\u00e5d eller t\u00f8r bel\u00e6gning. Du l\u00e6rer at reagere hurtigt og korrekt i de kritiske situationer. Du l\u00e6rer bl.a. f\u00f8lgende:<br \/>\u2013 Hastighed, bremsel\u00e6ngde, centrifugalkraft og vejgrebets udnyttelse.<br \/>\u2013 Bremse-\/ og undvigeman\u00f8vrer p\u00e5 t\u00f8r bane og i glat f\u00f8re (med og uden ABS-bremser)<br \/>\u2013 At bevare herred\u00f8mmet efter k\u00f8rsel med det ene hjulpar ud\/ned over h\u00f8jkant.<br \/>\u2013 Genvindelse af vejgrebet efter for-\/baghjulsudskridning.<\/p><p>Inden du afpr\u00f8ver de enkelte teknikker, f\u00e5r du en grundig forklaring via video og af instrukt\u00f8ren. Du k\u00f8rer alene i bilen, men modtager instrukser over radioen. Der m\u00e5 v\u00e6re op til 6 elever ad gangen. Glatbanekursus varer 4 x 45 minutter, og det er sjovt og l\u00e6rerigt. Husk at tage ans\u00f8gningen om k\u00f8rekort og lektionsplanen med p\u00e5 glatbanen.<\/p><p>Det er din k\u00f8rel\u00e6rer der indstiller dig til glatbane, hvilket skal ske f\u00f8r den praktiske pr\u00f8ve. Undervisningen p\u00e5 glatbane fortages af en glatbaneinstrukt\u00f8r.<\/p><\/div><\/section><div class=\"av-special-heading av-kpnqupyw-eaf1242a36665f5b6ee46c01c2da0562 av-special-heading-h2 blockquote modern-quote  avia-builder-el-33  el_after_av_textblock  el_before_av_textblock \"><h2 class=\"av-special-heading-tag\">Praktisk pr\u00f8ve<\/h2><\/div><section class=\"av_textblock_section av-kpnquvf4-70cf61d4ad98b1d68e72c6b7179ffd9c \"><div class=\"avia_textblock\"><p>Den praktiske pr\u00f8ve gennemf\u00f8res i en godkendt skolevogn, som du har \u00f8vet dig i hidtil og kender. Under k\u00f8rslen sidder den pr\u00f8vesagkyndige ved siden af eleven. Der skal k\u00f8res efter de anvisninger om rute og man\u00f8vrer, som den pr\u00f8vesagkyndige giver. Disse anvisninger gives tydeligt og i s\u00e5 god tid, at eleven kan opfatte og forst\u00e5 dem. Hvis der er noget i anvisningerne, man ikke forst\u00e5r eller er i tvivl om, b\u00f8r man sp\u00f8rge den sagkyndige frem for at g\u00f8re noget forkert. Den pr\u00f8vesagkyndige m\u00e5 i \u00f8vrigt ikke tvinge eleven ud i unormale f\u00e6rdselssituationer.<\/p><p>Pr\u00f8ven har normalt en varighed pa ca. 30- 45 minutter. Enkelte mindre alvorlige fejl kan ikke i sig selv medf\u00f8re, at pr\u00f8ven bed\u00f8mmes som ikke-best\u00e5et, idet k\u00f8rslen skal vurderes som helhed. Kontrol af bilens lovpligtige udstyr indg\u00e5r som et led i den praktiske pr\u00f8ve.<br \/>Umiddelbart efter pr\u00f8ven f\u00e5r du besked om du har best\u00e5et. Du f\u00e5r et midlertidigt k\u00f8rekort med det samme, n\u00e5r du best\u00e5r.<\/p><div class=\"flex_column av-rkge7-1c9c303e448b0a20356906f8afc737b0 av_one_half  avia-builder-el-35  el_after_av_one_half  avia-builder-el-last  av-break-at-tablet flex_column_table_cell av-equal-height-column av-align-top av-zero-column-padding  \"><div class=\"av-special-heading av-kpnqva8g-2101c9a310532317464b644e9d4b0a03 av-special-heading-h2 blockquote modern-quote  avia-builder-el-36  el_before_av_textblock  avia-builder-el-first  margin-top-0\"><h2 class=\"av-special-heading-tag\">Hvad skal medbringes?<\/h2><\/div><section class=\"av_textblock_section av-kpnqvj49-982927df6cab731d587bf2789ee3c925 \"><div class=\"avia_textblock\"><p>Til den praktiske pr\u00f8ve skal du medbringe f\u00f8lgende:<\/p><p>1. Ans\u00f8gning om k\u00f8rekort (husk underskrifterne)<br \/>2. Dit pas og evt. tidligere udstedt k\u00f8rekort (sygesikringsbevis\/dankort godkendes ikke som legitimation)<br \/>3. Din lektionsplan (logbogen)<br \/>Husk det er dit ansvar at medbringe dokumenterne til pr\u00f8verne!<\/p><p>V\u00e6r opm\u00e6rksom p\u00e5\u2026<\/p><p>at \u201clovpakken\u201d indeholder 4 x 45 minutter p\u00e5 man\u00f8vrebane, 4 x 45 minutter p\u00e5 glatbane og 16 k\u00f8retimer p\u00e5 vej i skolevognen (sammenlagt 24 k\u00f8relektioner). Du skal huske at det er et absolut minimumsantal lektioner og det er de f\u00e6rreste elever, som kan n\u00f8jes med dette timetal. En gennemsnitlig elev har behov for ca. 2 \u2013 6 ekstra k\u00f8relektioner, som afregnes direkte med k\u00f8rel\u00e6reren.<br \/>Bem\u00e6rk! at du til den praktiske pr\u00f8ve selv skal betale leje af skolevogn som er kr. 1.000,-. Bel\u00f8bet d\u00e6kker k\u00f8repr\u00f8ven, gennemgang af teknikken, samt k\u00f8rsel med sagkyndig.<\/p><\/div><\/section><div class=\"av-special-heading av-kpnqvo4x-5f95f84b40ef9de2df0342c9a3139518 av-special-heading-h2 blockquote modern-quote  avia-builder-el-38  el_after_av_textblock  el_before_av_textblock \"><h2 class=\"av-special-heading-tag\">Krav til k\u00f8rekort til bil<\/h2><\/div><section class=\"av_textblock_section av-kpnqvsrs-68832afcce0e1da0f61c1ed05a83cbf7 \"><div class=\"avia_textblock\"><p>For at f\u00e5 k\u00f8rekort skal man have modtaget undervisning af en godkendt k\u00f8rel\u00e6rer og man skal v\u00e6re fyldt 17 \u00e5r.<br \/>Man har mulighed for at starte p\u00e5 undervisningen 3 mdr. f\u00f8r man fylder 17 \u00e5r.<br \/>Alt dette skal fordeles over minimum 14 undervisningsdage.<br \/>Den f\u00f8rste gang du m\u00f8der til teoriundervisning vil du f\u00e5 udleveret en lektionsplan som n\u00f8je beskriver hvad du skal igennem for at f\u00e5 k\u00f8rekort.<\/p><\/div><\/section><\/div><\/div><\/section><\/div><\/section>\t\t\t\t\t\t\t\t<\/div>\n\t\t\t\t\t<\/div>\n\t\t\t\t<\/div>\n\t\t<div class=\"elementor-element elementor-element-c009c0b e-flex e-con-boxed e-con e-parent\" data-id=\"c009c0b\" data-element_type=\"container\">\n\t\t\t\t\t<div class=\"e-con-inner\">\n\t\t<div class=\"elementor-element elementor-element-55ea551 e-con-full e-flex e-con e-child\" data-id=\"55ea551\" data-element_type=\"container\">\n\t\t\t\t<div class=\"elementor-element elementor-element-f31cec7 elementor-align-right elementor-widget__width-initial elementor-widget elementor-widget-button\" data-id=\"f31cec7\" data-element_type=\"widget\" data-settings=\"{&quot;ekit_we_effect_on&quot;:&quot;none&quot;}\" data-widget_type=\"button.default\">\n\t\t\t\t\t\t\t\t\t\t<a class=\"elementor-button elementor-button-link elementor-size-sm\" href=\"tel:35355455\">\n\t\t\t\t\t\t<span class=\"elementor-button-content-wrapper\">\n\t\t\t\t\t\t<span class=\"elementor-button-icon\">\n\t\t\t\t<i aria-hidden=\"true\" class=\"fas fa-phone-alt\"><\/i>\t\t\t<\/span>\n\t\t\t\t\t\t\t\t\t<span class=\"elementor-button-text\">35 35 54 55<\/span>\n\t\t\t\t\t<\/span>\n\t\t\t\t\t<\/a>\n\t\t\t\t\t\t\t\t<\/div>\n\t\t\t\t<\/div>\n\t\t<div class=\"elementor-element elementor-element-0cb772b e-con-full e-flex e-con e-child\" data-id=\"0cb772b\" data-element_type=\"container\">\n\t\t\t\t<div class=\"elementor-element elementor-element-d709e74 elementor-align-center elementor-widget__width-initial elementor-widget elementor-widget-button\" data-id=\"d709e74\" data-element_type=\"widget\" data-settings=\"{&quot;ekit_we_effect_on&quot;:&quot;none&quot;}\" data-widget_type=\"button.default\">\n\t\t\t\t\t\t\t\t\t\t<a class=\"elementor-button elementor-button-link elementor-size-sm\" href=\"https:\/\/bestseozone.com\/projects\/kviktrafikskole\/tilmelding\/\">\n\t\t\t\t\t\t<span class=\"elementor-button-content-wrapper\">\n\t\t\t\t\t\t<span class=\"elementor-button-icon\">\n\t\t\t\t<i aria-hidden=\"true\" class=\"far fa-calendar-alt\"><\/i>\t\t\t<\/span>\n\t\t\t\t\t\t\t\t\t<span class=\"elementor-button-text\">Tilmelding <\/span>\n\t\t\t\t\t<\/span>\n\t\t\t\t\t<\/a>\n\t\t\t\t\t\t\t\t<\/div>\n\t\t\t\t<\/div>\n\t\t\t\t\t<\/div>\n\t\t\t\t<\/div>\n\t\t\t\t<\/div>\n\t\t","protected":false},"excerpt":{"rendered":"<p>Forl\u00f8bet Home K\u00f8reundervisningsforlob, k\u00f8rekort, erhvervelse og gyldighed If\u00f8lge f\u00e6rdselslovens [&hellip;]<\/p>\n","protected":false},"author":1,"featured_media":0,"parent":0,"menu_order":0,"comment_status":"closed","ping_status":"closed","template":"elementor_header_footer","meta":{"give_campaign_id":0,"footnotes":""},"class_list":["post-15267","page","type-page","status-publish","hentry"],"campaignId":"","_links":{"self":[{"href":"https:\/\/bestseozone.com\/projects\/kviktrafikskole\/wp-json\/wp\/v2\/pages\/15267","targetHints":{"allow":["GET"]}}],"collection":[{"href":"https:\/\/bestseozone.com\/projects\/kviktrafikskole\/wp-json\/wp\/v2\/pages"}],"about":[{"href":"https:\/\/bestseozone.com\/projects\/kviktrafikskole\/wp-json\/wp\/v2\/types\/page"}],"author":[{"embeddable":true,"href":"https:\/\/bestseozone.com\/projects\/kviktrafikskole\/wp-json\/wp\/v2\/users\/1"}],"replies":[{"embeddable":true,"href":"https:\/\/bestseozone.com\/projects\/kviktrafikskole\/wp-json\/wp\/v2\/comments?post=15267"}],"version-history":[{"count":28,"href":"https:\/\/bestseozone.com\/projects\/kviktrafikskole\/wp-json\/wp\/v2\/pages\/15267\/revisions"}],"predecessor-version":[{"id":15741,"href":"https:\/\/bestseozone.com\/projects\/kviktrafikskole\/wp-json\/wp\/v2\/pages\/15267\/revisions\/15741"}],"wp:attachment":[{"href":"https:\/\/bestseozone.com\/projects\/kviktrafikskole\/wp-json\/wp\/v2\/media?parent=15267"}],"curies":[{"name":"wp","href":"https:\/\/api.w.org\/{rel}","templated":true}]}}