{"id":15191,"date":"2025-08-19T14:12:00","date_gmt":"2025-08-19T14:12:00","guid":{"rendered":"https:\/\/bestseozone.com\/projects\/kviktrafikskole\/?page_id=15191"},"modified":"2025-08-19T21:03:51","modified_gmt":"2025-08-19T21:03:51","slug":"infobrev","status":"publish","type":"page","link":"https:\/\/bestseozone.com\/projects\/kviktrafikskole\/infobrev\/","title":{"rendered":"Infobrev"},"content":{"rendered":"\t\t<div data-elementor-type=\"wp-page\" data-elementor-id=\"15191\" class=\"elementor elementor-15191\">\n\t\t\t\t<div data-ekitparallax=\"{&quot;ekit_section_parallax_bg&quot;:&quot;yes&quot;,&quot;ekit_section_parallax_bg_speed&quot;:0.5,&quot;elementor_lazy_load&quot;:&quot;1&quot;}\" class=\"elementor-element elementor-element-9022493 page-hero-section e-flex e-con-boxed e-con e-parent\" data-id=\"9022493\" data-element_type=\"container\" data-settings=\"{&quot;background_background&quot;:&quot;classic&quot;}\">\n\t\t\t\t\t<div class=\"e-con-inner\">\n\t\t<div class=\"elementor-element elementor-element-cbc65e2 e-con-full e-flex e-con e-child\" data-id=\"cbc65e2\" data-element_type=\"container\">\n\t\t\t\t<div class=\"elementor-element elementor-element-67d0387 at-heading-animation at-animation-heading-style-2 elementor-widget elementor-widget-heading\" data-id=\"67d0387\" data-element_type=\"widget\" data-settings=\"{&quot;ekit_we_effect_on&quot;:&quot;none&quot;}\" data-widget_type=\"heading.default\">\n\t\t\t\t\t<h1 class=\"elementor-heading-title elementor-size-default\"><span> Infobrev <\/span><\/h1>\t\t\t\t<\/div>\n\t\t\t\t<div class=\"elementor-element elementor-element-18c9076 elementor-invisible elementor-widget elementor-widget-elementskit-breadcrumb\" data-id=\"18c9076\" data-element_type=\"widget\" data-settings=\"{&quot;_animation&quot;:&quot;fadeInUp&quot;,&quot;ekit_we_effect_on&quot;:&quot;none&quot;}\" data-widget_type=\"elementskit-breadcrumb.default\">\n\t\t\t\t<div class=\"elementor-widget-container\">\n\t\t\t\t\t<div class=\"ekit-wid-con\" ><ol class=\"ekit-breadcrumb\"><li class=\"ekit_breadcrumbs_start\"><a href=\"https:\/\/bestseozone.com\/projects\/kviktrafikskole\">Home<\/a><\/li><\/ol><\/div>\t\t\t\t<\/div>\n\t\t\t\t<\/div>\n\t\t\t\t<\/div>\n\t\t\t\t\t<\/div>\n\t\t\t\t<\/div>\n\t\t<div class=\"elementor-element elementor-element-375e194 e-flex e-con-boxed e-con e-parent\" data-id=\"375e194\" data-element_type=\"container\">\n\t\t\t\t\t<div class=\"e-con-inner\">\n\t\t\t\t<div class=\"elementor-element elementor-element-88e7926 elementor-widget elementor-widget-text-editor\" data-id=\"88e7926\" data-element_type=\"widget\" data-settings=\"{&quot;ekit_we_effect_on&quot;:&quot;none&quot;}\" data-widget_type=\"text-editor.default\">\n\t\t\t\t\t\t\t\t\t<div class=\"flex_column av-3ftpmb-b36fd85a768d9558880062b27fbc22e8 av_one_half  avia-builder-el-11  el_before_av_one_half  avia-builder-el-first  first av-break-at-tablet flex_column_table_cell av-equal-height-column av-align-top av-zero-column-padding  \"><div class=\"av-special-heading av-kpnq8zax-dd3c811896db5e1a4df31ed12c2da443 av-special-heading-h2 blockquote modern-quote  avia-builder-el-12  el_before_av_textblock  avia-builder-el-first  margin-top-0\"><h2 class=\"av-special-heading-tag\">Velkommen til Kviktrafikskole<\/h2><\/div><section class=\"av_textblock_section av-kpnq96xq-8edb15082398bb73bc1f26f54f378fa1 \"><div class=\"avia_textblock\"><p>Vores m\u00e5ls\u00e6tning er, at give k\u00f8rekort til vores Elever p\u00e5 en meget enkelt og overskueligt m\u00e5de, uden ubehagelig overraskelser gennem forl\u00f8bet, og at eleverne g\u00e5r herfra som glade og tilfredse kunder, og alt er forl\u00f8bet uden vanskeligheder.<\/p><p>Der er mange ting at holde styr p\u00e5, n\u00e5r man skal til, at tage et k\u00f8rekort. Derfor vil vi her give dig en r\u00e6kke vigtige informationer, som g\u00f8r forl\u00f8bet bliver mere overskueligt.<\/p><p>Hvis du p\u00e5 noget tidspunkt under dit forl\u00f8b er i tvivl eller utilfreds med noget, er du altid velkommen til at kontakte os p\u00e5 telefon <a href=\"tel:35355455\">35 35 54 55<\/a><\/p><\/div><\/section><div class=\"av-special-heading av-39m7bn-caf646997ae9e180b067469c239860c0 av-special-heading-h2 blockquote modern-quote  avia-builder-el-14  el_after_av_textblock  el_before_av_textblock \"><h2 class=\"av-special-heading-tag\">Vigtige informationer<\/h2><\/div><section class=\"av_textblock_section av-34arcj-08a74faa35f8320442ab178df78edbef \"><div class=\"avia_textblock\"><p>Lektionsplan\/Logbog og ans\u00f8gning om K\u00f8rekort.<\/p><p>N\u00e5r du har besluttet dig for, at starte p\u00e5 Kviktrafikskole f\u00e5r du udleveret en ans\u00f8gning om k\u00f8rekort og en lektionsplan. Denne lektionsplan skal medbringes til alle praktiske og teoretiske undervisningslektioner, der skal underskrives af b\u00e5de k\u00f8rerl\u00e6rer og dig selv som elev.<\/p><p>Det er et lovkrav, at lektionsr\u00e6kkef\u00f8lgen skal overholdes.<\/p><\/div><\/section><div class=\"av-special-heading av-kpnq9beu-561f6790f8c79b8c12dc0c91c894500c av-special-heading-h2 blockquote modern-quote  avia-builder-el-16  el_after_av_textblock  el_before_av_textblock \"><h2 class=\"av-special-heading-tag\">Man\u00f8vrebane<\/h2><\/div><section class=\"av_textblock_section av-kpnq9gk0-5737cc08710103bcbee2c6a22498ba2d \"><div class=\"avia_textblock\"><p>Du aftaler tid til man\u00f8vrebanek\u00f8rsel p\u00e5 k\u00f8reskolen. Aflysning skal ske senest 5 hverdage f\u00f8r. Hvis du af en eller anden grund ikke m\u00f8der op til man\u00f8vrebanen, h\u00e6fter du for man\u00f8vrebane (2500 kr.)<\/p><\/div><\/section><\/div>\t\t\t\t\t\t\t\t<\/div>\n\t\t\t\t\t<\/div>\n\t\t\t\t<\/div>\n\t\t<div class=\"elementor-element elementor-element-3a7fd05 e-flex e-con-boxed e-con e-parent\" data-id=\"3a7fd05\" data-element_type=\"container\">\n\t\t\t\t\t<div class=\"e-con-inner\">\n\t\t<div class=\"elementor-element elementor-element-857d4f6 e-con-full e-flex e-con e-child\" data-id=\"857d4f6\" data-element_type=\"container\">\n\t\t\t\t<div class=\"elementor-element elementor-element-8209197 at-image-animation at-animation-image-none at-none elementor-widget elementor-widget-image\" data-id=\"8209197\" data-element_type=\"widget\" data-settings=\"{&quot;ekit_we_effect_on&quot;:&quot;none&quot;}\" data-widget_type=\"image.default\">\n\t\t\t\t\t\t\t\t\t\t\t\t\t\t\t<img fetchpriority=\"high\" decoding=\"async\" width=\"800\" height=\"534\" src=\"https:\/\/bestseozone.com\/projects\/kviktrafikskole\/wp-content\/uploads\/2025\/08\/B81I0125-1024x683.jpg\" class=\"attachment-large size-large wp-image-15199\" alt=\"\" srcset=\"https:\/\/bestseozone.com\/projects\/kviktrafikskole\/wp-content\/uploads\/2025\/08\/B81I0125-1024x683.jpg 1024w, https:\/\/bestseozone.com\/projects\/kviktrafikskole\/wp-content\/uploads\/2025\/08\/B81I0125-300x200.jpg 300w, https:\/\/bestseozone.com\/projects\/kviktrafikskole\/wp-content\/uploads\/2025\/08\/B81I0125-768x512.jpg 768w, https:\/\/bestseozone.com\/projects\/kviktrafikskole\/wp-content\/uploads\/2025\/08\/B81I0125-1536x1024.jpg 1536w, https:\/\/bestseozone.com\/projects\/kviktrafikskole\/wp-content\/uploads\/2025\/08\/B81I0125-2048x1365.jpg 2048w\" sizes=\"(max-width: 800px) 100vw, 800px\" \/>\t\t\t\t\t\t\t\t\t\t\t\t\t\t\t<\/div>\n\t\t\t\t<\/div>\n\t\t<div class=\"elementor-element elementor-element-78f9228 e-con-full e-flex e-con e-child\" data-id=\"78f9228\" data-element_type=\"container\">\n\t\t\t\t<div class=\"elementor-element elementor-element-b0b8788 at-image-animation at-animation-image-none at-none elementor-widget elementor-widget-image\" data-id=\"b0b8788\" data-element_type=\"widget\" data-settings=\"{&quot;ekit_we_effect_on&quot;:&quot;none&quot;}\" data-widget_type=\"image.default\">\n\t\t\t\t\t\t\t\t\t\t\t\t\t\t\t<img decoding=\"async\" width=\"800\" height=\"534\" src=\"https:\/\/bestseozone.com\/projects\/kviktrafikskole\/wp-content\/uploads\/2025\/08\/B81I9948-1030x687-1-1024x683.jpg\" class=\"attachment-large size-large wp-image-15203\" alt=\"\" srcset=\"https:\/\/bestseozone.com\/projects\/kviktrafikskole\/wp-content\/uploads\/2025\/08\/B81I9948-1030x687-1-1024x683.jpg 1024w, https:\/\/bestseozone.com\/projects\/kviktrafikskole\/wp-content\/uploads\/2025\/08\/B81I9948-1030x687-1-300x200.jpg 300w, https:\/\/bestseozone.com\/projects\/kviktrafikskole\/wp-content\/uploads\/2025\/08\/B81I9948-1030x687-1-768x512.jpg 768w, https:\/\/bestseozone.com\/projects\/kviktrafikskole\/wp-content\/uploads\/2025\/08\/B81I9948-1030x687-1.jpg 1030w\" sizes=\"(max-width: 800px) 100vw, 800px\" \/>\t\t\t\t\t\t\t\t\t\t\t\t\t\t\t<\/div>\n\t\t\t\t<\/div>\n\t\t\t\t\t<\/div>\n\t\t\t\t<\/div>\n\t\t<div class=\"elementor-element elementor-element-0d6a765 e-flex e-con-boxed e-con e-parent\" data-id=\"0d6a765\" data-element_type=\"container\">\n\t\t\t\t\t<div class=\"e-con-inner\">\n\t\t\t\t<div class=\"elementor-element elementor-element-7ba873c elementor-widget elementor-widget-text-editor\" data-id=\"7ba873c\" data-element_type=\"widget\" data-settings=\"{&quot;ekit_we_effect_on&quot;:&quot;none&quot;}\" data-widget_type=\"text-editor.default\">\n\t\t\t\t\t\t\t\t\t<div class=\"flex_column av-6tpob-8fbb2300c82e77387384ef6cf3859440 av_one_half avia-builder-el-29 el_after_av_one_half avia-builder-el-last flex_column_table_cell av-equal-height-column av-align-top av-zero-column-padding \"><div class=\"av-special-heading av-1o5rl7-11788c0898ee43e71c20713546fd43ef av-special-heading-h2 blockquote modern-quote avia-builder-el-30 el_before_av_textblock avia-builder-el-first margin-top-0\"><h2 class=\"av-special-heading-tag\">Teoripr\u00f8ve<\/h2><\/div><section class=\"av_textblock_section av-1mi82j-3972dddb4c83963d39e4837f0e4a5ddb \"><div class=\"avia_textblock\"><p>Du skal melde dig til teoripr\u00f8ve s\u00e5 hurtigt som muligt, da der er ca. 2 \u2013 4 ugers ventetid p\u00e5 teoripr\u00f8ver hos politiet. Inden afl\u00e6ggelse af teoripr\u00f8ven skal alt undervisning til og med Teori 8 v\u00e6re gennemf\u00f8rt.<\/p><p>Du skal skrive under p\u00e5 ans\u00f8gningen, n\u00e5r du tilmelder dig til teoripr\u00f8ve. Vedl\u00e6g sammen med ans\u00f8gningsskemaet:<\/p><ul><li>Kopi af sygesikringsbevis (Ganske almindelig sort\/hvid kopi.)<\/li><li>F\u00f8rstehj\u00e6lpskursus (Skal bestilles hos k\u00f8reskolen.)<\/li><li>L\u00e6geerkl\u00e6ring (bestilles hos din egen l\u00e6ge, husk at medbringe et stk. pasfoto til l\u00e6gen.)<\/li><li>Udenlandsk statsborger skal vedl\u00e6gge kopi af opholdstilladelse og pas<\/li><\/ul><p>Aflever alt dette til p\u00e5 k\u00f8reskolen<br \/>Selve teoripr\u00f8ven foreg\u00e5r i politiets lokaler p\u00e5 Tofteg\u00e5rdsplads\/Gammel K\u00f8ge Landevej 1 \u2013 Kom i god tid. Du bliver afvist, hvis du kommer forsent.<\/p><p>N\u00e5r du skal til teoripr\u00f8ve skal du medbringe f\u00f8lgende.<\/p><ol><li>Ans\u00f8gning om k\u00f8rekort, som du selv skal sikre dig er underskrevet af underviserne p\u00e5 man\u00f8vrebane, i teorilokalet og praktisk k\u00f8reundervisning.<\/li><li>Logbog\/Lektionsplan (underskrevet til og med lektion 16.)<\/li><li>Gyldigt pas ( Hvis du ikke har et pas, skal du medbringe original d\u00e5bsattest\/navneattest og billedlegitimation)<\/li><\/ol><\/div><\/section><div class=\"avia-buttonrow-wrap av-4496r-3b887e68374c59c4db9c2d5048d4e452 avia-buttonrow-left avia-builder-el-32 el_after_av_textblock avia-builder-el-last \">\u00a0<\/div><\/div>\t\t\t\t\t\t\t\t<\/div>\n\t\t\t\t\t<\/div>\n\t\t\t\t<\/div>\n\t\t<div class=\"elementor-element elementor-element-069f3ad e-flex e-con-boxed e-con e-parent\" data-id=\"069f3ad\" data-element_type=\"container\">\n\t\t\t\t\t<div class=\"e-con-inner\">\n\t\t<div class=\"elementor-element elementor-element-dce37fc e-con-full e-flex e-con e-child\" data-id=\"dce37fc\" data-element_type=\"container\">\n\t\t\t\t<div class=\"elementor-element elementor-element-31f5b4b elementor-align-right elementor-widget__width-initial elementor-widget elementor-widget-button\" data-id=\"31f5b4b\" data-element_type=\"widget\" data-settings=\"{&quot;ekit_we_effect_on&quot;:&quot;none&quot;}\" data-widget_type=\"button.default\">\n\t\t\t\t\t\t\t\t\t\t<a class=\"elementor-button elementor-button-link elementor-size-sm\" href=\"tel:35%2035%2054%2055\">\n\t\t\t\t\t\t<span class=\"elementor-button-content-wrapper\">\n\t\t\t\t\t\t<span class=\"elementor-button-icon\">\n\t\t\t\t<i aria-hidden=\"true\" class=\"fas fa-phone-alt\"><\/i>\t\t\t<\/span>\n\t\t\t\t\t\t\t\t\t<span class=\"elementor-button-text\">35 35 54 55<\/span>\n\t\t\t\t\t<\/span>\n\t\t\t\t\t<\/a>\n\t\t\t\t\t\t\t\t<\/div>\n\t\t\t\t<\/div>\n\t\t<div class=\"elementor-element elementor-element-afbbb87 e-con-full e-flex e-con e-child\" data-id=\"afbbb87\" data-element_type=\"container\">\n\t\t\t\t<div class=\"elementor-element elementor-element-9988000 elementor-align-center elementor-widget__width-initial elementor-widget elementor-widget-button\" data-id=\"9988000\" data-element_type=\"widget\" data-settings=\"{&quot;ekit_we_effect_on&quot;:&quot;none&quot;}\" data-widget_type=\"button.default\">\n\t\t\t\t\t\t\t\t\t\t<a class=\"elementor-button elementor-button-link elementor-size-sm\" href=\"https:\/\/bestseozone.com\/projects\/kviktrafikskole\/tilmelding\/\">\n\t\t\t\t\t\t<span class=\"elementor-button-content-wrapper\">\n\t\t\t\t\t\t<span class=\"elementor-button-icon\">\n\t\t\t\t<i aria-hidden=\"true\" class=\"far fa-calendar-alt\"><\/i>\t\t\t<\/span>\n\t\t\t\t\t\t\t\t\t<span class=\"elementor-button-text\">Tilmelding <\/span>\n\t\t\t\t\t<\/span>\n\t\t\t\t\t<\/a>\n\t\t\t\t\t\t\t\t<\/div>\n\t\t\t\t<\/div>\n\t\t\t\t\t<\/div>\n\t\t\t\t<\/div>\n\t\t<div class=\"elementor-element elementor-element-890eb4b e-flex e-con-boxed e-con e-parent\" data-id=\"890eb4b\" data-element_type=\"container\">\n\t\t\t\t\t<div class=\"e-con-inner\">\n\t\t<div class=\"elementor-element elementor-element-0f95027 e-con-full e-flex e-con e-child\" data-id=\"0f95027\" data-element_type=\"container\">\n\t\t\t\t<div class=\"elementor-element elementor-element-e1108ea elementor-widget elementor-widget-text-editor\" data-id=\"e1108ea\" data-element_type=\"widget\" data-settings=\"{&quot;ekit_we_effect_on&quot;:&quot;none&quot;}\" data-widget_type=\"text-editor.default\">\n\t\t\t\t\t\t\t\t\t<div class=\"av-special-heading av-1e5jzv-f8c02b4f621d1fa79ab59b400cedebcb av-special-heading-h2 blockquote modern-quote avia-builder-el-35 el_before_av_textblock avia-builder-el-first \"><h2 class=\"av-special-heading-tag\">K\u00f8reteknisk anl\u00e6g<\/h2><\/div><section class=\"av_textblock_section av-1a64ez-286265f5941ee80d393269416143c3ef \"><div class=\"avia_textblock\"><p>K\u00f8reteknisk kursus skal v\u00e6re afviklet inden den praktiske pr\u00f8ve. Aftal tid for k\u00f8reteknisk anl\u00e6g p\u00e5 k\u00f8reskolen \u2013 dog f\u00f8rst efter du har aftalt det med din k\u00f8rel\u00e6rer.<br \/>Aflysning skal ske senest 7 hverdage f\u00f8r. Hvis du af en eller anden grund ikke m\u00f8der op p\u00e5 k\u00f8reteknisk anl\u00e6g, h\u00e6fter du for banen selv. pris if\u00f8lge hjemmesiden.<\/p><\/div><\/section><div class=\"av-special-heading av-kpnqebkk-974ace24bfd82eabad071bb7a8081b16 av-special-heading-h2 blockquote modern-quote avia-builder-el-37 el_after_av_textblock el_before_av_textblock \"><h2 class=\"av-special-heading-tag\">Praktisk K\u00f8repr\u00f8ve<\/h2><\/div><section class=\"av_textblock_section av-kpnqeika-87d5a6f19ebc39572d28f90e52abf0ae \"><div class=\"avia_textblock\"><p align=\"justify\">Du kan tilmeldes den praktiske pr\u00f8ve, n\u00e5r du har best\u00e5et teoripr\u00f8ven, du bestiller pr\u00f8ven hos din k\u00f8rel\u00e6rer<\/p><p align=\"justify\">Til k\u00f8repr\u00f8ven skal du huske at medbringe.<\/p><ol><li>Ans\u00f8gning om k\u00f8rekort.<\/li><li>Lektionsplan\/Logbog (i underskrevet stand)<\/li><li>Gyldigt pas ( Hvis du ikke har et pas, skal du medbringe original d\u00e5bsattest\/navneattest og billedlegitimation)<\/li><\/ol><p align=\"justify\">Pr\u00f8ven kan senest aflyses 5 hverdage f\u00f8r, ved personligt fremm\u00f8de p\u00e5 k\u00f8reskolen.<\/p><\/div><\/section><div class=\"av-special-heading av-kpnqemxy-5f0943244262970cbd8398183eb07fd1 av-special-heading-h2 blockquote modern-quote avia-builder-el-39 el_after_av_textblock el_before_av_textblock \"><h2 class=\"av-special-heading-tag\">Aflysninger<\/h2><\/div><section class=\"av_textblock_section av-kpnqetus-9d1d7c37edabd3325823c12ebd01ec28 \"><div class=\"avia_textblock\"><p>Skulle du komme i en situation, hvor du er n\u00f8dsaget til at aflyse en indg\u00e5et aftale, anmoder vi dig om, at g\u00f8re det i meget god tid. Hvis du aflyser for sent, skal du betale fuldt honorar for den aftale k\u00f8retid.<\/p><\/div><\/section>\t\t\t\t\t\t\t\t<\/div>\n\t\t\t\t<\/div>\n\t\t<div class=\"elementor-element elementor-element-4d8f73e e-con-full e-flex e-con e-child\" data-id=\"4d8f73e\" data-element_type=\"container\">\n\t\t\t\t<div class=\"elementor-element elementor-element-ae03b44 elementor-widget elementor-widget-text-editor\" data-id=\"ae03b44\" data-element_type=\"widget\" data-settings=\"{&quot;ekit_we_effect_on&quot;:&quot;none&quot;}\" data-widget_type=\"text-editor.default\">\n\t\t\t\t\t\t\t\t\t<div class=\"flex_column av-q0j9v-5045cfd584e2f0b0db6cfff0c87c3bdb av_one_half avia-builder-el-42 el_after_av_one_half avia-builder-el-last av-break-at-tablet flex_column_table_cell av-equal-height-column av-align-top av-zero-column-padding \"><div class=\"av-special-heading av-kpnqh999-ebcc9cafd3142d3afc6649e4e04dcb6c av-special-heading-h2 blockquote modern-quote avia-builder-el-43 el_before_av_textblock avia-builder-el-first margin-top-0\"><h2 class=\"av-special-heading-tag\">Seneste tider for aflysninger<\/h2><\/div><section class=\"av_textblock_section av-kpnqhem5-9d30c29711fbf86e0ccdfc49f5da8471 \"><div class=\"avia_textblock\"><p>F\u00f8rstehj\u00e6lp: 3 hverdage f\u00f8r, ved frem m\u00f8det p\u00e5 kontoret i \u00e5bningstiden. Hvis du udebliver\/melder afbud forsent koster det dig en nyt kursus pris if\u00f8lge hjemmeside<\/p><p>Man\u00f8vrebane: 5 hverdage ved frem m\u00f8det p\u00e5 kontoret i \u00e5bningstiden. ( Hvis du udebliver\/melder afbud forsent koster det dig en ny bane pris if\u00f8lge hjemmeside.)<\/p><p>K\u00f8relektion: 1. hverdag f\u00f8r, inden kl. 12.00 telefonisk hos din k\u00f8rel\u00e6rer. ( Hvis du udebliver\/melder afbud forsent koster det dig en ny lektion pris if\u00f8lge hjemmeside.)<\/p><p>K\u00f8reteknisk anl\u00e6g: 7 hverdage f\u00f8r, ved frem m\u00f8de p\u00e5 kontoret i \u00e5bningstiden. ( Hvis du udebliver\/melder afbud forsent koster det dig ny bane, pris if\u00f8lge hjemmeside)<\/p><p>Teoripr\u00f8ven: 6 hverdage f\u00f8r, ved frem m\u00f8de p\u00e5 kontoret i \u00e5bningstiden. ( Hvis du udebliver\/melder afbud forsent skal du betale nyt gebyr til politiet pris if\u00f8lge hjemmeside.)<\/p><p>K\u00f8repr\u00f8ven: 6 hverdage f\u00f8r, inden kl. 12.00 telefonisk hos din k\u00f8rel\u00e6rer. ( Hvis du udebliver\/melder afbud forsent koster det dig en ny k\u00f8repr\u00f8ve, samt gebyr til politiet for ny pr\u00f8ve, pris if\u00f8lge hjemmeside.)<\/p><\/div><\/section><div class=\"av-special-heading av-kpnqhjgq-f0ec758cb07e938f1ab489e806012cf1 av-special-heading-h2 blockquote modern-quote avia-builder-el-45 el_after_av_textblock el_before_av_textblock \"><h2 class=\"av-special-heading-tag\">Pauser i undervisningen<\/h2><\/div><section class=\"av_textblock_section av-kpnqhzc4-3a50ac26246116448ce88098c5a04247 \"><div class=\"avia_textblock\"><p>Rigspolitichefen har bestemt, at der ikke m\u00e5 v\u00e6re ophold af l\u00e6ngere varighed i undervisningen. Det betyder i praksis at:<\/p><ol><li>Hvis du ikke har v\u00e6ret ude at k\u00f8re i skolevognen endnu, og du ikke har modtaget teoriundervisning i tre m\u00e5neder, s\u00e5 skal du starte helt forfra med undervisningen i teori.<\/li><li>Hvis du har v\u00e6ret ude at k\u00f8re og har holdt pause p\u00e5 3 m\u00e5neder eller mere, s\u00e5 skal du starte forfra med den del af undervisningen som omhandler man\u00f8vrer p\u00e5 vej. Afsnit 7.0<\/li><li>Har du ikke best\u00e5et din teoripr\u00f8ve og ikke har modtaget undervisning i 4 m\u00e5neder, skal du starte helt forfra med undervisningen.<\/li><li>Hvis du best\u00e5et din teoripr\u00f8ve og derefter holder pause p\u00e5 mere end 5 m\u00e5neder skal du begynde helt forfra med k\u00f8reuddannelsen.<\/li><\/ol><p>Ring eventuelt og h\u00f8r p\u00e5 kontoret om de n\u00e6rmere regler i tilf\u00e6lde af, at du planl\u00e6gger en l\u00e6ngere pause.<\/p><p>God forn\u00f8jelse med din k\u00f8reuddannelse.<\/p><\/div><\/section><\/div>\t\t\t\t\t\t\t\t<\/div>\n\t\t\t\t<\/div>\n\t\t\t\t\t<\/div>\n\t\t\t\t<\/div>\n\t\t\t\t<\/div>\n\t\t","protected":false},"excerpt":{"rendered":"<p>Infobrev Home Velkommen til Kviktrafikskole Vores m\u00e5ls\u00e6tning er, at [&hellip;]<\/p>\n","protected":false},"author":1,"featured_media":0,"parent":0,"menu_order":0,"comment_status":"closed","ping_status":"closed","template":"elementor_header_footer","meta":{"give_campaign_id":0,"footnotes":""},"class_list":["post-15191","page","type-page","status-publish","hentry"],"campaignId":"","_links":{"self":[{"href":"https:\/\/bestseozone.com\/projects\/kviktrafikskole\/wp-json\/wp\/v2\/pages\/15191","targetHints":{"allow":["GET"]}}],"collection":[{"href":"https:\/\/bestseozone.com\/projects\/kviktrafikskole\/wp-json\/wp\/v2\/pages"}],"about":[{"href":"https:\/\/bestseozone.com\/projects\/kviktrafikskole\/wp-json\/wp\/v2\/types\/page"}],"author":[{"embeddable":true,"href":"https:\/\/bestseozone.com\/projects\/kviktrafikskole\/wp-json\/wp\/v2\/users\/1"}],"replies":[{"embeddable":true,"href":"https:\/\/bestseozone.com\/projects\/kviktrafikskole\/wp-json\/wp\/v2\/comments?post=15191"}],"version-history":[{"count":46,"href":"https:\/\/bestseozone.com\/projects\/kviktrafikskole\/wp-json\/wp\/v2\/pages\/15191\/revisions"}],"predecessor-version":[{"id":15475,"href":"https:\/\/bestseozone.com\/projects\/kviktrafikskole\/wp-json\/wp\/v2\/pages\/15191\/revisions\/15475"}],"wp:attachment":[{"href":"https:\/\/bestseozone.com\/projects\/kviktrafikskole\/wp-json\/wp\/v2\/media?parent=15191"}],"curies":[{"name":"wp","href":"https:\/\/api.w.org\/{rel}","templated":true}]}}