{"id":15115,"date":"2025-08-18T18:32:12","date_gmt":"2025-08-18T18:32:12","guid":{"rendered":"https:\/\/bestseozone.com\/projects\/kviktrafikskole\/?page_id=15115"},"modified":"2025-08-26T09:25:21","modified_gmt":"2025-08-26T09:25:21","slug":"om-trafikskolen","status":"publish","type":"page","link":"https:\/\/bestseozone.com\/projects\/kviktrafikskole\/om-trafikskolen\/","title":{"rendered":"Om KvikTrafikskole"},"content":{"rendered":"\t\t<div data-elementor-type=\"wp-page\" data-elementor-id=\"15115\" class=\"elementor elementor-15115\">\n\t\t\t\t<div data-ekitparallax=\"{&quot;ekit_section_parallax_bg&quot;:&quot;yes&quot;,&quot;ekit_section_parallax_bg_speed&quot;:0.5,&quot;elementor_lazy_load&quot;:&quot;1&quot;}\" class=\"elementor-element elementor-element-9022493 page-hero-section e-flex e-con-boxed e-con e-parent\" data-id=\"9022493\" data-element_type=\"container\" data-settings=\"{&quot;background_background&quot;:&quot;classic&quot;}\">\n\t\t\t\t\t<div class=\"e-con-inner\">\n\t\t<div class=\"elementor-element elementor-element-cbc65e2 e-con-full e-flex e-con e-child\" data-id=\"cbc65e2\" data-element_type=\"container\">\n\t\t\t\t<div class=\"elementor-element elementor-element-67d0387 at-heading-animation at-animation-heading-style-2 elementor-widget elementor-widget-heading\" data-id=\"67d0387\" data-element_type=\"widget\" data-settings=\"{&quot;ekit_we_effect_on&quot;:&quot;none&quot;}\" data-widget_type=\"heading.default\">\n\t\t\t\t\t<h1 class=\"elementor-heading-title elementor-size-default\"><span> Om <\/span> KvikTrafikskole<\/h1>\t\t\t\t<\/div>\n\t\t\t\t<div class=\"elementor-element elementor-element-18c9076 elementor-invisible elementor-widget elementor-widget-elementskit-breadcrumb\" data-id=\"18c9076\" data-element_type=\"widget\" data-settings=\"{&quot;_animation&quot;:&quot;fadeInUp&quot;,&quot;ekit_we_effect_on&quot;:&quot;none&quot;}\" data-widget_type=\"elementskit-breadcrumb.default\">\n\t\t\t\t<div class=\"elementor-widget-container\">\n\t\t\t\t\t<div class=\"ekit-wid-con\" ><ol class=\"ekit-breadcrumb\"><li class=\"ekit_breadcrumbs_start\"><a href=\"https:\/\/bestseozone.com\/projects\/kviktrafikskole\">Home<\/a><\/li><\/ol><\/div>\t\t\t\t<\/div>\n\t\t\t\t<\/div>\n\t\t\t\t<\/div>\n\t\t\t\t\t<\/div>\n\t\t\t\t<\/div>\n\t\t<div class=\"elementor-element elementor-element-8146864 my_css_h2 e-flex e-con-boxed e-con e-parent\" data-id=\"8146864\" data-element_type=\"container\">\n\t\t\t\t\t<div class=\"e-con-inner\">\n\t\t<div class=\"elementor-element elementor-element-0881504 e-con-full e-flex e-con e-child\" data-id=\"0881504\" data-element_type=\"container\">\n\t\t\t\t<div class=\"elementor-element elementor-element-79bd07d elementor-widget elementor-widget-text-editor\" data-id=\"79bd07d\" data-element_type=\"widget\" data-settings=\"{&quot;ekit_we_effect_on&quot;:&quot;none&quot;}\" data-widget_type=\"text-editor.default\">\n\t\t\t\t\t\t\t\t\t<div class=\"flex_column av-4o3plu-4e960893b30c96328f62d0ed3f67281c av_one_half avia-builder-el-11 el_before_av_one_half avia-builder-el-first first av-break-at-tablet flex_column_table_cell av-equal-height-column av-align-top av-zero-column-padding \"><div class=\"flex_column av-4o3plu-4e960893b30c96328f62d0ed3f67281c av_one_half avia-builder-el-11 el_before_av_one_half avia-builder-el-first first av-break-at-tablet flex_column_table_cell av-equal-height-column av-align-top av-zero-column-padding \"><div class=\"flex_column av-ftza3-b06970be7d6eb39eabb937af483c00dd av_one_half avia-builder-el-9 el_before_av_one_half avia-builder-el-first first av-break-at-tablet flex_column_table_cell av-equal-height-column av-align-top av-zero-column-padding \"><div class=\"flex_column av-ftza3-b06970be7d6eb39eabb937af483c00dd av_one_half avia-builder-el-9 el_before_av_one_half avia-builder-el-first first av-break-at-tablet flex_column_table_cell av-equal-height-column av-align-top av-zero-column-padding \"><div class=\"flex_column av-2ijht9-ed71357a560b6009fb91e892c38ead7c av_one_half avia-builder-el-11 el_before_av_one_half avia-builder-el-first first av-break-at-tablet flex_column_table_cell av-equal-height-column av-align-top av-zero-column-padding \"><div class=\"av-special-heading av-2fzi31-1440c7425deb03cf839e1b5136ee0e05 av-special-heading-h2 blockquote modern-quote avia-builder-el-12 el_before_av_textblock avia-builder-el-first margin-top-0\"><h3 class=\"av-special-heading-tag\">Om os<\/h3><\/div><section class=\"av_textblock_section av-27tlu5-6650144d6cd250bba8219cf9c15fcf28 \"><div class=\"avia_textblock\"><p>Kviktrafikskole er din partner p\u00e5 vejen mod at blive en dygtig og ansvarlig bilist. Vores historie begyndte i 2008, da Masood grundlagde vores skole. Vi er centralt placeret p\u00e5 Blegdamsvej 42, 2200 K\u00f8benhavn N, hvor teoriundervisning foreg\u00e5r.<\/p><h2>Vores mission og v\u00e6rdier<\/h2><p>Vi er drevet af en enkel mission: At uddanne bilister med hjerte og sj\u00e6l. Hos os tror vi, at k\u00f8rsel handler om mere end blot skilte og regler; det er en holdning, der begynder med uddannelse og slutter med ansvarlighed. Vores v\u00e6rdier inkluderer dedikation for sikkerhed, respekt for milj\u00f8et og en m\u00e5lrettet indsats for at forbedre vejsikkerheden.<\/p><h2>Uddannelse hos Kviktrafikskole<\/h2><p>Vi tilbyder k\u00f8rekort B og forst\u00e5r, at hver elev er unik. Derfor giver vi dig ogs\u00e5 mulighed for lynkurser, hvis du \u00f8nsker at opn\u00e5 dit k\u00f8rekort hurtigt og effektivt. Vi tilbyder ogs\u00e5 generhvervelse for dem, der har mistet deres k\u00f8rekort.<\/p><\/div><\/section><\/div><\/div><\/div><\/div><\/div>\t\t\t\t\t\t\t\t<\/div>\n\t\t\t\t<\/div>\n\t\t<div class=\"elementor-element elementor-element-64ec374 e-con-full e-flex e-con e-child\" data-id=\"64ec374\" data-element_type=\"container\">\n\t\t\t\t<div class=\"elementor-element elementor-element-2dcbbf5 at-image-animation at-animation-image-none at-none elementor-widget elementor-widget-image\" data-id=\"2dcbbf5\" data-element_type=\"widget\" data-settings=\"{&quot;ekit_we_effect_on&quot;:&quot;none&quot;}\" data-widget_type=\"image.default\">\n\t\t\t\t\t\t\t\t\t\t\t\t\t\t\t<img fetchpriority=\"high\" decoding=\"async\" width=\"1024\" height=\"624\" src=\"https:\/\/bestseozone.com\/projects\/kviktrafikskole\/wp-content\/uploads\/2025\/08\/a176dfa5-866f-40a9-87da-517c16024288.jpg\" class=\"attachment-full size-full wp-image-14843\" alt=\"\" srcset=\"https:\/\/bestseozone.com\/projects\/kviktrafikskole\/wp-content\/uploads\/2025\/08\/a176dfa5-866f-40a9-87da-517c16024288.jpg 1024w, https:\/\/bestseozone.com\/projects\/kviktrafikskole\/wp-content\/uploads\/2025\/08\/a176dfa5-866f-40a9-87da-517c16024288-300x183.jpg 300w, https:\/\/bestseozone.com\/projects\/kviktrafikskole\/wp-content\/uploads\/2025\/08\/a176dfa5-866f-40a9-87da-517c16024288-768x468.jpg 768w\" sizes=\"(max-width: 1024px) 100vw, 1024px\" \/>\t\t\t\t\t\t\t\t\t\t\t\t\t\t\t<\/div>\n\t\t\t\t<\/div>\n\t\t\t\t\t<\/div>\n\t\t\t\t<\/div>\n\t\t<div class=\"elementor-element elementor-element-cf5c25e e-flex e-con-boxed e-con e-parent\" data-id=\"cf5c25e\" data-element_type=\"container\">\n\t\t\t\t\t<div class=\"e-con-inner\">\n\t\t<div class=\"elementor-element elementor-element-988ee6e e-con-full e-flex e-con e-child\" data-id=\"988ee6e\" data-element_type=\"container\">\n\t\t\t\t<div class=\"elementor-element elementor-element-9517c46 at-image-animation at-animation-image-none at-none elementor-widget elementor-widget-image\" data-id=\"9517c46\" data-element_type=\"widget\" data-settings=\"{&quot;ekit_we_effect_on&quot;:&quot;none&quot;}\" data-widget_type=\"image.default\">\n\t\t\t\t\t\t\t\t\t\t\t\t\t\t\t<img decoding=\"async\" width=\"800\" height=\"800\" src=\"https:\/\/bestseozone.com\/projects\/kviktrafikskole\/wp-content\/uploads\/2025\/08\/66666-1024x1024.jpg\" class=\"attachment-large size-large wp-image-14694\" alt=\"\" srcset=\"https:\/\/bestseozone.com\/projects\/kviktrafikskole\/wp-content\/uploads\/2025\/08\/66666-1024x1024.jpg 1024w, https:\/\/bestseozone.com\/projects\/kviktrafikskole\/wp-content\/uploads\/2025\/08\/66666-300x300.jpg 300w, https:\/\/bestseozone.com\/projects\/kviktrafikskole\/wp-content\/uploads\/2025\/08\/66666-150x150.jpg 150w, https:\/\/bestseozone.com\/projects\/kviktrafikskole\/wp-content\/uploads\/2025\/08\/66666-768x768.jpg 768w, https:\/\/bestseozone.com\/projects\/kviktrafikskole\/wp-content\/uploads\/2025\/08\/66666.jpg 1030w\" sizes=\"(max-width: 800px) 100vw, 800px\" \/>\t\t\t\t\t\t\t\t\t\t\t\t\t\t\t<\/div>\n\t\t\t\t<\/div>\n\t\t<div class=\"elementor-element elementor-element-b75f701 e-con-full e-flex e-con e-child\" data-id=\"b75f701\" data-element_type=\"container\">\n\t\t\t\t<div class=\"elementor-element elementor-element-3e66d17 my_css_h2 elementor-widget elementor-widget-text-editor\" data-id=\"3e66d17\" data-element_type=\"widget\" data-settings=\"{&quot;ekit_we_effect_on&quot;:&quot;none&quot;}\" data-widget_type=\"text-editor.default\">\n\t\t\t\t\t\t\t\t\t<div class=\"flex_column av-16z2fp-f1f87a2b252463c7124c517b8f966a39 av_one_half avia-builder-el-19 el_after_av_one_half avia-builder-el-last flex_column_div av-zero-column-padding \"><div class=\"flex_column av-16z2fp-f1f87a2b252463c7124c517b8f966a39 av_one_half avia-builder-el-19 el_after_av_one_half avia-builder-el-last flex_column_div av-zero-column-padding \"><div class=\"av-special-heading av-115gwt-eea71802ceea12081b6f0394f3e60e13 av-special-heading-h2 blockquote modern-quote avia-builder-el-20 el_before_av_textblock avia-builder-el-first margin-top-0\"><h3 class=\"av-special-heading-tag\">Vores unikke tilgang<\/h3><\/div><section class=\"av_textblock_section av-wsbi5-640dd3dd8b8043eb8dfa4fa26093052a \"><div class=\"avia_textblock\"><p>Hvad g\u00f8r Kviktrafikskole unik? Vi tror p\u00e5 en personlig tilgang til undervisning. Vi har konstant udviklet og forbedret vores undervisningsmetoder, og med hver elev, der har gennemg\u00e5et vores program, har vi udviklet en dybere forst\u00e5else af, hvordan vi kan tilpasse undervisningen til dine behov.<\/p><h2>Succeshistorier<\/h2><p>Vi er stolte af vores elever og har opn\u00e5et over 530 positive anmeldelser fra tidligere elever, der nu k\u00f8rer sikkert og med selvtillid p\u00e5 vejene. Dette er vores st\u00f8rste bel\u00f8nning og bekr\u00e6ftelse af, at vores tilgang skaber resultater.<\/p><h2>Undervisning og sikkerhed<\/h2><p>Vi er ikke kun her for at undervise dig i reglerne, men ogs\u00e5 for at uddanne dig til at v\u00e6re en ansvarlig og sikker bilist. Vores tilgang fokuserer p\u00e5 at forst\u00e5 risici og tr\u00e6ffe beslutninger, der kan redde liv.<\/p><h2>Lokalt engagement<\/h2><p>Vi er stolte af vores engagement i \u00d8sterbro-samfundet og deltager aktivt i aktiviteter og arrangementer, der fremmer sikkerhed og f\u00e6llesskab p\u00e5 vores veje.<\/p><p>Vi ser frem til at v\u00e6re din partner p\u00e5 rejsen mod dit k\u00f8rekort. Hos Kviktrafikskole handler det om at uddanne ansvarlige bilister, der skaber sikrere veje for alle. Velkommen til vores skole!<\/p><\/div><\/section><\/div><\/div>\t\t\t\t\t\t\t\t<\/div>\n\t\t\t\t<\/div>\n\t\t\t\t\t<\/div>\n\t\t\t\t<\/div>\n\t\t<div class=\"elementor-element elementor-element-90c4d5b e-flex e-con-boxed e-con e-parent\" data-id=\"90c4d5b\" data-element_type=\"container\">\n\t\t\t\t\t<div class=\"e-con-inner\">\n\t\t<div class=\"elementor-element elementor-element-9794b28 e-con-full e-flex e-con e-child\" data-id=\"9794b28\" data-element_type=\"container\">\n\t\t\t\t<div class=\"elementor-element elementor-element-7cd498b my_css_h2 elementor-widget elementor-widget-text-editor\" data-id=\"7cd498b\" data-element_type=\"widget\" data-settings=\"{&quot;ekit_we_effect_on&quot;:&quot;none&quot;}\" data-widget_type=\"text-editor.default\">\n\t\t\t\t\t\t\t\t\t<div class=\"template-page content av-content-full alpha units\"><div class=\"post-entry post-entry-type-page post-entry-989\"><div class=\"entry-content-wrapper clearfix\"><div class=\"flex_column_table av-192g65-494db4101d65295c30cc63fd25bf10ee sc-av_one_half av-break-at-tablet-flextable av-equal-height-column-flextable\"><div class=\"flex_column av-192g65-494db4101d65295c30cc63fd25bf10ee av_one_half avia-builder-el-23 el_before_av_one_half avia-builder-el-first first av-break-at-tablet flex_column_table_cell av-equal-height-column av-align-top av-zero-column-padding \"><div class=\"av-special-heading av-11wy3x-f0fec53cca1772c9da2a959baccda1f7 av-special-heading-h2 blockquote modern-quote avia-builder-el-24 el_before_av_textblock avia-builder-el-first margin-top-0\"><h3 class=\"av-special-heading-tag\">Hvorfor en Gratis introduktion?<\/h3><\/div><section class=\"av_textblock_section av-yzn7p-3224d87208ed8217df581ca3fc8ddb50 \"><div class=\"avia_textblock\"><p>Det er en jungle at finde den rette k\u00f8reskole til blandt de billigste priser til bil k\u00f8rekort. Vi giver dig muligheden for at du p\u00e5 forh\u00e5nd kan se vores k\u00f8reskole an, og se om vi lever op til dine forventninger. Vi kan p\u00e5 den anden side vise dig, at vi er den bedste k\u00f8reskole med de mest erfarne k\u00f8rel\u00e6rere i K\u00f8benhavn.<\/p><p>Under vores Gratis introduktion s\u00f8rger vi for, at gennemg\u00e5 undervisningsforl\u00f8b. Vi orientere dig om hvad du skal igennem og hvor lang tid du skal regne med at s\u00e6tte af til k\u00f8rekortet. Dette giver dig et klart overblik over forl\u00f8bet. Der vil v\u00e6re rig mulighed for at stille sp\u00f8rgm\u00e5l du m\u00e5tte have vedr. forl\u00f8bet og alle sp\u00f8rgsm\u00e5l vil blive besvaret af vores instrukt\u00f8r.<\/p><p>Denne aften er en kombination af to ting:<\/p><p>1: En detaljeret gennemgang af hvordan du erhverver dig et k\u00f8rekort, og hvad du skal v\u00e6re opm\u00e6rksom p\u00e5, for at komme igennem s\u00e5 hurtigt som muligt.<br \/>2: Teorilektion 1, n\u00e5r denne aften er gennemf\u00f8rt, har du allerede klaret den f\u00f8rste teoriaften og i fuld gang med k\u00f8rekortet.<\/p><p>kviktrafikskole.dk s\u00f8rger for at du billigt, nemt og hurtigt kan tage dit k\u00f8rekort, og komme ud at k\u00f8re i trafikken som en dygtig og sikker bilist.<\/p><\/div><\/section><div class=\"av-special-heading av-pkqlh-5003f276c78602ff4019ff8ad4592a28 av-special-heading-h2 blockquote modern-quote avia-builder-el-26 el_after_av_textblock el_before_av_textblock \"><h2 class=\"av-special-heading-tag\">F\u00e5r jeg ringere service ved valg af den billigste k\u00f8reskole?<\/h2><\/div><section class=\"av_textblock_section av-nh2tx-3e587ccfb3a4bf03e0d3fa9ed2d67546 \"><div class=\"avia_textblock\"><p>Der er ogs\u00e5 en r\u00e6kke andre faktorer som kan v\u00e6re vigtige, n\u00e5r du skal tr\u00e6ffe et valg af den k\u00f8reskole du vil tage dit k\u00f8rekort hos. Derefter er det altid en god ide at tjekke om k\u00f8reskolen har et godt ry, det kan f.eks. ske via at Dumpeprocent.dk, Tripadvisor.dk eller Trustpilot, hvor du kan se anbefalinger fra andre elever.<\/p><\/div><\/section><\/div><\/div><\/div><\/div><\/div>\t\t\t\t\t\t\t\t<\/div>\n\t\t\t\t<\/div>\n\t\t<div class=\"elementor-element elementor-element-1ef551d e-con-full e-flex e-con e-child\" data-id=\"1ef551d\" data-element_type=\"container\">\n\t\t\t\t<div class=\"elementor-element elementor-element-8eadbde at-image-animation at-animation-image-none at-none elementor-widget elementor-widget-image\" data-id=\"8eadbde\" data-element_type=\"widget\" data-settings=\"{&quot;ekit_we_effect_on&quot;:&quot;none&quot;}\" data-widget_type=\"image.default\">\n\t\t\t\t\t\t\t\t\t\t\t\t\t\t\t<img decoding=\"async\" width=\"800\" height=\"1000\" src=\"https:\/\/bestseozone.com\/projects\/kviktrafikskole\/wp-content\/uploads\/2025\/08\/4335354534535-819x1024.jpg\" class=\"attachment-large size-large wp-image-15074\" alt=\"\" srcset=\"https:\/\/bestseozone.com\/projects\/kviktrafikskole\/wp-content\/uploads\/2025\/08\/4335354534535-819x1024.jpg 819w, https:\/\/bestseozone.com\/projects\/kviktrafikskole\/wp-content\/uploads\/2025\/08\/4335354534535-240x300.jpg 240w, https:\/\/bestseozone.com\/projects\/kviktrafikskole\/wp-content\/uploads\/2025\/08\/4335354534535-768x960.jpg 768w, https:\/\/bestseozone.com\/projects\/kviktrafikskole\/wp-content\/uploads\/2025\/08\/4335354534535.jpg 824w\" sizes=\"(max-width: 800px) 100vw, 800px\" \/>\t\t\t\t\t\t\t\t\t\t\t\t\t\t\t<\/div>\n\t\t\t\t<\/div>\n\t\t\t\t\t<\/div>\n\t\t\t\t<\/div>\n\t\t<div class=\"elementor-element elementor-element-0beb98d e-flex e-con-boxed e-con e-parent\" data-id=\"0beb98d\" data-element_type=\"container\">\n\t\t\t\t\t<div class=\"e-con-inner\">\n\t\t\t\t<div class=\"elementor-element elementor-element-d50f86a elementor-widget elementor-widget-text-editor\" data-id=\"d50f86a\" data-element_type=\"widget\" data-settings=\"{&quot;ekit_we_effect_on&quot;:&quot;none&quot;}\" data-widget_type=\"text-editor.default\">\n\t\t\t\t\t\t\t\t\t<div class=\"flex_column av-192g65-494db4101d65295c30cc63fd25bf10ee av_one_half avia-builder-el-23 el_before_av_one_half avia-builder-el-first first av-break-at-tablet flex_column_table_cell av-equal-height-column av-align-top av-zero-column-padding \"><section class=\"av_textblock_section av-nh2tx-3e587ccfb3a4bf03e0d3fa9ed2d67546 \"><div class=\"avia_textblock\"><p>Det kan v\u00e6re et ekstra plus, hvis k\u00f8reskolen ligger t\u00e6t p\u00e5 dig, s\u00e5ledes teoriundervisning samt k\u00f8rertimerne kan foreg\u00e5r t\u00e6t p\u00e5 dig.<br \/>Hos Kviktrafikskoleskole kan vi tilbyde dig bil k\u00f8rekort i K\u00f8benhavn til markeds billigste priser.<\/p><\/div><\/section><\/div>\t\t\t\t\t\t\t\t<\/div>\n\t\t\t\t\t<\/div>\n\t\t\t\t<\/div>\n\t\t<div class=\"elementor-element elementor-element-4cdeda1 e-flex e-con-boxed e-con e-parent\" data-id=\"4cdeda1\" data-element_type=\"container\">\n\t\t\t\t\t<div class=\"e-con-inner\">\n\t\t<div class=\"elementor-element elementor-element-e4aa4e1 e-con-full e-flex e-con e-child\" data-id=\"e4aa4e1\" data-element_type=\"container\">\n\t\t\t\t<div class=\"elementor-element elementor-element-2748545 at-image-animation at-animation-image-none at-none elementor-widget elementor-widget-image\" data-id=\"2748545\" data-element_type=\"widget\" data-settings=\"{&quot;ekit_we_effect_on&quot;:&quot;none&quot;}\" data-widget_type=\"image.default\">\n\t\t\t\t\t\t\t\t\t\t\t\t\t\t\t<img loading=\"lazy\" decoding=\"async\" width=\"2560\" height=\"1707\" src=\"https:\/\/bestseozone.com\/projects\/kviktrafikskole\/wp-content\/uploads\/2025\/08\/B81I9911-scaled.jpg\" class=\"attachment-full size-full wp-image-15121\" alt=\"\" srcset=\"https:\/\/bestseozone.com\/projects\/kviktrafikskole\/wp-content\/uploads\/2025\/08\/B81I9911-scaled.jpg 2560w, https:\/\/bestseozone.com\/projects\/kviktrafikskole\/wp-content\/uploads\/2025\/08\/B81I9911-300x200.jpg 300w, https:\/\/bestseozone.com\/projects\/kviktrafikskole\/wp-content\/uploads\/2025\/08\/B81I9911-1024x683.jpg 1024w, https:\/\/bestseozone.com\/projects\/kviktrafikskole\/wp-content\/uploads\/2025\/08\/B81I9911-768x512.jpg 768w, https:\/\/bestseozone.com\/projects\/kviktrafikskole\/wp-content\/uploads\/2025\/08\/B81I9911-1536x1024.jpg 1536w, https:\/\/bestseozone.com\/projects\/kviktrafikskole\/wp-content\/uploads\/2025\/08\/B81I9911-2048x1365.jpg 2048w\" sizes=\"(max-width: 2560px) 100vw, 2560px\" \/>\t\t\t\t\t\t\t\t\t\t\t\t\t\t\t<\/div>\n\t\t\t\t<\/div>\n\t\t<div class=\"elementor-element elementor-element-83c20ea e-con-full e-flex e-con e-child\" data-id=\"83c20ea\" data-element_type=\"container\">\n\t\t\t\t<div class=\"elementor-element elementor-element-ca60b4a my_css_h2 elementor-widget elementor-widget-text-editor\" data-id=\"ca60b4a\" data-element_type=\"widget\" data-settings=\"{&quot;ekit_we_effect_on&quot;:&quot;none&quot;}\" data-widget_type=\"text-editor.default\">\n\t\t\t\t\t\t\t\t\t<div class=\"av-flex-placeholder\"><h2 class=\"av-special-heading-tag\">Gennemgang under intro forl\u00f8bet til bil k\u00f8rekort<\/h2><\/div><div class=\"flex_column av-19czst-d9f661c694c1041a4fcf636cf1dcc2d0 av_one_half avia-builder-el-39 el_after_av_one_half avia-builder-el-last flex_column_table_cell av-equal-height-column av-align-top av-zero-column-padding \"><section class=\"av_textblock_section av-y7i3h-a50509164b18da2095ff6fc85b8fe05f \"><div class=\"avia_textblock\"><p>Det praktiske omkring at tage et k\u00f8rekort igennem Kviktrafikskole og teoriundervisning, onlineteori system og materialer, teori- og k\u00f8repr\u00f8ve samt priser m.v til bil k\u00f8rekort.<br \/>Med mindre vi har aftalt andet, hj\u00e6lper vi dig med det praktiske omkring udfyldelse af papirer til ans\u00f8gning om k\u00f8rekort og h\u00e5ndtering af l\u00e6geattest og f\u00f8rstehj\u00e6lpsbevis til bil eller MC k\u00f8rekort.<\/p><p>Hvis du har nogle af de f\u00f8rn\u00e6vnte dokumenter klar inden du starter, beder vi dig medbringe disse. Hvis du vil v\u00e6re sikker p\u00e5, at der efterf\u00f8lgende er plads p\u00e5 hold og man\u00f8vrebane m.m., b\u00f8r du kontakte kviktrafikskole.dk inden du m\u00f8der til introduktionen.<\/p><\/div><\/section><\/div>\t\t\t\t\t\t\t\t<\/div>\n\t\t\t\t<\/div>\n\t\t\t\t\t<\/div>\n\t\t\t\t<\/div>\n\t\t<div class=\"elementor-element elementor-element-7bed005 e-flex e-con-boxed e-con e-parent\" data-id=\"7bed005\" data-element_type=\"container\">\n\t\t\t\t\t<div class=\"e-con-inner\">\n\t\t\t\t<div class=\"elementor-element elementor-element-d9c8c03 my_css_h2 elementor-widget elementor-widget-text-editor\" data-id=\"d9c8c03\" data-element_type=\"widget\" data-settings=\"{&quot;ekit_we_effect_on&quot;:&quot;none&quot;}\" data-widget_type=\"text-editor.default\">\n\t\t\t\t\t\t\t\t\t<div class=\"av-special-heading av-kpnp7m7i-d4fe4c6812a916d56dddf01e47d9d8ba av-special-heading-h2 blockquote modern-quote avia-builder-el-42 el_after_av_textblock el_before_av_textblock \"><h2 class=\"av-special-heading-tag\">Kviktrafikskole passer til dine behov<\/h2><\/div><section class=\"av_textblock_section av-kpnp7uap-a2993287f37cc2124cc625e66da4d2e2 \"><div class=\"avia_textblock\"><p>Kviktrafikskole.dk tilbyder dig et sp\u00e6ndende forl\u00f8b med et team af erfarne k\u00f8rerl\u00e6rer, som giver dig den interessante undervisning i h\u00f8j kvalitet. Vi arbejder m\u00e5lrettet p\u00e5, at du nemt hurtigt og sikkert, kan f\u00e5 dit k\u00f8rekort, samtidig med at du f\u00f8ler dig sikker bag rattet til de billigste k\u00f8rekort priser.<\/p><p>Vi tilbyder de billigste bil k\u00f8rekort priser, samtidigt er vores teori\/k\u00f8rekort undervisning \u201cUp To Date\u201d med det nyeste materiale og udstyr inden for lovgivning. Vi ved hvor vigtigt komfort er, n\u00e5r man skal sidde til undervisning, vi har derfor valgt at have komfortable stole til tavle undervisning med k\u00f8rel\u00e6reren. Vi har computere og it-udstyr som g\u00f8r det hurtigt og nemt for dig, som vil have ekstra teori-undervisning.<\/p><\/div><\/section>\t\t\t\t\t\t\t\t<\/div>\n\t\t\t\t\t<\/div>\n\t\t\t\t<\/div>\n\t\t<div class=\"elementor-element elementor-element-a48c915 e-flex e-con-boxed e-con e-parent\" data-id=\"a48c915\" data-element_type=\"container\">\n\t\t\t\t\t<div class=\"e-con-inner\">\n\t\t<div class=\"elementor-element elementor-element-dd99a43 e-con-full e-flex e-con e-child\" data-id=\"dd99a43\" data-element_type=\"container\">\n\t\t\t\t<div class=\"elementor-element elementor-element-cdbe464 elementor-align-right elementor-widget__width-initial elementor-widget elementor-widget-button\" data-id=\"cdbe464\" data-element_type=\"widget\" data-settings=\"{&quot;ekit_we_effect_on&quot;:&quot;none&quot;}\" data-widget_type=\"button.default\">\n\t\t\t\t\t\t\t\t\t\t<a class=\"elementor-button elementor-button-link elementor-size-sm\" href=\"tel:35%2035%2054%2055\">\n\t\t\t\t\t\t<span class=\"elementor-button-content-wrapper\">\n\t\t\t\t\t\t<span class=\"elementor-button-icon\">\n\t\t\t\t<i aria-hidden=\"true\" class=\"fas fa-phone-alt\"><\/i>\t\t\t<\/span>\n\t\t\t\t\t\t\t\t\t<span class=\"elementor-button-text\">35 35 54 55<\/span>\n\t\t\t\t\t<\/span>\n\t\t\t\t\t<\/a>\n\t\t\t\t\t\t\t\t<\/div>\n\t\t\t\t<\/div>\n\t\t<div class=\"elementor-element elementor-element-0f33c11 e-con-full e-flex e-con e-child\" data-id=\"0f33c11\" data-element_type=\"container\">\n\t\t\t\t<div class=\"elementor-element elementor-element-586a8b9 elementor-align-center elementor-widget__width-initial elementor-widget elementor-widget-button\" data-id=\"586a8b9\" data-element_type=\"widget\" data-settings=\"{&quot;ekit_we_effect_on&quot;:&quot;none&quot;}\" data-widget_type=\"button.default\">\n\t\t\t\t\t\t\t\t\t\t<a class=\"elementor-button elementor-button-link elementor-size-sm\" href=\"https:\/\/bestseozone.com\/projects\/kviktrafikskole\/tilmelding\/\">\n\t\t\t\t\t\t<span class=\"elementor-button-content-wrapper\">\n\t\t\t\t\t\t<span class=\"elementor-button-icon\">\n\t\t\t\t<i aria-hidden=\"true\" class=\"far fa-calendar-alt\"><\/i>\t\t\t<\/span>\n\t\t\t\t\t\t\t\t\t<span class=\"elementor-button-text\">Tilmelding <\/span>\n\t\t\t\t\t<\/span>\n\t\t\t\t\t<\/a>\n\t\t\t\t\t\t\t\t<\/div>\n\t\t\t\t<\/div>\n\t\t\t\t\t<\/div>\n\t\t\t\t<\/div>\n\t\t\t\t<\/div>\n\t\t","protected":false},"excerpt":{"rendered":"<p>Om KvikTrafikskole Home Om os Kviktrafikskole er din partner [&hellip;]<\/p>\n","protected":false},"author":1,"featured_media":0,"parent":0,"menu_order":0,"comment_status":"closed","ping_status":"closed","template":"elementor_header_footer","meta":{"give_campaign_id":0,"footnotes":""},"class_list":["post-15115","page","type-page","status-publish","hentry"],"campaignId":"","_links":{"self":[{"href":"https:\/\/bestseozone.com\/projects\/kviktrafikskole\/wp-json\/wp\/v2\/pages\/15115","targetHints":{"allow":["GET"]}}],"collection":[{"href":"https:\/\/bestseozone.com\/projects\/kviktrafikskole\/wp-json\/wp\/v2\/pages"}],"about":[{"href":"https:\/\/bestseozone.com\/projects\/kviktrafikskole\/wp-json\/wp\/v2\/types\/page"}],"author":[{"embeddable":true,"href":"https:\/\/bestseozone.com\/projects\/kviktrafikskole\/wp-json\/wp\/v2\/users\/1"}],"replies":[{"embeddable":true,"href":"https:\/\/bestseozone.com\/projects\/kviktrafikskole\/wp-json\/wp\/v2\/comments?post=15115"}],"version-history":[{"count":25,"href":"https:\/\/bestseozone.com\/projects\/kviktrafikskole\/wp-json\/wp\/v2\/pages\/15115\/revisions"}],"predecessor-version":[{"id":15703,"href":"https:\/\/bestseozone.com\/projects\/kviktrafikskole\/wp-json\/wp\/v2\/pages\/15115\/revisions\/15703"}],"wp:attachment":[{"href":"https:\/\/bestseozone.com\/projects\/kviktrafikskole\/wp-json\/wp\/v2\/media?parent=15115"}],"curies":[{"name":"wp","href":"https:\/\/api.w.org\/{rel}","templated":true}]}}