{"id":15097,"date":"2025-08-18T18:19:35","date_gmt":"2025-08-18T18:19:35","guid":{"rendered":"https:\/\/bestseozone.com\/projects\/kviktrafikskole\/?page_id=15097"},"modified":"2025-08-26T09:23:59","modified_gmt":"2025-08-26T09:23:59","slug":"koerekort-som-lynkursus","status":"publish","type":"page","link":"https:\/\/bestseozone.com\/projects\/kviktrafikskole\/koerekort-som-lynkursus\/","title":{"rendered":"K\u00f8rekort som lynkursus"},"content":{"rendered":"\t\t<div data-elementor-type=\"wp-page\" data-elementor-id=\"15097\" class=\"elementor elementor-15097\">\n\t\t\t\t<div data-ekitparallax=\"{&quot;ekit_section_parallax_bg&quot;:&quot;yes&quot;,&quot;ekit_section_parallax_bg_speed&quot;:0.5,&quot;elementor_lazy_load&quot;:&quot;1&quot;}\" class=\"elementor-element elementor-element-9022493 page-hero-section e-flex e-con-boxed e-con e-parent\" data-id=\"9022493\" data-element_type=\"container\" data-settings=\"{&quot;background_background&quot;:&quot;classic&quot;}\">\n\t\t\t\t\t<div class=\"e-con-inner\">\n\t\t<div class=\"elementor-element elementor-element-cbc65e2 e-con-full e-flex e-con e-child\" data-id=\"cbc65e2\" data-element_type=\"container\">\n\t\t\t\t<div class=\"elementor-element elementor-element-67d0387 at-heading-animation at-animation-heading-style-2 elementor-widget elementor-widget-heading\" data-id=\"67d0387\" data-element_type=\"widget\" data-settings=\"{&quot;ekit_we_effect_on&quot;:&quot;none&quot;}\" data-widget_type=\"heading.default\">\n\t\t\t\t\t<h1 class=\"elementor-heading-title elementor-size-default\"><span> K\u00f8rekort <\/span> som lynkursus<\/h1>\t\t\t\t<\/div>\n\t\t\t\t<div class=\"elementor-element elementor-element-18c9076 elementor-invisible elementor-widget elementor-widget-elementskit-breadcrumb\" data-id=\"18c9076\" data-element_type=\"widget\" data-settings=\"{&quot;_animation&quot;:&quot;fadeInUp&quot;,&quot;ekit_we_effect_on&quot;:&quot;none&quot;}\" data-widget_type=\"elementskit-breadcrumb.default\">\n\t\t\t\t<div class=\"elementor-widget-container\">\n\t\t\t\t\t<div class=\"ekit-wid-con\" ><ol class=\"ekit-breadcrumb\"><li class=\"ekit_breadcrumbs_start\"><a href=\"https:\/\/bestseozone.com\/projects\/kviktrafikskole\">Home<\/a><\/li><\/ol><\/div>\t\t\t\t<\/div>\n\t\t\t\t<\/div>\n\t\t\t\t<\/div>\n\t\t\t\t\t<\/div>\n\t\t\t\t<\/div>\n\t\t<div class=\"elementor-element elementor-element-8146864 e-flex e-con-boxed e-con e-parent\" data-id=\"8146864\" data-element_type=\"container\">\n\t\t\t\t\t<div class=\"e-con-inner\">\n\t\t<div class=\"elementor-element elementor-element-0881504 e-con-full e-flex e-con e-child\" data-id=\"0881504\" data-element_type=\"container\">\n\t\t\t\t<div class=\"elementor-element elementor-element-79bd07d my_css_h2 elementor-widget elementor-widget-text-editor\" data-id=\"79bd07d\" data-element_type=\"widget\" data-settings=\"{&quot;ekit_we_effect_on&quot;:&quot;none&quot;}\" data-widget_type=\"text-editor.default\">\n\t\t\t\t\t\t\t\t\t<div class=\"flex_column av-4o3plu-4e960893b30c96328f62d0ed3f67281c av_one_half avia-builder-el-11 el_before_av_one_half avia-builder-el-first first av-break-at-tablet flex_column_table_cell av-equal-height-column av-align-top av-zero-column-padding \"><div class=\"flex_column av-4o3plu-4e960893b30c96328f62d0ed3f67281c av_one_half avia-builder-el-11 el_before_av_one_half avia-builder-el-first first av-break-at-tablet flex_column_table_cell av-equal-height-column av-align-top av-zero-column-padding \"><div class=\"flex_column av-ftza3-b06970be7d6eb39eabb937af483c00dd av_one_half avia-builder-el-9 el_before_av_one_half avia-builder-el-first first av-break-at-tablet flex_column_table_cell av-equal-height-column av-align-top av-zero-column-padding \"><div class=\"flex_column av-ftza3-b06970be7d6eb39eabb937af483c00dd av_one_half avia-builder-el-9 el_before_av_one_half avia-builder-el-first first av-break-at-tablet flex_column_table_cell av-equal-height-column av-align-top av-zero-column-padding \"><div class=\"av-special-heading av-46l6sr-48ff91fa472fc57b9e97e7c99669b8a0 av-special-heading-h2 blockquote modern-quote avia-builder-el-10 el_before_av_textblock avia-builder-el-first margin-top-0\"><h3 class=\"av-special-heading-tag\">Lynkursus<\/h3><\/div><section class=\"av_textblock_section av-42a1x7-832bf7f15f4dfdd8cdab203503150f6c \"><div class=\"avia_textblock\"><p>Hos Kviktrafikskole kan du tage dit k\u00f8rekortforl\u00f8b* p\u00e5 vores lynkursus p\u00e5 maksimalt 6 uger**. Du f\u00e5r tilknyttet en k\u00f8rel\u00e6rer som prioriterer din undervisning for at sikre at du bliver en dygtig og f\u00e6rdselssikker bilist.<\/p><\/div><\/section><div class=\"av-special-heading av-kpnooigo-724c4998f96edf0ffb48abe0c3100ce1 av-special-heading-h2 blockquote modern-quote avia-builder-el-12 el_after_av_textblock el_before_av_textblock margin-top-0\"><h3 class=\"av-special-heading-tag\">Vi sikrer at du er kvalificeret<\/h3><\/div><section class=\"av_textblock_section av-kpnoon6c-66bfa7c97f6413ef89282ed358b9f43a \"><div class=\"avia_textblock\"><p>Vi ved at ikke alle elever er egnede til at tage et k\u00f8rekort p\u00e5 kun 6 uger. Vi vurderer derfor altid vores elever allerede p\u00e5 man\u00f8vrebanen. Hvis vi vurderer at du ikke er kvalificeret til et lynkursus vil vi hellere tilrettel\u00e6gge et forl\u00f8b som passer bedre til dine indl\u00e6ringsbehov.<\/p><p>Er du kvalificeret s\u00e5 tilrettel\u00e6gger vi et personligt forl\u00f8b for dig. Vi har gennem mange \u00e5rs erfaring fundet frem til et lynforl\u00f8b som fungerer for vores elever, men planl\u00e6gger det s\u00e5 det passer til dine individuelle behov. Vi oplever at andre tilbyder et lynkursus p\u00e5 kun 17 dage, men vi har erfaret at 5-6 uger er mere optimalt for at give en kvalitetsuddannelse til vores elever.<\/p><\/div><\/section><\/div><\/div><\/div><\/div>\t\t\t\t\t\t\t\t<\/div>\n\t\t\t\t<\/div>\n\t\t<div class=\"elementor-element elementor-element-64ec374 e-con-full e-flex e-con e-child\" data-id=\"64ec374\" data-element_type=\"container\">\n\t\t\t\t<div class=\"elementor-element elementor-element-2dcbbf5 at-image-animation at-animation-image-none at-none elementor-widget elementor-widget-image\" data-id=\"2dcbbf5\" data-element_type=\"widget\" data-settings=\"{&quot;ekit_we_effect_on&quot;:&quot;none&quot;}\" data-widget_type=\"image.default\">\n\t\t\t\t\t\t\t\t\t\t\t\t\t\t\t<img fetchpriority=\"high\" decoding=\"async\" width=\"2560\" height=\"1707\" src=\"https:\/\/bestseozone.com\/projects\/kviktrafikskole\/wp-content\/uploads\/2025\/08\/B81I9952-scaled.jpg\" class=\"attachment-full size-full wp-image-15099\" alt=\"\" srcset=\"https:\/\/bestseozone.com\/projects\/kviktrafikskole\/wp-content\/uploads\/2025\/08\/B81I9952-scaled.jpg 2560w, https:\/\/bestseozone.com\/projects\/kviktrafikskole\/wp-content\/uploads\/2025\/08\/B81I9952-300x200.jpg 300w, https:\/\/bestseozone.com\/projects\/kviktrafikskole\/wp-content\/uploads\/2025\/08\/B81I9952-1024x683.jpg 1024w, https:\/\/bestseozone.com\/projects\/kviktrafikskole\/wp-content\/uploads\/2025\/08\/B81I9952-768x512.jpg 768w, https:\/\/bestseozone.com\/projects\/kviktrafikskole\/wp-content\/uploads\/2025\/08\/B81I9952-1536x1024.jpg 1536w, https:\/\/bestseozone.com\/projects\/kviktrafikskole\/wp-content\/uploads\/2025\/08\/B81I9952-2048x1365.jpg 2048w\" sizes=\"(max-width: 2560px) 100vw, 2560px\" \/>\t\t\t\t\t\t\t\t\t\t\t\t\t\t\t<\/div>\n\t\t\t\t<\/div>\n\t\t\t\t\t<\/div>\n\t\t\t\t<\/div>\n\t\t<div class=\"elementor-element elementor-element-f5f1eee e-flex e-con-boxed e-con e-parent\" data-id=\"f5f1eee\" data-element_type=\"container\">\n\t\t\t\t\t<div class=\"e-con-inner\">\n\t\t<div class=\"elementor-element elementor-element-20ce92a e-con-full e-flex e-con e-child\" data-id=\"20ce92a\" data-element_type=\"container\">\n\t\t\t\t<div class=\"elementor-element elementor-element-0a11a10 elementor-widget elementor-widget-text-editor\" data-id=\"0a11a10\" data-element_type=\"widget\" data-settings=\"{&quot;ekit_we_effect_on&quot;:&quot;none&quot;}\" data-widget_type=\"text-editor.default\">\n\t\t\t\t\t\t\t\t\t<p>* Vi garantere at lovpakken er k\u00f8rt f\u00e6rdigt, samt teoripr\u00f8ven er bestilt, glatbane er bestilt. Ingen garanti p\u00e5 k\u00f8repr\u00f8ven.<br \/>** 6 uger er g\u00e6ldende fra du er godkendt hos borgerservice.<\/p>\t\t\t\t\t\t\t\t<\/div>\n\t\t\t\t<div class=\"elementor-element elementor-element-b0921fc at-image-animation at-animation-image-none at-none elementor-widget elementor-widget-image\" data-id=\"b0921fc\" data-element_type=\"widget\" data-settings=\"{&quot;ekit_we_effect_on&quot;:&quot;none&quot;}\" data-widget_type=\"image.default\">\n\t\t\t\t\t\t\t\t\t\t\t\t\t\t\t<img decoding=\"async\" width=\"1024\" height=\"624\" src=\"https:\/\/bestseozone.com\/projects\/kviktrafikskole\/wp-content\/uploads\/2025\/08\/a176dfa5-866f-40a9-87da-517c16024288.jpg\" class=\"attachment-full size-full wp-image-14843\" alt=\"\" srcset=\"https:\/\/bestseozone.com\/projects\/kviktrafikskole\/wp-content\/uploads\/2025\/08\/a176dfa5-866f-40a9-87da-517c16024288.jpg 1024w, https:\/\/bestseozone.com\/projects\/kviktrafikskole\/wp-content\/uploads\/2025\/08\/a176dfa5-866f-40a9-87da-517c16024288-300x183.jpg 300w, https:\/\/bestseozone.com\/projects\/kviktrafikskole\/wp-content\/uploads\/2025\/08\/a176dfa5-866f-40a9-87da-517c16024288-768x468.jpg 768w\" sizes=\"(max-width: 1024px) 100vw, 1024px\" \/>\t\t\t\t\t\t\t\t\t\t\t\t\t\t\t<\/div>\n\t\t\t\t<\/div>\n\t\t\t\t\t<\/div>\n\t\t\t\t<\/div>\n\t\t<div class=\"elementor-element elementor-element-892e004 e-flex e-con-boxed e-con e-parent\" data-id=\"892e004\" data-element_type=\"container\">\n\t\t\t\t\t<div class=\"e-con-inner\">\n\t\t<div class=\"elementor-element elementor-element-f536aa7 e-con-full e-flex e-con e-child\" data-id=\"f536aa7\" data-element_type=\"container\">\n\t\t\t\t<div class=\"elementor-element elementor-element-ebbcec8 elementor-widget elementor-widget-text-editor\" data-id=\"ebbcec8\" data-element_type=\"widget\" data-settings=\"{&quot;ekit_we_effect_on&quot;:&quot;none&quot;}\" data-widget_type=\"text-editor.default\">\n\t\t\t\t\t\t\t\t\t<div class=\"flex_column av-2og3cz-37cfd40fcf5e54c6b366370c1f9b56fb av_one_half avia-builder-el-26 el_after_av_hr el_before_av_one_half m-padding-10 s-padding-0 first no_margin av-break-at-tablet flex_column_table_cell av-equal-height-column av-align-top \"><div class=\"av-special-heading av-962pf-1d25f9d4e9571aa777d0e6742a99f2e7 av-special-heading-h2 blockquote modern-quote avia-builder-el-27 el_before_av_textblock avia-builder-el-first margin-top-0\"><h3 class=\"av-special-heading-tag\">Det kr\u00e6ver en indsats af l\u00e6rer og elev<\/h3><\/div><section class=\"av_textblock_section av-2cnpkz-859667df8f92123d898918b46096696c \"><div class=\"avia_textblock\"><p>N\u00e5r du skal tage et k\u00f8rekort som lynkursus hos os, er det vigtigt at du ved at det kr\u00e6ver at du er fleksibel i perioden. N\u00e5r vi tilrettel\u00e6gger et forl\u00f8b for dig kr\u00e6ver vi meget af din tilknyttede k\u00f8rel\u00e6re, men vi kr\u00e6ver ogs\u00e5 en intensiv og stor indsats af dig, s\u00e5 vi i samarbejde hurtigt kan g\u00f8re dig til en dygtig bilist.<\/p><p>Er du i tvivl om du skal v\u00e6lge et lynkursus skal du selvf\u00f8lgelig v\u00e6re velkommen til at kontakte os. S\u00e5 kan vi tage en snak om hvad der passer bedst til dine behov.<\/p><p>Kontakt os gerne p\u00e5 telefon <a href=\"tel:35355455\">35 35 54 55<\/a> eller mail <a href=\"mailto:mail@kviktrafikskole.dk\">mail@kviktrafikskole.dk<\/a>. Du kan ogs\u00e5 tilmelde dig holdstart i formularen p\u00e5 siden her.<\/p><\/div><\/section><div class=\"avia-buttonrow-wrap av-5567sb-3b58879d0293619a8b8219eabfba2483 avia-buttonrow-left avia-builder-el-29 el_after_av_textblock avia-builder-el-last \"><a class=\"avia-button av-4wbpqj-260c6f601df125b35ba8f9e1b94a1949 avia-icon_select-yes-left-icon avia-size-large avia-color-theme-color-highlight\" href=\"https:\/\/www.kviktrafikskole.dk\/tilmelding\/\"><span class=\"avia_iconbox_title\">Tilmelding<\/span><\/a><\/div><\/div>\t\t\t\t\t\t\t\t<\/div>\n\t\t\t\t<\/div>\n\t\t<div class=\"elementor-element elementor-element-4e46c9f e-con-full e-flex e-con e-child\" data-id=\"4e46c9f\" data-element_type=\"container\">\n\t\t\t\t<div class=\"elementor-element elementor-element-c7b9682 elementor-widget elementor-widget-text-editor\" data-id=\"c7b9682\" data-element_type=\"widget\" data-settings=\"{&quot;ekit_we_effect_on&quot;:&quot;none&quot;}\" data-widget_type=\"text-editor.default\">\n\t\t\t\t\t\t\t\t\t<div class=\"flex_column av-1vqm43-4950fae2a0c91659d9e64ff9ec97ad85 av_one_half avia-builder-el-30 el_after_av_one_half avia-builder-el-last m-padding-10 s-padding-0 no_margin av-break-at-tablet flex_column_table_cell av-equal-height-column av-align-top avia-full-stretch \"><div class=\"av-special-heading av-1qtc63-3a30f09a190a8cec1ca8ad96190166b0 av-special-heading-h2 blockquote modern-quote avia-builder-el-31 el_before_av_iconlist avia-builder-el-first margin-top-0\"><h3 class=\"av-special-heading-tag\">Du skal v\u00e6re:<\/h3><\/div><\/div>\t\t\t\t\t\t\t\t<\/div>\n\t\t\t\t<div class=\"elementor-element elementor-element-195e5ff elementor-icon-list--layout-traditional elementor-list-item-link-full_width elementor-widget elementor-widget-icon-list\" data-id=\"195e5ff\" data-element_type=\"widget\" data-settings=\"{&quot;ekit_we_effect_on&quot;:&quot;none&quot;}\" data-widget_type=\"icon-list.default\">\n\t\t\t\t\t\t\t<ul class=\"elementor-icon-list-items\">\n\t\t\t\t\t\t\t<li class=\"elementor-icon-list-item\">\n\t\t\t\t\t\t\t\t\t\t\t<span class=\"elementor-icon-list-icon\">\n\t\t\t\t\t\t\t<i aria-hidden=\"true\" class=\"far fa-clock\"><\/i>\t\t\t\t\t\t<\/span>\n\t\t\t\t\t\t\t\t\t\t<span class=\"elementor-icon-list-text\"><b>Fleksibel<\/b> <br\/> Det er vigtigt at du er nemt til r\u00e5dighed i hele perioden<\/span>\n\t\t\t\t\t\t\t\t\t<\/li>\n\t\t\t\t\t\t\t\t<li class=\"elementor-icon-list-item\">\n\t\t\t\t\t\t\t\t\t\t\t<span class=\"elementor-icon-list-icon\">\n\t\t\t\t\t\t\t<i aria-hidden=\"true\" class=\"fas fa-tachometer-alt\"><\/i>\t\t\t\t\t\t<\/span>\n\t\t\t\t\t\t\t\t\t\t<span class=\"elementor-icon-list-text\"><b>Samarbejdsvillig <\/b> <br\/>Det kr\u00e6ver en stor indsats fra dig for at blive en god billist p\u00e5 kort tid<\/span>\n\t\t\t\t\t\t\t\t\t<\/li>\n\t\t\t\t\t\t\t\t<li class=\"elementor-icon-list-item\">\n\t\t\t\t\t\t\t\t\t\t\t<span class=\"elementor-icon-list-icon\">\n\t\t\t\t\t\t\t<i aria-hidden=\"true\" class=\"fas fa-bolt\"><\/i>\t\t\t\t\t\t<\/span>\n\t\t\t\t\t\t\t\t\t\t<span class=\"elementor-icon-list-text\"><b>Villig til at g\u00f8re dit bedste<\/b>  <br\/>Vi har brug for at du er skarp fra starten n\u00e5r du skal hurtigt i m\u00e5l<\/span>\n\t\t\t\t\t\t\t\t\t<\/li>\n\t\t\t\t\t\t<\/ul>\n\t\t\t\t\t\t<\/div>\n\t\t\t\t<\/div>\n\t\t\t\t\t<\/div>\n\t\t\t\t<\/div>\n\t\t\t\t<\/div>\n\t\t","protected":false},"excerpt":{"rendered":"<p>K\u00f8rekort som lynkursus Home Lynkursus Hos Kviktrafikskole kan du [&hellip;]<\/p>\n","protected":false},"author":1,"featured_media":0,"parent":0,"menu_order":0,"comment_status":"closed","ping_status":"closed","template":"elementor_header_footer","meta":{"give_campaign_id":0,"footnotes":""},"class_list":["post-15097","page","type-page","status-publish","hentry"],"campaignId":"","_links":{"self":[{"href":"https:\/\/bestseozone.com\/projects\/kviktrafikskole\/wp-json\/wp\/v2\/pages\/15097","targetHints":{"allow":["GET"]}}],"collection":[{"href":"https:\/\/bestseozone.com\/projects\/kviktrafikskole\/wp-json\/wp\/v2\/pages"}],"about":[{"href":"https:\/\/bestseozone.com\/projects\/kviktrafikskole\/wp-json\/wp\/v2\/types\/page"}],"author":[{"embeddable":true,"href":"https:\/\/bestseozone.com\/projects\/kviktrafikskole\/wp-json\/wp\/v2\/users\/1"}],"replies":[{"embeddable":true,"href":"https:\/\/bestseozone.com\/projects\/kviktrafikskole\/wp-json\/wp\/v2\/comments?post=15097"}],"version-history":[{"count":22,"href":"https:\/\/bestseozone.com\/projects\/kviktrafikskole\/wp-json\/wp\/v2\/pages\/15097\/revisions"}],"predecessor-version":[{"id":15466,"href":"https:\/\/bestseozone.com\/projects\/kviktrafikskole\/wp-json\/wp\/v2\/pages\/15097\/revisions\/15466"}],"wp:attachment":[{"href":"https:\/\/bestseozone.com\/projects\/kviktrafikskole\/wp-json\/wp\/v2\/media?parent=15097"}],"curies":[{"name":"wp","href":"https:\/\/api.w.org\/{rel}","templated":true}]}}