{"id":15067,"date":"2025-08-18T14:21:37","date_gmt":"2025-08-18T14:21:37","guid":{"rendered":"https:\/\/bestseozone.com\/projects\/kviktrafikskole\/?page_id=15067"},"modified":"2025-08-26T09:23:09","modified_gmt":"2025-08-26T09:23:09","slug":"generhverv","status":"publish","type":"page","link":"https:\/\/bestseozone.com\/projects\/kviktrafikskole\/generhverv\/","title":{"rendered":"Generhvervelse af k\u00f8rekort"},"content":{"rendered":"\t\t<div data-elementor-type=\"wp-page\" data-elementor-id=\"15067\" class=\"elementor elementor-15067\">\n\t\t\t\t<div data-ekitparallax=\"{&quot;ekit_section_parallax_bg&quot;:&quot;yes&quot;,&quot;ekit_section_parallax_bg_speed&quot;:0.5,&quot;elementor_lazy_load&quot;:&quot;1&quot;}\" class=\"elementor-element elementor-element-9022493 page-hero-section e-flex e-con-boxed e-con e-parent\" data-id=\"9022493\" data-element_type=\"container\" data-settings=\"{&quot;background_background&quot;:&quot;classic&quot;}\">\n\t\t\t\t\t<div class=\"e-con-inner\">\n\t\t<div class=\"elementor-element elementor-element-cbc65e2 e-con-full e-flex e-con e-child\" data-id=\"cbc65e2\" data-element_type=\"container\">\n\t\t\t\t<div class=\"elementor-element elementor-element-67d0387 at-heading-animation at-animation-heading-style-2 elementor-widget elementor-widget-heading\" data-id=\"67d0387\" data-element_type=\"widget\" data-settings=\"{&quot;ekit_we_effect_on&quot;:&quot;none&quot;}\" data-widget_type=\"heading.default\">\n\t\t\t\t\t<h1 class=\"elementor-heading-title elementor-size-default\"><span> Generhvervelse <\/span>af k\u00f8rekort<\/h1>\t\t\t\t<\/div>\n\t\t\t\t<div class=\"elementor-element elementor-element-18c9076 elementor-invisible elementor-widget elementor-widget-elementskit-breadcrumb\" data-id=\"18c9076\" data-element_type=\"widget\" data-settings=\"{&quot;_animation&quot;:&quot;fadeInUp&quot;,&quot;ekit_we_effect_on&quot;:&quot;none&quot;}\" data-widget_type=\"elementskit-breadcrumb.default\">\n\t\t\t\t<div class=\"elementor-widget-container\">\n\t\t\t\t\t<div class=\"ekit-wid-con\" ><ol class=\"ekit-breadcrumb\"><li class=\"ekit_breadcrumbs_start\"><a href=\"https:\/\/bestseozone.com\/projects\/kviktrafikskole\">Home<\/a><\/li><\/ol><\/div>\t\t\t\t<\/div>\n\t\t\t\t<\/div>\n\t\t\t\t<\/div>\n\t\t\t\t\t<\/div>\n\t\t\t\t<\/div>\n\t\t<div class=\"elementor-element elementor-element-dd762df e-flex e-con-boxed e-con e-parent\" data-id=\"dd762df\" data-element_type=\"container\">\n\t\t\t\t\t<div class=\"e-con-inner\">\n\t\t<div class=\"elementor-element elementor-element-7a1fcf5 e-con-full e-flex e-con e-child\" data-id=\"7a1fcf5\" data-element_type=\"container\">\n\t\t\t\t<div class=\"elementor-element elementor-element-973ce47 elementor-widget elementor-widget-text-editor\" data-id=\"973ce47\" data-element_type=\"widget\" data-settings=\"{&quot;ekit_we_effect_on&quot;:&quot;none&quot;}\" data-widget_type=\"text-editor.default\">\n\t\t\t\t\t\t\t\t\t<div class=\"flex_column av-4o3plu-4e960893b30c96328f62d0ed3f67281c av_one_half avia-builder-el-11 el_before_av_one_half avia-builder-el-first first av-break-at-tablet flex_column_table_cell av-equal-height-column av-align-top av-zero-column-padding \"><div class=\"flex_column av-4o3plu-4e960893b30c96328f62d0ed3f67281c av_one_half avia-builder-el-11 el_before_av_one_half avia-builder-el-first first av-break-at-tablet flex_column_table_cell av-equal-height-column av-align-top av-zero-column-padding \"><div class=\"av-special-heading av-kpxqaesy-b628a7286dc62fc978069a2e315e3506 av-special-heading-h2 blockquote modern-quote avia-builder-el-10 el_before_av_textblock avia-builder-el-first margin-top-0\"><h3 class=\"av-special-heading-tag\">Vi tilbyder generhvervelse af k\u00f8rekort<\/h3><\/div><section class=\"av_textblock_section av-kpxqdh26-293c96478433ec5843e9ab15b65630db \"><div class=\"avia_textblock\"><p>Hvis du har f\u00e5et frakendt retten til betinget k\u00f8rsel skal du igen op til en orienterende k\u00f8repr\u00f8ve. Det indeb\u00e6rer b\u00e5de en praktisk k\u00f8repr\u00f8ve samt en teoripr\u00f8ve, der skal sikre, at du kan huske stoffet. For de fleste er selve den praktiske pr\u00f8ve ikke s\u00e6rlig problematisk, da de som reelt er rutinerede p\u00e5 vejene. Vi anbefaler dog alligevel en enkelt k\u00f8retur med k\u00f8rel\u00e6rer ved siden, for at f\u00e5 opfrisket de generelle tips, der kan v\u00e6re vigtige til k\u00f8repr\u00f8ven.<\/p><p>Teoripr\u00f8ven er oftest d\u00e9r, hvor det g\u00e5r galt for rutinerede bilister ved generhvervelse af k\u00f8rekort. Best\u00e5r man ikke teoripr\u00f8ven f\u00f8rste gang, vil politiet inddrage dit k\u00f8rekort med det samme. Med generhvervelse af k\u00f8rekort hos Kviktrafikskole s\u00f8rger vi for, at du bliver kl\u00e6dt godt p\u00e5 til teorien gennem teorikurser i \u00f8jenh\u00f8jde og med en masse materiale til r\u00e5dighed.<\/p><p>Vi har i mere end 12 \u00e5r udbudt k\u00f8rekort. Heraf har vi l\u00f8bende perfektioneret vores undervisning med tryghed, \u00e6rlighed og ikke mindst professionalisme i fokus. T\u00f8v ikke med at kontakte os i dag.<\/p><p>\u00a0<\/p><\/div><\/section><div class=\"av-special-heading av-kpxqaw2n-063316d3d1167d1966e8aedd9a41bd93 av-special-heading-h2 blockquote modern-quote avia-builder-el-12 el_after_av_textblock el_before_av_textblock \"><h3 class=\"av-special-heading-tag\">\u00c6rlig og professionel k\u00f8reskole<\/h3><\/div><section class=\"av_textblock_section av-kpxqd8qs-1ed417be666d4c96faa5a0f881970a7e \"><div class=\"avia_textblock\"><p>Fra vores k\u00f8reskole i K\u00f8benhavn har vi samlet en r\u00e6kke professionelle k\u00f8rel\u00e6rer, der bl.a. er dygtige til at hj\u00e6lpe med generhvervelse af k\u00f8rekort. Vi ved godt, at du allerede kender til det meste af stoffet. Derfor spilder vi ikke tid p\u00e5 at l\u00e6re dig om alt det, du i forvejen ved, men fors\u00f8ger i stedet at opfriske de us\u00e6dvanlige regler, man som bilist ikke bruger s\u00e6rlig ofte.<\/p><p>Vi l\u00e6gger ogs\u00e5 v\u00e6gt p\u00e5 komforten i vores k\u00f8reskole. Selvom du ikke skal igennem al teorien, \u00f8nsker vi alligevel, at du f\u00e5r en behagelig oplevelse. Derfor har vi valgt at investere i \u00e6gte biograf stole p\u00e5 vores k\u00f8reskole i K\u00f8benhavn.<\/p><\/div><\/section><div class=\"av-special-heading av-kpxqb8o9-79a47f0b2e1bbd849a765a0e200b6cc8 av-special-heading-h2 blockquote modern-quote avia-builder-el-14 el_after_av_textblock el_before_av_textblock \">\u00a0<\/div><\/div><\/div>\t\t\t\t\t\t\t\t<\/div>\n\t\t\t\t<\/div>\n\t\t<div class=\"elementor-element elementor-element-2ce55b8 e-con-full e-flex e-con e-child\" data-id=\"2ce55b8\" data-element_type=\"container\">\n\t\t\t\t<div class=\"elementor-element elementor-element-ff92fe6 at-image-animation at-animation-image-none at-none elementor-widget elementor-widget-image\" data-id=\"ff92fe6\" data-element_type=\"widget\" data-settings=\"{&quot;ekit_we_effect_on&quot;:&quot;none&quot;}\" data-widget_type=\"image.default\">\n\t\t\t\t\t\t\t\t\t\t\t\t\t\t\t<img fetchpriority=\"high\" decoding=\"async\" width=\"824\" height=\"1030\" src=\"https:\/\/bestseozone.com\/projects\/kviktrafikskole\/wp-content\/uploads\/2025\/08\/4335354534535.jpg\" class=\"attachment-full size-full wp-image-15074\" alt=\"\" srcset=\"https:\/\/bestseozone.com\/projects\/kviktrafikskole\/wp-content\/uploads\/2025\/08\/4335354534535.jpg 824w, https:\/\/bestseozone.com\/projects\/kviktrafikskole\/wp-content\/uploads\/2025\/08\/4335354534535-240x300.jpg 240w, https:\/\/bestseozone.com\/projects\/kviktrafikskole\/wp-content\/uploads\/2025\/08\/4335354534535-819x1024.jpg 819w, https:\/\/bestseozone.com\/projects\/kviktrafikskole\/wp-content\/uploads\/2025\/08\/4335354534535-768x960.jpg 768w\" sizes=\"(max-width: 824px) 100vw, 824px\" \/>\t\t\t\t\t\t\t\t\t\t\t\t\t\t\t<\/div>\n\t\t\t\t<\/div>\n\t\t\t\t\t<\/div>\n\t\t\t\t<\/div>\n\t\t<div class=\"elementor-element elementor-element-5ac8f15 e-flex e-con-boxed e-con e-parent\" data-id=\"5ac8f15\" data-element_type=\"container\">\n\t\t\t\t\t<div class=\"e-con-inner\">\n\t\t\t\t<div class=\"elementor-element elementor-element-ccafe4f elementor-widget elementor-widget-text-editor\" data-id=\"ccafe4f\" data-element_type=\"widget\" data-settings=\"{&quot;ekit_we_effect_on&quot;:&quot;none&quot;}\" data-widget_type=\"text-editor.default\">\n\t\t\t\t\t\t\t\t\t<div class=\"av-special-heading av-kpxqb8o9-79a47f0b2e1bbd849a765a0e200b6cc8 av-special-heading-h2 blockquote modern-quote avia-builder-el-14 el_after_av_textblock el_before_av_textblock \"><h3 class=\"av-special-heading-tag\">Ubegr\u00e6nsede teorikurser<\/h3><\/div><section class=\"av_textblock_section av-kpxqd0dm-100c063d2a4ed09b41187924bcc38a91 \"><div class=\"avia_textblock\"><p>Generhvervelse af k\u00f8rekort er i stor grad individuelt. Derfor er m\u00e6ngden af tid man skal bruge p\u00e5 at gennemg\u00e5 stoffet ogs\u00e5 meget varierende. Hos Kviktrafikskole giver vi dig fri r\u00e5dighed til at tage tingene i netop dit tempo.<\/p><p>Du f\u00e5r b\u00e5de ubegr\u00e6nset adgang til teorikurser inkl. materialer samt ubegr\u00e6nsede evaluerende teoripr\u00f8ver. S\u00e5 kan du blive ved med at \u00f8ve dig, indtil du f\u00f8ler dig helt klar til den reelle teoripr\u00f8ve.<\/p><\/div><\/section><div class=\"av-special-heading av-kpxqbqhh-0bf245061dc722645d2aa67f582bb5fe av-special-heading-h2 blockquote modern-quote avia-builder-el-16 el_after_av_textblock el_before_av_textblock \"><h3 class=\"av-special-heading-tag\">F\u00e5 en pris p\u00e5 generhvervelse af k\u00f8rekort hos os<\/h3><\/div><section class=\"av_textblock_section av-kpxqcn8l-703687850e94db359cd82436b40a8c0e \"><div class=\"avia_textblock\"><p>Hos Kviktrafikskole har vi altid super fair og gennemsigtige priser, og s\u00e6tter samtidigt fokus p\u00e5 at levere service af topkvalitet. Hvis du har yderligere sp\u00f8rgsm\u00e5l til os vedr\u00f8rende reglerne inden for fratagelse af k\u00f8rekort, k\u00f8rselsforbud el. lign., kan du altid tage fat i os.<\/p><p>Ring til os p\u00e5 tlf. <a href=\"tel:+4535355455\">35 35 54 55<\/a>, send en e-mail til <a href=\"mailto:mail@kviktrafikskole.dk\">mail@kviktrafikskole.dk<\/a> eller bruge <a href=\"https:\/\/www.kviktrafikskole.dk\/kontakt\/\" target=\"_blank\" rel=\"noopener\">kontaktformularen<\/a> hvis du \u00f8nsker at starte.<\/p><p>Vi ser frem til at hj\u00e6lpe dig tilbage p\u00e5 vejen igen!<\/p><\/div><\/section>\t\t\t\t\t\t\t\t<\/div>\n\t\t\t\t<div class=\"elementor-element elementor-element-d9e20cd elementor-widget elementor-widget-elementskit-creative-button\" data-id=\"d9e20cd\" data-element_type=\"widget\" data-settings=\"{&quot;ekit_we_effect_on&quot;:&quot;none&quot;}\" data-widget_type=\"elementskit-creative-button.default\">\n\t\t\t\t<div class=\"elementor-widget-container\">\n\t\t\t\t\t<div class=\"ekit-wid-con\" >\t\t<div class=\"ekit-btn-wraper\">\n\t\t\t\t\t\t\t\t<a href=\"#\" class=\"ekit_creative_button \" id=\"\" data-text=\"\">\n\n\t\t\t\t\t\t\t\t\t\t\t\t\t<i aria-hidden=\"true\" class=\"ekit_creative_button_icon_before far fa-arrow-alt-circle-right\"><\/i>\t\t\t\t\t\t\n\t\t\t\t\t\t<span class=\"ekit_creative_button_text\">Se priser for generhvervelse<\/span>\n\n\t\t\t\t\t\t\t\t\t\t\t\t\t\t\t\t\t<\/a>\n\t\t\t\t\t\t<\/div>\n        <\/div>\t\t\t\t<\/div>\n\t\t\t\t<\/div>\n\t\t\t\t\t<\/div>\n\t\t\t\t<\/div>\n\t\t\t\t<\/div>\n\t\t","protected":false},"excerpt":{"rendered":"<p>Generhvervelse af k\u00f8rekort Home Vi tilbyder generhvervelse af k\u00f8rekort [&hellip;]<\/p>\n","protected":false},"author":1,"featured_media":0,"parent":0,"menu_order":0,"comment_status":"closed","ping_status":"closed","template":"elementor_header_footer","meta":{"give_campaign_id":0,"footnotes":""},"class_list":["post-15067","page","type-page","status-publish","hentry"],"campaignId":"","_links":{"self":[{"href":"https:\/\/bestseozone.com\/projects\/kviktrafikskole\/wp-json\/wp\/v2\/pages\/15067","targetHints":{"allow":["GET"]}}],"collection":[{"href":"https:\/\/bestseozone.com\/projects\/kviktrafikskole\/wp-json\/wp\/v2\/pages"}],"about":[{"href":"https:\/\/bestseozone.com\/projects\/kviktrafikskole\/wp-json\/wp\/v2\/types\/page"}],"author":[{"embeddable":true,"href":"https:\/\/bestseozone.com\/projects\/kviktrafikskole\/wp-json\/wp\/v2\/users\/1"}],"replies":[{"embeddable":true,"href":"https:\/\/bestseozone.com\/projects\/kviktrafikskole\/wp-json\/wp\/v2\/comments?post=15067"}],"version-history":[{"count":22,"href":"https:\/\/bestseozone.com\/projects\/kviktrafikskole\/wp-json\/wp\/v2\/pages\/15067\/revisions"}],"predecessor-version":[{"id":15095,"href":"https:\/\/bestseozone.com\/projects\/kviktrafikskole\/wp-json\/wp\/v2\/pages\/15067\/revisions\/15095"}],"wp:attachment":[{"href":"https:\/\/bestseozone.com\/projects\/kviktrafikskole\/wp-json\/wp\/v2\/media?parent=15067"}],"curies":[{"name":"wp","href":"https:\/\/api.w.org\/{rel}","templated":true}]}}