{"id":15052,"date":"2025-08-18T14:06:59","date_gmt":"2025-08-18T14:06:59","guid":{"rendered":"https:\/\/bestseozone.com\/projects\/kviktrafikskole\/?page_id=15052"},"modified":"2025-08-18T14:18:06","modified_gmt":"2025-08-18T14:18:06","slug":"priser","status":"publish","type":"page","link":"https:\/\/bestseozone.com\/projects\/kviktrafikskole\/priser\/","title":{"rendered":"Priser"},"content":{"rendered":"\t\t<div data-elementor-type=\"wp-page\" data-elementor-id=\"15052\" class=\"elementor elementor-15052\">\n\t\t\t\t<div data-ekitparallax=\"{&quot;ekit_section_parallax_bg&quot;:&quot;yes&quot;,&quot;ekit_section_parallax_bg_speed&quot;:0.5,&quot;elementor_lazy_load&quot;:&quot;1&quot;}\" class=\"elementor-element elementor-element-9022493 page-hero-section e-flex e-con-boxed e-con e-parent\" data-id=\"9022493\" data-element_type=\"container\" data-settings=\"{&quot;background_background&quot;:&quot;classic&quot;}\">\n\t\t\t\t\t<div class=\"e-con-inner\">\n\t\t<div class=\"elementor-element elementor-element-cbc65e2 e-con-full e-flex e-con e-child\" data-id=\"cbc65e2\" data-element_type=\"container\">\n\t\t\t\t<div class=\"elementor-element elementor-element-67d0387 at-heading-animation at-animation-heading-style-2 elementor-widget elementor-widget-heading\" data-id=\"67d0387\" data-element_type=\"widget\" data-settings=\"{&quot;ekit_we_effect_on&quot;:&quot;none&quot;}\" data-widget_type=\"heading.default\">\n\t\t\t\t\t<h1 class=\"elementor-heading-title elementor-size-default\"><span> Priser <\/span><\/h1>\t\t\t\t<\/div>\n\t\t\t\t<div class=\"elementor-element elementor-element-18c9076 elementor-invisible elementor-widget elementor-widget-elementskit-breadcrumb\" data-id=\"18c9076\" data-element_type=\"widget\" data-settings=\"{&quot;_animation&quot;:&quot;fadeInUp&quot;,&quot;ekit_we_effect_on&quot;:&quot;none&quot;}\" data-widget_type=\"elementskit-breadcrumb.default\">\n\t\t\t\t<div class=\"elementor-widget-container\">\n\t\t\t\t\t<div class=\"ekit-wid-con\" ><ol class=\"ekit-breadcrumb\"><li class=\"ekit_breadcrumbs_start\"><a href=\"https:\/\/bestseozone.com\/projects\/kviktrafikskole\">Home<\/a><\/li><\/ol><\/div>\t\t\t\t<\/div>\n\t\t\t\t<\/div>\n\t\t\t\t<\/div>\n\t\t\t\t\t<\/div>\n\t\t\t\t<\/div>\n\t\t<div class=\"elementor-element elementor-element-5053bd3 e-flex e-con-boxed e-con e-parent\" data-id=\"5053bd3\" data-element_type=\"container\">\n\t\t\t\t\t<div class=\"e-con-inner\">\n\t\t\t\t<div class=\"elementor-element elementor-element-ae80eb3 elementor-widget elementor-widget-html\" data-id=\"ae80eb3\" data-element_type=\"widget\" data-settings=\"{&quot;ekit_we_effect_on&quot;:&quot;none&quot;}\" data-widget_type=\"html.default\">\n\t\t\t\t\t<center><h2>Priser almindelig bil<\/h2>\n<p>G\u00e6ldende fra 1. marts 2025<\/p>\n<\/center>\t\t\t\t<\/div>\n\t\t<div class=\"elementor-element elementor-element-7430c1f e-grid e-con-full e-con e-child\" data-id=\"7430c1f\" data-element_type=\"container\">\n\t\t\t\t<div class=\"elementor-element elementor-element-41c66f3 elementor-widget elementor-widget-html\" data-id=\"41c66f3\" data-element_type=\"widget\" data-settings=\"{&quot;ekit_we_effect_on&quot;:&quot;none&quot;}\" data-widget_type=\"html.default\">\n\t\t\t\t\t<style>\n    \n\t.pricing-table li {\n\tlist-style:none;\n\t}\n     .pricing-table .first-table-item  {\n  background-color: #4CABE6;\n  color: #ffffff;\n  text-align:center;\n  padding:20px;\n     }\n     \n   .pricing-table li.avia-pricing-row {\n        background-color: #3B9AD5;\n  color: #ffffff;\n  text-align:center;\n  padding:20px;\n  font-size:30px;\n   }\n   \n    .pricing-table > li:nth-child(2n+1) {\n       background: #ebebeb;\n   }\n   \n .avia_iconbox_title {\n  color: #ffffff;\n  background:#3B9AD5;\n  padding: 15px 30px 13px;\n  text-decoration:none;\n}\n\n\n.avia-button-wrap {\nbackground: #ebebeb;\n}\n\n\n.padd_1 {\npadding: 9px 12px;\ntext-align:center;\n}\n\n\n.avia-button {\n color: #ffffff;\n  background:#3B9AD5;\n  padding: 15px 30px 13px;\n  text-decoration:none;\n}\n\n.btm_link_button {\ntext-align:center;\nbackground:#EBEBEB;\npadding:30px;\n}\n\n.pricing-table strong {\n    font-size:40px;\n    line-height: 50px;\n}\n<\/style>\n\n<ul class=\"pricing-table \">\n\n<li class=\"avia-heading-row\"><div class=\"first-table-item\">Bil k\u00f8rekort<\/div><span class=\"pricing-extra\"><\/span><\/li>\n\n<li class=\"avia-pricing-row\">Alm. Lovpakke<br\/> <strong>11.999,-<\/strong><\/li>\n\n\n<li class=\"padd_1\">Ubegr\u00e6nset teoriundervisning til du best\u00e5r<\/li>\n<li class=\"padd_1\">4 Lektioner a 45 min. p\u00e5 man\u00f8vrebane<\/li>\n<li  class=\"padd_1\">16 k\u00f8relektioner a 45 min. p\u00e5 vej<\/li>\n<li  class=\"padd_1\">4 Lektioner a 45 min.p\u00e5 k\u00f8reteknisk anl\u00e6g<\/li>\n<li  class=\"padd_1\">Start med en ven, og f\u00e5 400 kr. i rabat hver.<\/li>\n<\/li>\n\n<li><div class=\"btm_link_button\"><a href=\"https:\/\/www.kviktrafikskole.dk\/tilmelding\/\" class=\"avia-button\">Tilmelding<\/a><\/div><\/li>\n\n<\/ul>\n\n\t\t\t\t<\/div>\n\t\t\t\t<div class=\"elementor-element elementor-element-ca6e9ad elementor-widget elementor-widget-html\" data-id=\"ca6e9ad\" data-element_type=\"widget\" data-settings=\"{&quot;ekit_we_effect_on&quot;:&quot;none&quot;}\" data-widget_type=\"html.default\">\n\t\t\t\t\t<ul class=\"pricing-table \">\n\n<li class=\"avia-heading-row\"><div class=\"first-table-item\">Lovpakke p\u00e5 afbetaling<\/div><span class=\"pricing-extra\"><\/span><\/li>\n\n<li class=\"avia-pricing-row\">Del betaling i 3 afdrag <br\/><strong>3\u00d74.000,-<\/strong><\/li>\n\n\n<li class=\"padd_1\">Ubegr\u00e6nset teoriundervisning til du best\u00e5r<\/li>\n<li class=\"padd_1\">4 Lektioner a 45 min. p\u00e5 man\u00f8vrebane<\/li>\n<li class=\"padd_1\">16 k\u00f8relektioner a 45 min. p\u00e5 vej<\/li>\n<li class=\"padd_1\">4 Lektioner a 45 min.p\u00e5 k\u00f8reteknisk anl\u00e6g<\/li>\n<li class=\"padd_1\">Start med en ven, og f\u00e5 400 kr. i rabat hver.<\/li>\n<\/li>\n\n<li><div class=\"btm_link_button\"><a href=\"https:\/\/www.kviktrafikskole.dk\/tilmelding\/\" class=\"avia-button\">Tilmelding<\/a><\/div><\/li>\n\n<\/ul>\t\t\t\t<\/div>\n\t\t\t\t<div class=\"elementor-element elementor-element-2191523 elementor-widget elementor-widget-html\" data-id=\"2191523\" data-element_type=\"widget\" data-settings=\"{&quot;ekit_we_effect_on&quot;:&quot;none&quot;}\" data-widget_type=\"html.default\">\n\t\t\t\t\t<ul class=\"pricing-table \">\n\n<li class=\"avia-heading-row\"><div class=\"first-table-item\">K\u00f8rekort lynkursus p\u00e5 ca. 4-6 uger<\/div><span class=\"pricing-extra\"><\/span><\/li>\n\n<li class=\"avia-pricing-row\">Lynk\u00f8rekort <br\/><strong>14.999,-<\/strong><\/li>\n\n\n\n\n\n<li class=\"padd_1\">Ubegr\u00e6nset teoriundervisning til du best\u00e5r<\/li><li class=\"padd_1\">4 Lektioner a 45 min. p\u00e5 man\u00f8vrebane<\/li><li class=\"padd_1\">16 k\u00f8relektioner a 45 min. p\u00e5 vej<\/li><li class=\"padd_1\">4 Lektioner a 45 min.p\u00e5 k\u00f8reteknisk anl\u00e6g<\/li><li class=\"padd_1\">Start med en ven, og f\u00e5 400 kr. i rabat hver.<\/li>\n\n<\/li>\n\n<li><div class=\"btm_link_button\"><a href=\"https:\/\/www.kviktrafikskole.dk\/tilmelding\/\" class=\"avia-button\">Tilmelding<\/a><\/div><\/li>\n\n<\/ul>\t\t\t\t<\/div>\n\t\t\t\t<\/div>\n\t\t\t\t\t<\/div>\n\t\t\t\t<\/div>\n\t\t<div class=\"elementor-element elementor-element-c12c354 e-flex e-con-boxed e-con e-parent\" data-id=\"c12c354\" data-element_type=\"container\" data-settings=\"{&quot;background_background&quot;:&quot;classic&quot;}\">\n\t\t\t\t\t<div class=\"e-con-inner\">\n\t\t<div class=\"elementor-element elementor-element-6faf952 e-con-full e-flex e-con e-child\" data-id=\"6faf952\" data-element_type=\"container\">\n\t\t\t\t<div class=\"elementor-element elementor-element-274d309 elementor-widget elementor-widget-html\" data-id=\"274d309\" data-element_type=\"widget\" data-settings=\"{&quot;ekit_we_effect_on&quot;:&quot;none&quot;}\" data-widget_type=\"html.default\">\n\t\t\t\t\t<style>\n  .av-catalogue-item {\n  text-decoration: none;\n  padding: 10px 5px;\n  display: block;\n  overflow: hidden;\n}\n\n.flex_column.av-kn3cvq-33f973a2f64fc555d0144225bf79accc  {\n  box-shadow: 0 0 10px 0 rgba(10,10,10,0.28);\n  border-radius: 0px 0px 0px 0px;\n  padding: 35px 35px 35px 35px;\n  background-color: #ffffff;\n}\n\n\n\n.av-catalogue-title {\n  padding-right: 60px;\n   color: #1d1d1b;\n}\n\n.av-catalogue-price {\n    color: #1d1d1b;\n}\n\n.av-catalogue-content {\n    color: #1d1d1b;\n    font-size: 14px !important;\n}\n\n.av-catalogue-price {\n  position: absolute;\n  right: 0;\n  top: 0;\n  font-size: 17px !important;\n}\n\n.av-catalogue-title-container {\n  position: relative;\n  font-size: 1.3em;\n  line-height: 1.4em;\n}\n\n.av-catalogue-list li {\n  list-style-type: none;\n  margin: 0;\n  border-bottom: 1px dashed;\n    border-bottom-color: #4CABE6;\n  padding: 0;\n  clear: both;\n}\n\n.av-catalogue-list {\n    padding-left:0px!important;\n}\n\n<\/style>\n\n<div class=\"flex_column av-kn3cvq-33f973a2f64fc555d0144225bf79accc av_one_half  avia-builder-el-45  el_before_av_one_half  avia-builder-el-first  first flex_column_table_cell av-equal-height-column av-align-top shadow-not-animated  \"><div class=\"av-special-heading av-iil5na-696e05fefe59591de6cf49a0354d162a av-special-heading-h2 blockquote modern-quote  avia-builder-el-46  el_before_av_catalogue  avia-builder-el-first  margin-top-0\"><h2 class=\"av-special-heading-tag\" itemprop=\"headline\">Lovpakken<\/h2><div class=\"av-subheading av-subheading_below\"><p>Hvad indeholder den?<\/p>\n<\/div><div class=\"special-heading-border\"><div class=\"special-heading-inner-border\"><\/div><\/div><\/div>\n<div class=\"av-catalogue-container av-gvto8m-d5edb8120b8489d8a8a28d5571b63661  avia-builder-el-47  el_after_av_heading  avia-builder-el-last  prisliste\"><ul class=\"av-catalogue-list\">\n<li><div class=\"av-catalogue-item av-fu307a-9d2f47d038642c00977b743ef010c6a7\"><div class=\"av-catalogue-item-inner\"><div class=\"av-catalogue-title-container\"><div class=\"av-catalogue-title\">Teoriundervisning<\/div><div class=\"av-catalogue-price\">kr. 3.490,-<\/div><\/div><div class=\"av-catalogue-content\">\nUbegr\u00e6nset teori max 1 \u00e5r:<br>\n<\/div><\/div><\/div><\/li>\n<li><div class=\"av-catalogue-item av-9wnyp2-3d260fedd2da0f2ee98d0fd594e5dc2c\"><div class=\"av-catalogue-item-inner\"><div class=\"av-catalogue-title-container\"><div class=\"av-catalogue-title\">K\u00f8relektioner<\/div><div class=\"av-catalogue-price\">kr. 500,-<\/div><\/div><div class=\"av-catalogue-content\">\n16 k\u00f8relektioner inkl. motorvejs- &amp; m\u00f8rkek\u00f8rsel (pr. lektion)<br>\n<\/div><\/div><\/div><\/li>\n<li><div class=\"av-catalogue-item av-cvg21i-78068e8b67ebdf65213b20cfd7453e39\"><div class=\"av-catalogue-item-inner\"><div class=\"av-catalogue-title-container\"><div class=\"av-catalogue-title\">Man\u00f8vrebane<\/div><div class=\"av-catalogue-price\">kr. 2.900,-<\/div><\/div><div class=\"av-catalogue-content\">\n4 lektioner a 45 min.<br>\n<\/div><\/div><\/div><\/li>\n<li><div class=\"av-catalogue-item av-aqzkja-5c062968b3bea149054676e72efdd2c6\"><div class=\"av-catalogue-item-inner\"><div class=\"av-catalogue-title-container\"><div class=\"av-catalogue-title\">Glatbane<\/div><div class=\"av-catalogue-price\">kr.  2.999,-<\/div><\/div><div class=\"av-catalogue-content\">\n4 lektioner a 45 min.<br>\n<\/div><\/div><\/div><\/li>\n<li><div class=\"av-catalogue-item av-5brbk6-c0f7125748accb5584245a4d1713baaf\"><div class=\"av-catalogue-item-inner\"><div class=\"av-catalogue-title-container\"><div class=\"av-catalogue-title\">Till\u00e6g<\/div><div class=\"av-catalogue-price\">kr. 3.000,-<\/div><\/div><div class=\"av-catalogue-content\">\nHvis du \u00f8nsker lynk\u00f8rekort<br>\n<\/div><\/div><\/div><\/li>\n<li><div class=\"av-catalogue-item av-42vg9i-1-066bb59fb73735c237f0120927920615\"><div class=\"av-catalogue-item-inner\"><div class=\"av-catalogue-title-container\"><div class=\"av-catalogue-title\">Till\u00e6g<\/div><div class=\"av-catalogue-price\">0,-<\/div><\/div><div class=\"av-catalogue-content\">\nTill\u00e6g hvis du \u00f8nsker automatgear k\u00f8rekort<br>\n<\/div><\/div><\/div><\/li>\n<li><div class=\"av-catalogue-item av-lhkpfgur-863f6ed9122f7754ce8c8b83b655ea19\"><div class=\"av-catalogue-item-inner\"><div class=\"av-catalogue-title-container\"><div class=\"av-catalogue-title\">Rabat<\/div><div class=\"av-catalogue-price\">-5.390,-<\/div><\/div><div class=\"av-catalogue-content\"><\/div><\/div><\/div><\/li>\n<li><div class=\"av-catalogue-item av-42vg9i-1-1-f9f9c012ab8074735153c6ef02ab5726\"><div class=\"av-catalogue-item-inner\"><div class=\"av-catalogue-title-container\"><div class=\"av-catalogue-title\">OBS<\/div><div class=\"av-catalogue-price\"><\/div><\/div><div class=\"av-catalogue-content\">\nLovpakken er gyldig i 1 \u00e5r. S\u00f8rg derfor for at fuldf\u00f8re dit forl\u00f8b, s\u00e5 du ikke skal betale p\u00e5 ny for det, du mangler i forl\u00f8bet.<br>\n<\/div><\/div><\/div><\/li>\n<li><div class=\"av-catalogue-item av-lhkpfgur-1-d05124c428273ed0a8a57cdc66abfbe3\"><div class=\"av-catalogue-item-inner\"><div class=\"av-catalogue-title-container\"><div class=\"av-catalogue-title\">Samlet pris<\/div><div class=\"av-catalogue-price\">11.999,-<\/div><\/div><div class=\"av-catalogue-content\">\nLovpakken<br>\n<\/div><\/div><\/div><\/li>\n<\/ul><\/div><\/div>\t\t\t\t<\/div>\n\t\t\t\t<\/div>\n\t\t<div class=\"elementor-element elementor-element-ccf6515 e-con-full e-flex e-con e-child\" data-id=\"ccf6515\" data-element_type=\"container\">\n\t\t\t\t<div class=\"elementor-element elementor-element-3b51393 elementor-widget elementor-widget-html\" data-id=\"3b51393\" data-element_type=\"widget\" data-settings=\"{&quot;ekit_we_effect_on&quot;:&quot;none&quot;}\" data-widget_type=\"html.default\">\n\t\t\t\t\t<div class=\"flex_column av-195jekm-c6faa84f0daf2cb147697b4924313013 av_one_half  avia-builder-el-48  el_after_av_one_half  avia-builder-el-last  margin-bottom-0 flex_column_table_cell av-equal-height-column av-align-top shadow-not-animated  \"><div class=\"av-special-heading av-18dho9i-629ef91adce4382b3cbec96d8b51ac50 av-special-heading-h2 blockquote modern-quote  avia-builder-el-49  el_before_av_catalogue  avia-builder-el-first  margin-top-0\"><h2 class=\"av-special-heading-tag\" itemprop=\"headline\">Ekstraomkostninger<\/h2><div class=\"av-subheading av-subheading_below\"><p>Obligatoriske \u00f8vrige, udover lovpakken<\/p>\n<\/div><div class=\"special-heading-border\"><div class=\"special-heading-inner-border\"><\/div><\/div><\/div>\n<div class=\"av-catalogue-container av-15toms6-6eb45f96b507a7eb8c22eda32a6e94d5  avia-builder-el-50  el_after_av_heading  avia-builder-el-last  prisliste\"><ul class=\"av-catalogue-list\">\n<li><div class=\"av-catalogue-item av-uscksm-b5c73cd6ddada5f7dd172f1275c4a6fd\"><div class=\"av-catalogue-item-inner\"><div class=\"av-catalogue-title-container\"><div class=\"av-catalogue-title\">Leje af bil til praktisk pr\u00f8ve i K\u00f8benhavn<\/div><div class=\"av-catalogue-price\">Fra 1.500,-<\/div><\/div><div class=\"av-catalogue-content\"><\/div><\/div><\/div><\/li>\n<li><div class=\"av-catalogue-item av-qbeojq-759b39da86a1f71a38f3a30e03950953\"><div class=\"av-catalogue-item-inner\"><div class=\"av-catalogue-title-container\"><div class=\"av-catalogue-title\">Online evaluerende pr\u00f8ver<\/div><div class=\"av-catalogue-price\"> kr. 299,-<\/div><\/div><div class=\"av-catalogue-content\">\nUbegr\u00e6nset teori tr\u00e6ning<br>\n<\/div><\/div><\/div><\/li>\n<li><div class=\"av-catalogue-item av-12tygl2-9944199da7c131da9a583975308e04a9\"><div class=\"av-catalogue-item-inner\"><div class=\"av-catalogue-title-container\"><div class=\"av-catalogue-title\">Pr\u00f8vegebyr til F\u00e6rdselsstyrelsen<\/div><div class=\"av-catalogue-price\">kr. 1200,-<\/div><\/div><div class=\"av-catalogue-content\">\nD\u00e6kker teori- &amp; praktisk k\u00f8repr\u00f8ve, via e-boks<br>\n<\/div><\/div><\/div><\/li>\n<li><div class=\"av-catalogue-item av-kyng2aan-7096626a4fa06aabccf2128198013dee\"><div class=\"av-catalogue-item-inner\"><div class=\"av-catalogue-title-container\"><div class=\"av-catalogue-title\">Tilmeldingsgebyr<\/div><div class=\"av-catalogue-price\">kr. 699,-<\/div><\/div><div class=\"av-catalogue-content\">\nGodkendelse af dokumenter, bestilling af baner, samt transport<br>\n<\/div><\/div><\/div><\/li>\n<li><div class=\"av-catalogue-item av-zlpsfq-84caa923466c07999a46571cc9ab7ef3\"><div class=\"av-catalogue-item-inner\"><div class=\"av-catalogue-title-container\"><div class=\"av-catalogue-title\">F\u00f8rstehj\u00e6lpskursus<\/div><div class=\"av-catalogue-price\">kr. 900,-<\/div><\/div><div class=\"av-catalogue-content\">\nObligatorisk f\u00e6rdselsrelateret f\u00f8rstehj\u00e6lp.<br>\n<\/div><\/div><\/div><\/li>\n<li><div class=\"av-catalogue-item av-14io8uu-d8944ff47fb358bd398c3dbded2656eb\"><div class=\"av-catalogue-item-inner\"><div class=\"av-catalogue-title-container\"><div class=\"av-catalogue-title\">L\u00e6geerkl\u00e6ring<\/div><div class=\"av-catalogue-price\">ca. kr. 400,-<\/div><\/div><div class=\"av-catalogue-content\">\nBetales til egen l\u00e6ge<br>\n<\/div><\/div><\/div><\/li>\n<li><div class=\"av-catalogue-item av-sfu3h2-15d4e703726b152a582cc96d2f3bf877\"><div class=\"av-catalogue-item-inner\"><div class=\"av-catalogue-title-container\"><div class=\"av-catalogue-title\">Ekstra k\u00f8relektioner<\/div><div class=\"av-catalogue-price\"> kr. 550,-<\/div><\/div><div class=\"av-catalogue-content\">\nEvt. Ekstra k\u00f8relektion 1x45min<br>\n<\/div><\/div><\/div><\/li>\n<li><div class=\"av-catalogue-item av-10twkye-466dbbd6a86637613659a3a7a8b07c32\"><div class=\"av-catalogue-item-inner\"><div class=\"av-catalogue-title-container\"><div class=\"av-catalogue-title\">Berammelsesgebyr <\/div><div class=\"av-catalogue-price\">kr. 200,-<\/div><\/div><div class=\"av-catalogue-content\">\nKun hvis der bestilles ny teori- eller k\u00f8repr\u00f8ve<br>\n<\/div><\/div><\/div><\/li>\n<\/ul><\/div><\/div>\t\t\t\t<\/div>\n\t\t\t\t<\/div>\n\t\t\t\t\t<\/div>\n\t\t\t\t<\/div>\n\t\t<div class=\"elementor-element elementor-element-65fb011 e-flex e-con-boxed e-con e-parent\" data-id=\"65fb011\" data-element_type=\"container\">\n\t\t\t\t\t<div class=\"e-con-inner\">\n\t\t\t\t<div class=\"elementor-element elementor-element-075d4fb elementor-widget elementor-widget-html\" data-id=\"075d4fb\" data-element_type=\"widget\" data-settings=\"{&quot;ekit_we_effect_on&quot;:&quot;none&quot;}\" data-widget_type=\"html.default\">\n\t\t\t\t\t<center><h3>Generhvervelse<\/h3>\n<p>Kontakt os for tilmelding til generhvervspakken eller k\u00f8rselsforbud\n<\/p>\n\n<div class=\"\"><a href=\"https:\/\/www.kviktrafikskole.dk\/tilmelding\/\" class=\"avia-button\">Tilmelding<\/a><\/div>\n<\/center>\t\t\t\t<\/div>\n\t\t<div class=\"elementor-element elementor-element-c9198ed e-con-full e-flex e-con e-child\" data-id=\"c9198ed\" data-element_type=\"container\">\n\t\t<div class=\"elementor-element elementor-element-c6a955a e-con-full e-flex e-con e-child\" data-id=\"c6a955a\" data-element_type=\"container\">\n\t\t\t\t<div class=\"elementor-element elementor-element-886abc9 elementor-widget elementor-widget-html\" data-id=\"886abc9\" data-element_type=\"widget\" data-settings=\"{&quot;ekit_we_effect_on&quot;:&quot;none&quot;}\" data-widget_type=\"html.default\">\n\t\t\t\t\t<ul class=\"pricing-table \"><li class=\"avia-heading-row\"><div class=\"first-table-item\">Generhvervspakke<\/div><span class=\"pricing-extra\"><\/span><\/li><li class=\"avia-pricing-row \"><strike><small>Normalpris 3.590,-<\/small><\/strike><br>\nOnlinepris <strong>2.495,-<\/strong><\/li><li class=\"padd_1\">Ubegr\u00e6nset teorikurser inkl. materialer<\/li><li class=\"padd_1\">Ubegr\u00e6nset evaluerende teoripr\u00f8ver \u2013 (teori til du er tilfreds og f\u00f8ler dig klar til teoripr\u00f8ven)<\/li><li class=\"padd_1\">2 k\u00f8relektioner a 45 min. p\u00e5 vej<\/li><li class=\"padd_1  empty-table-cell\"><span class=\"fallback-table-val\">Ingen till\u00e6g for m\u00f8rke eller motorvejsk\u00f8rsel<\/span><\/li><li class=\"avia-button-row\">\n<div class=\"btm_link_button\"><a href=\"https:\/\/www.kviktrafikskole.dk\/tilmelding\/\" class=\"avia-button\">Tilmelding<\/a><\/div>\n<\/li><\/ul>\t\t\t\t<\/div>\n\t\t\t\t<\/div>\n\t\t<div class=\"elementor-element elementor-element-dcae028 e-con-full e-flex e-con e-child\" data-id=\"dcae028\" data-element_type=\"container\">\n\t\t\t\t<div class=\"elementor-element elementor-element-12b4643 elementor-widget elementor-widget-html\" data-id=\"12b4643\" data-element_type=\"widget\" data-settings=\"{&quot;ekit_we_effect_on&quot;:&quot;none&quot;}\" data-widget_type=\"html.default\">\n\t\t\t\t\t<ul class=\"pricing-table \"><li class=\"avia-heading-row\"><div class=\"first-table-item\">K\u00f8rselsforbud<\/div><span class=\"pricing-extra\"><\/span><\/li><li class=\"avia-pricing-row\"><strike><small>Normalpris 6.690,-<\/small><\/strike><br>\nOnlinepris <strong>4.990,-<\/strong><\/li><li class=\"padd_1\">Ubegr\u00e6nset teorikurser inkl. materialer<\/li><li class=\"padd_1\">Ubegr\u00e6nset evaluerende teoripr\u00f8ver<\/li><li class=\"padd_1\">8 k\u00f8relektioner p\u00e5 vejen a 45 min.<\/li><li class=\"padd_1\">Ingen till\u00e6g for m\u00f8rke eller motorvejsk\u00f8rsel<\/li><li class=\"avia-button-row\"><div class=\"btm_link_button\"><a href=\"https:\/\/www.kviktrafikskole.dk\/tilmelding\/\" class=\"avia-button\">Tilmelding<\/a><\/div><\/li><\/ul>\n\t\t\t\t<\/div>\n\t\t\t\t<\/div>\n\t\t\t\t<\/div>\n\t\t\t\t\t<\/div>\n\t\t\t\t<\/div>\n\t\t<div class=\"elementor-element elementor-element-835568e e-flex e-con-boxed e-con e-parent\" data-id=\"835568e\" data-element_type=\"container\" data-settings=\"{&quot;background_background&quot;:&quot;classic&quot;}\">\n\t\t\t\t\t<div class=\"e-con-inner\">\n\t\t\t\t<div class=\"elementor-element elementor-element-d8163d2 elementor-widget__width-inherit elementor-widget elementor-widget-html\" data-id=\"d8163d2\" data-element_type=\"widget\" data-settings=\"{&quot;ekit_we_effect_on&quot;:&quot;none&quot;}\" data-widget_type=\"html.default\">\n\t\t\t\t\t<div class=\"flex_column av-qtlk3-bd9edeee20586bdf0283afb77891d74f av_one_full  avia-builder-el-30  avia-builder-el-no-sibling  margin-bottom-0 first av-break-at-tablet flex_column_table_cell av-equal-height-column av-align-top shadow-not-animated  \"><div class=\"av-special-heading av-kpqlni4t-b6bb2f9aea0d80101da9024f8ad510d2 av-special-heading-h2 blockquote modern-quote  avia-builder-el-31  el_before_av_catalogue  avia-builder-el-first  margin-top-0\"><h2 class=\"av-special-heading-tag\" itemprop=\"headline\">Ekstraomkostninger<\/h2><div class=\"av-subheading av-subheading_below\"><p>og obligatoriske \u00f8vrige, udover generhvervelse<\/p>\n<\/div><div class=\"special-heading-border\"><div class=\"special-heading-inner-border\"><\/div><\/div><\/div>\n<div class=\"av-catalogue-container av-kpqlocb0-72aed78c3b9811dbbe03c90a9e959b93  avia-builder-el-32  el_after_av_heading  avia-builder-el-last  prisliste\"><ul class=\"av-catalogue-list\">\n<li><div class=\"av-catalogue-item av-kpqlnt7w-0ba16c3b8ae6caaaa06f19f68e67621c\"><div class=\"av-catalogue-item-inner\"><div class=\"av-catalogue-title-container\"><div class=\"av-catalogue-title\">Pr\u00f8vegebyr til F\u00e6rdselsstyrelsen<\/div><div class=\"av-catalogue-price\">kr. 1210,-<\/div><\/div><div class=\"av-catalogue-content\">\nD\u00e6kker teori- &amp; praktisk k\u00f8repr\u00f8ve for generhververe via e-Boks.<br>\n<\/div><\/div><\/div><\/li>\n<li><div class=\"av-catalogue-item av-m1nqr-7ef3af3b60a64b24544fc8add2cf185d\"><div class=\"av-catalogue-item-inner\"><div class=\"av-catalogue-title-container\"><div class=\"av-catalogue-title\">Adm. gebyr:<\/div><div class=\"av-catalogue-price\">kr. 200,-<\/div><\/div><div class=\"av-catalogue-content\">\nBerammelses gebyr pr. pr\u00f8ve<br>\n<\/div><\/div><\/div><\/li>\n<li><div class=\"av-catalogue-item av-gt02r-9ca0a5808ecd515b92c95a961029c0cc\"><div class=\"av-catalogue-item-inner\"><div class=\"av-catalogue-title-container\"><div class=\"av-catalogue-title\">Leje af bil til praktisk pr\u00f8ve i K\u00f8benhavn<\/div><div class=\"av-catalogue-price\">Fra 1.500,-<\/div><\/div><div class=\"av-catalogue-content\">\n<div class=\"av-catalogue-item av-uscksm-2e5f165155647b00b88b018d73ab38a2\">\n<div class=\"av-catalogue-item-inner\">\n<div class=\"av-catalogue-content\"><\/div>\n<\/div>\n<\/div>\n<\/div><\/div><\/div><\/li>\n<li><div class=\"av-catalogue-item av-a5jpf-ef528d4aa834907774512cfe1d58291e\"><div class=\"av-catalogue-item-inner\"><div class=\"av-catalogue-title-container\"><div class=\"av-catalogue-title\">Ekstra k\u00f8relektioner<\/div><div class=\"av-catalogue-price\">Fra 500,-<\/div><\/div><div class=\"av-catalogue-content\">\nEvt. Ekstra k\u00f8relektion 1x45min<br>\n<\/div><\/div><\/div><\/li>\n<\/ul><\/div><\/div>\t\t\t\t<\/div>\n\t\t\t\t\t<\/div>\n\t\t\t\t<\/div>\n\t\t\t\t<\/div>\n\t\t","protected":false},"excerpt":{"rendered":"<p>Priser Home Priser almindelig bil G\u00e6ldende fra 1. marts [&hellip;]<\/p>\n","protected":false},"author":1,"featured_media":0,"parent":0,"menu_order":0,"comment_status":"closed","ping_status":"closed","template":"elementor_header_footer","meta":{"give_campaign_id":0,"footnotes":""},"class_list":["post-15052","page","type-page","status-publish","hentry"],"campaignId":"","_links":{"self":[{"href":"https:\/\/bestseozone.com\/projects\/kviktrafikskole\/wp-json\/wp\/v2\/pages\/15052","targetHints":{"allow":["GET"]}}],"collection":[{"href":"https:\/\/bestseozone.com\/projects\/kviktrafikskole\/wp-json\/wp\/v2\/pages"}],"about":[{"href":"https:\/\/bestseozone.com\/projects\/kviktrafikskole\/wp-json\/wp\/v2\/types\/page"}],"author":[{"embeddable":true,"href":"https:\/\/bestseozone.com\/projects\/kviktrafikskole\/wp-json\/wp\/v2\/users\/1"}],"replies":[{"embeddable":true,"href":"https:\/\/bestseozone.com\/projects\/kviktrafikskole\/wp-json\/wp\/v2\/comments?post=15052"}],"version-history":[{"count":13,"href":"https:\/\/bestseozone.com\/projects\/kviktrafikskole\/wp-json\/wp\/v2\/pages\/15052\/revisions"}],"predecessor-version":[{"id":15066,"href":"https:\/\/bestseozone.com\/projects\/kviktrafikskole\/wp-json\/wp\/v2\/pages\/15052\/revisions\/15066"}],"wp:attachment":[{"href":"https:\/\/bestseozone.com\/projects\/kviktrafikskole\/wp-json\/wp\/v2\/media?parent=15052"}],"curies":[{"name":"wp","href":"https:\/\/api.w.org\/{rel}","templated":true}]}}