{"id":15043,"date":"2025-08-18T14:02:59","date_gmt":"2025-08-18T14:02:59","guid":{"rendered":"https:\/\/bestseozone.com\/projects\/kviktrafikskole\/?page_id=15043"},"modified":"2025-08-19T20:57:13","modified_gmt":"2025-08-19T20:57:13","slug":"korekort-kobenhavn","status":"publish","type":"page","link":"https:\/\/bestseozone.com\/projects\/kviktrafikskole\/korekort-kobenhavn\/","title":{"rendered":"K\u00f8rekort K\u00f8benhavn"},"content":{"rendered":"\t\t<div data-elementor-type=\"wp-page\" data-elementor-id=\"15043\" class=\"elementor elementor-15043\">\n\t\t\t\t<div data-ekitparallax=\"{&quot;ekit_section_parallax_bg&quot;:&quot;yes&quot;,&quot;ekit_section_parallax_bg_speed&quot;:0.5,&quot;elementor_lazy_load&quot;:&quot;1&quot;}\" class=\"elementor-element elementor-element-9022493 page-hero-section e-flex e-con-boxed e-con e-parent\" data-id=\"9022493\" data-element_type=\"container\" data-settings=\"{&quot;background_background&quot;:&quot;classic&quot;}\">\n\t\t\t\t\t<div class=\"e-con-inner\">\n\t\t<div class=\"elementor-element elementor-element-cbc65e2 e-con-full e-flex e-con e-child\" data-id=\"cbc65e2\" data-element_type=\"container\">\n\t\t\t\t<div class=\"elementor-element elementor-element-67d0387 at-heading-animation at-animation-heading-style-2 elementor-widget elementor-widget-heading\" data-id=\"67d0387\" data-element_type=\"widget\" data-settings=\"{&quot;ekit_we_effect_on&quot;:&quot;none&quot;}\" data-widget_type=\"heading.default\">\n\t\t\t\t\t<h1 class=\"elementor-heading-title elementor-size-default\"><span> K\u00f8rekort <\/span> K\u00f8benhavn  <\/h1>\t\t\t\t<\/div>\n\t\t\t\t<div class=\"elementor-element elementor-element-18c9076 elementor-invisible elementor-widget elementor-widget-elementskit-breadcrumb\" data-id=\"18c9076\" data-element_type=\"widget\" data-settings=\"{&quot;_animation&quot;:&quot;fadeInUp&quot;,&quot;ekit_we_effect_on&quot;:&quot;none&quot;}\" data-widget_type=\"elementskit-breadcrumb.default\">\n\t\t\t\t<div class=\"elementor-widget-container\">\n\t\t\t\t\t<div class=\"ekit-wid-con\" ><ol class=\"ekit-breadcrumb\"><li class=\"ekit_breadcrumbs_start\"><a href=\"https:\/\/bestseozone.com\/projects\/kviktrafikskole\">Home<\/a><\/li><\/ol><\/div>\t\t\t\t<\/div>\n\t\t\t\t<\/div>\n\t\t\t\t<\/div>\n\t\t\t\t\t<\/div>\n\t\t\t\t<\/div>\n\t\t<div class=\"elementor-element elementor-element-8146864 e-flex e-con-boxed e-con e-parent\" data-id=\"8146864\" data-element_type=\"container\">\n\t\t\t\t\t<div class=\"e-con-inner\">\n\t\t<div class=\"elementor-element elementor-element-0881504 e-con-full e-flex e-con e-child\" data-id=\"0881504\" data-element_type=\"container\">\n\t\t\t\t<div class=\"elementor-element elementor-element-79bd07d my_css_h2 elementor-widget elementor-widget-text-editor\" data-id=\"79bd07d\" data-element_type=\"widget\" data-settings=\"{&quot;ekit_we_effect_on&quot;:&quot;none&quot;}\" data-widget_type=\"text-editor.default\">\n\t\t\t\t\t\t\t\t\t<div class=\"flex_column av-4o3plu-4e960893b30c96328f62d0ed3f67281c av_one_half avia-builder-el-11 el_before_av_one_half avia-builder-el-first first av-break-at-tablet flex_column_table_cell av-equal-height-column av-align-top av-zero-column-padding \"><div class=\"flex_column av-4o3plu-4e960893b30c96328f62d0ed3f67281c av_one_half avia-builder-el-11 el_before_av_one_half avia-builder-el-first first av-break-at-tablet flex_column_table_cell av-equal-height-column av-align-top av-zero-column-padding \"><div class=\"av-special-heading av-kpnu3prj-f2f377663138c8d7517818e0fcf7a921 av-special-heading-h2 blockquote modern-quote  avia-builder-el-10  el_before_av_textblock  avia-builder-el-first  margin-top-0\"><h2 class=\"av-special-heading-tag\">K\u00f8rekort K\u00f8benhavn<\/h2><\/div><section class=\"av_textblock_section av-kpnu3uq6-5d4f579997af10ff20b74db51ef9036e \"><div class=\"avia_textblock\"><p>Hos Kviktrafikskole i K\u00f8benhavn hj\u00e6lper vi dig med hurtigt at erhverve dit nye k\u00f8rekort. Vi g\u00e5r op i grundig teoriundervisning og praktisk undervisning for at sikre at vi uddanner dygtige og sikre bilister.<\/p><p>N\u00e5r du skal erhverve k\u00f8rekort, g\u00e5r vi op i at sikre at du som elev er klar til at g\u00e5 op til pr\u00f8verne. Som resultat af dette har vi en af Stork\u00f8benhavns h\u00f8jeste best\u00e5elsesprocenter. S\u00e5 du kan roligt v\u00e6lge os n\u00e5r du skal tage dit k\u00f8rekort.<\/p><\/div><\/section><div class=\"av-special-heading av-eb49l5-8838fd2361ede58e348cdba4ca8d8e6a av-special-heading-h2 blockquote modern-quote  avia-builder-el-12  el_after_av_textblock  el_before_av_textblock \"><h2 class=\"av-special-heading-tag\">Kvalitets undervisere<\/h2><\/div><section class=\"av_textblock_section av-c0way1-4ea39ceb1f8b71d5896f6c2c0025dd77 \"><div class=\"avia_textblock\"><p>For at sikre at du kan blive en dygtig bilist n\u00e5r du skal tage k\u00f8rekort i K\u00f8benhavn hos os har vi kun de dygtigste undervisere. Derfor tager vores undervisere l\u00f8bende til efteruddannelse og kurser. P\u00e5 den m\u00e5de sikrer vi undervisning der altid er oppe i tiden.<\/p><p>N\u00e5r du tager dit k\u00f8rekort hos os kan vi hj\u00e6lpe med at finde l\u00e6rer der passer til dine l\u00e6ringsbehov. Vi har nemlig b\u00e5de kvindelige og mandlige l\u00e6rere som k\u00f8rer i en blanding af store og sm\u00e5 biler.<\/p><\/div><\/section><div class=\"av-special-heading av-kpnu3yu6-632eeb7baad22fb5a300be6eba351bf4 av-special-heading-h2 blockquote modern-quote  avia-builder-el-14  el_after_av_textblock  el_before_av_textblock \"><h2 class=\"av-special-heading-tag\">Attraktive priser ved k\u00f8rekort<\/h2><\/div><section class=\"av_textblock_section av-kpnu430x-279a3264ad9774b8ca0a559c8a75294b \"><div class=\"avia_textblock\"><p>N\u00e5r du skal have k\u00f8rekort hos os vil du altid blive m\u00f8dt af attraktive priser uden at vi g\u00e5r p\u00e5 kompromis med vores undervisning. Undervisningen foreg\u00e5r i et lokale i centralt i K\u00f8benhavn t\u00e6t p\u00e5 offentlig transport.<\/p><p>Kontakt os p\u00e5 telefon <a href=\"tel:35355455\">35 35 54 55<\/a> eller mail <a href=\"mailto:mail@kviktrafikskole.dk\">mail@kviktrafikskole.dk<\/a> for at h\u00f8re mere om dine muligheder for at erhverve et k\u00f8rekort i K\u00f8benhavn.<\/p><\/div><\/section><\/div><\/div>\t\t\t\t\t\t\t\t<\/div>\n\t\t\t\t<\/div>\n\t\t<div class=\"elementor-element elementor-element-64ec374 e-con-full e-flex e-con e-child\" data-id=\"64ec374\" data-element_type=\"container\">\n\t\t\t\t<div class=\"elementor-element elementor-element-2dcbbf5 at-image-animation at-animation-image-none at-none elementor-widget elementor-widget-image\" data-id=\"2dcbbf5\" data-element_type=\"widget\" data-settings=\"{&quot;ekit_we_effect_on&quot;:&quot;none&quot;}\" data-widget_type=\"image.default\">\n\t\t\t\t\t\t\t\t\t\t\t\t\t\t\t<img fetchpriority=\"high\" decoding=\"async\" width=\"824\" height=\"1030\" src=\"https:\/\/bestseozone.com\/projects\/kviktrafikskole\/wp-content\/uploads\/2025\/08\/4335354534535.jpg\" class=\"attachment-full size-full wp-image-15074\" alt=\"\" srcset=\"https:\/\/bestseozone.com\/projects\/kviktrafikskole\/wp-content\/uploads\/2025\/08\/4335354534535.jpg 824w, https:\/\/bestseozone.com\/projects\/kviktrafikskole\/wp-content\/uploads\/2025\/08\/4335354534535-240x300.jpg 240w, https:\/\/bestseozone.com\/projects\/kviktrafikskole\/wp-content\/uploads\/2025\/08\/4335354534535-819x1024.jpg 819w, https:\/\/bestseozone.com\/projects\/kviktrafikskole\/wp-content\/uploads\/2025\/08\/4335354534535-768x960.jpg 768w\" sizes=\"(max-width: 824px) 100vw, 824px\" \/>\t\t\t\t\t\t\t\t\t\t\t\t\t\t\t<\/div>\n\t\t\t\t<\/div>\n\t\t\t\t\t<\/div>\n\t\t\t\t<\/div>\n\t\t<div class=\"elementor-element elementor-element-f5f1eee e-flex e-con-boxed e-con e-parent\" data-id=\"f5f1eee\" data-element_type=\"container\">\n\t\t\t\t\t<div class=\"e-con-inner\">\n\t\t<div class=\"elementor-element elementor-element-20ce92a e-con-full e-flex e-con e-child\" data-id=\"20ce92a\" data-element_type=\"container\">\n\t\t\t\t<\/div>\n\t\t\t\t\t<\/div>\n\t\t\t\t<\/div>\n\t\t\t\t<\/div>\n\t\t","protected":false},"excerpt":{"rendered":"<p>K\u00f8rekort K\u00f8benhavn Home K\u00f8rekort K\u00f8benhavn Hos Kviktrafikskole i K\u00f8benhavn [&hellip;]<\/p>\n","protected":false},"author":1,"featured_media":0,"parent":0,"menu_order":0,"comment_status":"closed","ping_status":"closed","template":"elementor_header_footer","meta":{"give_campaign_id":0,"footnotes":""},"class_list":["post-15043","page","type-page","status-publish","hentry"],"campaignId":"","_links":{"self":[{"href":"https:\/\/bestseozone.com\/projects\/kviktrafikskole\/wp-json\/wp\/v2\/pages\/15043","targetHints":{"allow":["GET"]}}],"collection":[{"href":"https:\/\/bestseozone.com\/projects\/kviktrafikskole\/wp-json\/wp\/v2\/pages"}],"about":[{"href":"https:\/\/bestseozone.com\/projects\/kviktrafikskole\/wp-json\/wp\/v2\/types\/page"}],"author":[{"embeddable":true,"href":"https:\/\/bestseozone.com\/projects\/kviktrafikskole\/wp-json\/wp\/v2\/users\/1"}],"replies":[{"embeddable":true,"href":"https:\/\/bestseozone.com\/projects\/kviktrafikskole\/wp-json\/wp\/v2\/comments?post=15043"}],"version-history":[{"count":13,"href":"https:\/\/bestseozone.com\/projects\/kviktrafikskole\/wp-json\/wp\/v2\/pages\/15043\/revisions"}],"predecessor-version":[{"id":15460,"href":"https:\/\/bestseozone.com\/projects\/kviktrafikskole\/wp-json\/wp\/v2\/pages\/15043\/revisions\/15460"}],"wp:attachment":[{"href":"https:\/\/bestseozone.com\/projects\/kviktrafikskole\/wp-json\/wp\/v2\/media?parent=15043"}],"curies":[{"name":"wp","href":"https:\/\/api.w.org\/{rel}","templated":true}]}}